{"id":35282,"date":"2025-10-28T11:51:32","date_gmt":"2025-10-28T10:51:32","guid":{"rendered":"https:\/\/zlatyrakytnik.sk\/?post_type=product&#038;p=35282"},"modified":"2026-01-09T11:19:32","modified_gmt":"2026-01-09T10:19:32","slug":"bylinkovy-sirup","status":"publish","type":"product","link":"https:\/\/zlatyrakytnik.sk\/hu\/termek\/bylinkovy-sirup\/","title":{"rendered":"Bylinkov\u00fd sirup"},"content":{"rendered":"<p><strong>Zlo\u017eenie:<\/strong> bylinkov\u00fd extrakt (voda, tymi\u00e1n, materina d\u00fa\u0161ka, medovka, kyselina citr\u00f3nov\u00e1), cukor. Pe\u013eov\u00e9 \u010dastice z kvetov s\u00fa prirodzenou a pr\u00edrodnou s\u00fa\u010das\u0165ou bylinkov\u00e9ho sirupu. Skladujte pri teplote do 26\u00b0C. Nevystavujte na priame slnko. Po otvoren\u00ed skladujte pri teplote do 8\u00b0C a spotrebujte do 30 dn\u00ed. Osvie\u017euj\u00faci vo\u0148av\u00fd sirup do limon\u00e1d a koktejlov. <strong>Na zdravie!<\/strong><\/p><p>Vyroben\u00e9 na Slovensku, PD Tvrdo\u0161ovce.<\/p><figure class=\"wp-block-table\"><table class=\"has-fixed-layout\"><tbody><tr><td colspan=\"5\"><strong>V\u00fd\u017eivov\u00e9 hodnoty v 100ml:<\/strong><\/td><\/tr><tr><td colspan=\"4\">Energetick\u00e1 hodnota<\/td><td>205 kJ \/ 858 kcal<\/td><\/tr><tr><td colspan=\"4\">Tuky<\/td><td>&lt; 0,1 g<\/td><\/tr><tr><td colspan=\"4\">z toho nas\u00fdten\u00e9 mastn\u00e9 kyseliny<\/td><td>&lt; 0,1 g<\/td><\/tr><tr><td colspan=\"4\">Sacharidy<\/td><td>51,3 g<\/td><\/tr><tr><td colspan=\"4\">z toho cukry<\/td><td>51,1 g<\/td><\/tr><tr><td colspan=\"4\">Bielkoviny<\/td><td>&lt; 0,1 g<\/td><\/tr><tr><td colspan=\"4\">So\u013e<\/td><td>0,01 g<\/td><\/tr><\/tbody><\/table><\/figure>","protected":false},"excerpt":{"rendered":"<p><b>Bylinkov\u00fd sirup \u2013 Materina d\u00fa\u0161ka, Tymi\u00e1n a Medovka<\/b> Ten najchutnej\u0161\u00ed sirup je ten pr\u00edrodn\u00fd. Macerovan\u00fd z \u010derstv\u00fdch slovensk\u00fdch ekologicky pestovan\u00fdch byliniek. Presne tak\u00e9 s\u00fa bylinkov\u00e9 sirupy z Tvrdo\u0161oviec. Ide\u00e1lny pomer riedenia 1:9.<\/p>","protected":false},"featured_media":35283,"comment_status":"closed","ping_status":"closed","template":"","meta":[],"product_brand":[277],"product_cat":[252],"product_tag":[191],"giftcard-category":[],"class_list":{"0":"post-35282","1":"product","2":"type-product","3":"status-publish","4":"has-post-thumbnail","6":"product_brand-tvrdosovske-zlato","7":"product_cat-ovocne-sirupy","8":"product_tag-tvrdosovske-zlato","10":"first","11":"instock","12":"taxable","13":"shipping-taxable","14":"purchasable","15":"product-type-simple"},"_links":{"self":[{"href":"https:\/\/zlatyrakytnik.sk\/hu\/wp-json\/wp\/v2\/product\/35282","targetHints":{"allow":["GET"]}}],"collection":[{"href":"https:\/\/zlatyrakytnik.sk\/hu\/wp-json\/wp\/v2\/product"}],"about":[{"href":"https:\/\/zlatyrakytnik.sk\/hu\/wp-json\/wp\/v2\/types\/product"}],"replies":[{"embeddable":true,"href":"https:\/\/zlatyrakytnik.sk\/hu\/wp-json\/wp\/v2\/comments?post=35282"}],"wp:featuredmedia":[{"embeddable":true,"href":"https:\/\/zlatyrakytnik.sk\/hu\/wp-json\/wp\/v2\/media\/35283"}],"wp:attachment":[{"href":"https:\/\/zlatyrakytnik.sk\/hu\/wp-json\/wp\/v2\/media?parent=35282"}],"wp:term":[{"taxonomy":"product_brand","embeddable":true,"href":"https:\/\/zlatyrakytnik.sk\/hu\/wp-json\/wp\/v2\/product_brand?post=35282"},{"taxonomy":"product_cat","embeddable":true,"href":"https:\/\/zlatyrakytnik.sk\/hu\/wp-json\/wp\/v2\/product_cat?post=35282"},{"taxonomy":"product_tag","embeddable":true,"href":"https:\/\/zlatyrakytnik.sk\/hu\/wp-json\/wp\/v2\/product_tag?post=35282"},{"taxonomy":"giftcard-category","embeddable":true,"href":"https:\/\/zlatyrakytnik.sk\/hu\/wp-json\/wp\/v2\/giftcard-category?post=35282"}],"curies":[{"name":"wp","href":"https:\/\/api.w.org\/{rel}","templated":true}]}}