{"id":35296,"date":"2025-10-31T09:18:55","date_gmt":"2025-10-31T08:18:55","guid":{"rendered":"https:\/\/zlatyrakytnik.sk\/?post_type=product&#038;p=35296"},"modified":"2026-01-26T15:24:14","modified_gmt":"2026-01-26T14:24:14","slug":"creamy-pistachio","status":"publish","type":"product","link":"https:\/\/zlatyrakytnik.sk\/hu\/termek\/creamy-pistachio\/","title":{"rendered":"Lyra \u2013 Creamy Pistachio 80g"},"content":{"rendered":"<h2 class=\"wp-block-heading\">Zlo\u017eenie<\/h2><p>biela \u010dokol\u00e1da (65 %) (cukor, kakaov\u00e9 maslo, plnotu\u010dn\u00e9 su\u0161en\u00e9&nbsp;<strong>mlieko<\/strong>, emulg\u00e1tor:&nbsp;<strong>s\u00f3jov\u00fd<\/strong>&nbsp;lecit\u00edn, vanilkov\u00fd extrakt),&nbsp;<strong>pist\u00e1ciov\u00e1<\/strong>&nbsp;n\u00e1pl\u0148 (35%) (cukor, rastlinn\u00fd olej z palmov\u00fdch jadier,&nbsp;<strong>pist\u00e1cie<\/strong>&nbsp;(17 %),&nbsp;<strong>mandle<\/strong>, rastlinn\u00fd slne\u010dnicov\u00fd olej, rastlinn\u00fd kokosov\u00fd tuk, emulg\u00e1tor:&nbsp;<strong>s\u00f3jov\u00fd<\/strong>&nbsp;lecit\u00edn, pr\u00edrodn\u00e9 ar\u00f3my, extrakt zo \u017eih\u013eavy, farbivo betakarot\u00e9n).&nbsp;<br>M\u00f4\u017ee obsahova\u0165: in\u00e9 druhy orechov.<\/p><hr class=\"wp-block-separator has-alpha-channel-opacity\" \/><h2 class=\"wp-block-heading\">V\u00fd\u017eivov\u00e9 \u00fadaje na 100 g<\/h2><figure class=\"wp-block-table\"><table class=\"has-fixed-layout\"><tbody><tr><td>Energia<\/td><td>2407 kJ \/ 575 kcal<\/td><\/tr><tr><td>Tuky<\/td><td>38 g<\/td><\/tr><tr><td><em>z toho nas\u00fdten\u00e9 mastn\u00e9 kyseliny<\/em><\/td><td>21 g<\/td><\/tr><tr><td>Sacharidy<\/td><td>52 g<\/td><\/tr><tr><td><em>z toho cukry<\/em><\/td><td>51 g<\/td><\/tr><tr><td>Vl\u00e1knina<\/td><td>1,3 g<\/td><\/tr><tr><td>Bielkoviny<\/td><td>6,6 g<\/td><\/tr><tr><td>So\u013e<\/td><td>0,14 g<\/td><\/tr><\/tbody><\/table><\/figure>","protected":false},"excerpt":{"rendered":"<p>Biela \u010dokol\u00e1da s pist\u00e1ciovou n\u00e1pl\u0148ou. U\u0161\u013eachtil\u00e9 spojenie t\u00fdch najchutnej\u0161\u00edch pist\u00e1ci\u00ed s bielou \u010dokol\u00e1dou.<\/p>","protected":false},"featured_media":35297,"comment_status":"closed","ping_status":"closed","template":"","meta":[],"product_brand":[448],"product_cat":[259,419],"product_tag":[],"giftcard-category":[],"class_list":{"0":"post-35296","1":"product","2":"type-product","3":"status-publish","4":"has-post-thumbnail","6":"product_brand-lyra","7":"product_cat-snacky-slane-sladke","8":"product_cat-lyra","10":"first","11":"instock","12":"taxable","13":"shipping-taxable","14":"purchasable","15":"product-type-simple"},"_links":{"self":[{"href":"https:\/\/zlatyrakytnik.sk\/hu\/wp-json\/wp\/v2\/product\/35296","targetHints":{"allow":["GET"]}}],"collection":[{"href":"https:\/\/zlatyrakytnik.sk\/hu\/wp-json\/wp\/v2\/product"}],"about":[{"href":"https:\/\/zlatyrakytnik.sk\/hu\/wp-json\/wp\/v2\/types\/product"}],"replies":[{"embeddable":true,"href":"https:\/\/zlatyrakytnik.sk\/hu\/wp-json\/wp\/v2\/comments?post=35296"}],"wp:featuredmedia":[{"embeddable":true,"href":"https:\/\/zlatyrakytnik.sk\/hu\/wp-json\/wp\/v2\/media\/35297"}],"wp:attachment":[{"href":"https:\/\/zlatyrakytnik.sk\/hu\/wp-json\/wp\/v2\/media?parent=35296"}],"wp:term":[{"taxonomy":"product_brand","embeddable":true,"href":"https:\/\/zlatyrakytnik.sk\/hu\/wp-json\/wp\/v2\/product_brand?post=35296"},{"taxonomy":"product_cat","embeddable":true,"href":"https:\/\/zlatyrakytnik.sk\/hu\/wp-json\/wp\/v2\/product_cat?post=35296"},{"taxonomy":"product_tag","embeddable":true,"href":"https:\/\/zlatyrakytnik.sk\/hu\/wp-json\/wp\/v2\/product_tag?post=35296"},{"taxonomy":"giftcard-category","embeddable":true,"href":"https:\/\/zlatyrakytnik.sk\/hu\/wp-json\/wp\/v2\/giftcard-category?post=35296"}],"curies":[{"name":"wp","href":"https:\/\/api.w.org\/{rel}","templated":true}]}}