{"id":35300,"date":"2025-10-31T09:40:17","date_gmt":"2025-10-31T08:40:17","guid":{"rendered":"https:\/\/zlatyrakytnik.sk\/?post_type=product&#038;p=35300"},"modified":"2026-01-26T15:24:14","modified_gmt":"2026-01-26T14:24:14","slug":"cokolada-na-varenie-mliecna-50","status":"publish","type":"product","link":"https:\/\/zlatyrakytnik.sk\/hu\/termek\/cokolada-na-varenie-mliecna-50\/","title":{"rendered":"Lyra \u2013 \u010cOKOL\u00c1DA na varenie mlie\u010dna 50%"},"content":{"rendered":"<h2 class=\"wp-block-heading\">Zlo\u017eenie<\/h2><p>Kakaov\u00e1 hmota, trstinov\u00fd cukor, su\u0161en\u00e9&nbsp;<strong>mlieko<\/strong>.&nbsp;<br>Obsah kakaovej su\u0161iny najmenej 50%. Kakaov\u00e9 b\u00f4by Fino de Aroma. Bez pridan\u00fdch rastlinn\u00fdch tukov a emulg\u00e1torov. M\u00f4\u017ee obsahova\u0165: s\u00f3ja, orechy.&nbsp;<\/p><hr class=\"wp-block-separator has-alpha-channel-opacity\"\/><h2 class=\"wp-block-heading\"><strong>V\u00fd\u017eivov\u00e9 \u00fadaje<\/strong>&nbsp;na 100 g<\/h2><figure class=\"wp-block-table\"><table class=\"has-fixed-layout\"><tbody><tr><td>Energia<\/td><td>2550 kJ\/ 609 kcal<\/td><\/tr><tr><td>Tuky<\/td><td>47 g<\/td><\/tr><tr><td><em>z toho nas\u00fdten\u00e9 mastn\u00e9 kyseliny<\/em><\/td><td>28 g<\/td><\/tr><tr><td>Sacharidy<\/td><td>41 g<\/td><\/tr><tr><td><em>z toho cukry<\/em><\/td><td>27 g<\/td><\/tr><tr><td>Vl\u00e1knina<\/td><td>3 g<\/td><\/tr><tr><td>Bielkoviny<\/td><td>8 g<\/td><\/tr><tr><td>So\u013e<\/td><td>&lt;0,01 g<\/td><\/tr><\/tbody><\/table><\/figure>","protected":false},"excerpt":{"rendered":"<p>Vysokokvalitn\u00e1 mlie\u010dna \u010dokol\u00e1da na varenie. Vyroben\u00e1 z t\u00fdch najkvalitnej\u0161\u00edch kakaov\u00fdch b\u00f4bov criollo a trinitario z Ju\u017enej Ameriky. Ako jedna z m\u00e1la \u010dokol\u00e1d neobsahuje s\u00f3jov\u00fd lecit\u00edn. Zv\u00fd\u0161en\u00fd obsah kakaovej su\u0161iny pod\u010diarkuje kvalitu tejto lahodnej mlie\u010dnej \u010dokol\u00e1dy. Nech sa aj pre V\u00e1s stane varenie \u010dokol\u00e1dov\u00fdm z\u00e1\u017eitkom.<\/p>","protected":false},"featured_media":35301,"comment_status":"closed","ping_status":"closed","template":"","meta":[],"product_brand":[448],"product_cat":[259,419],"product_tag":[],"giftcard-category":[],"class_list":{"0":"post-35300","1":"product","2":"type-product","3":"status-publish","4":"has-post-thumbnail","6":"product_brand-lyra","7":"product_cat-snacky-slane-sladke","8":"product_cat-lyra","10":"first","11":"instock","12":"taxable","13":"shipping-taxable","14":"purchasable","15":"product-type-simple"},"_links":{"self":[{"href":"https:\/\/zlatyrakytnik.sk\/hu\/wp-json\/wp\/v2\/product\/35300","targetHints":{"allow":["GET"]}}],"collection":[{"href":"https:\/\/zlatyrakytnik.sk\/hu\/wp-json\/wp\/v2\/product"}],"about":[{"href":"https:\/\/zlatyrakytnik.sk\/hu\/wp-json\/wp\/v2\/types\/product"}],"replies":[{"embeddable":true,"href":"https:\/\/zlatyrakytnik.sk\/hu\/wp-json\/wp\/v2\/comments?post=35300"}],"wp:featuredmedia":[{"embeddable":true,"href":"https:\/\/zlatyrakytnik.sk\/hu\/wp-json\/wp\/v2\/media\/35301"}],"wp:attachment":[{"href":"https:\/\/zlatyrakytnik.sk\/hu\/wp-json\/wp\/v2\/media?parent=35300"}],"wp:term":[{"taxonomy":"product_brand","embeddable":true,"href":"https:\/\/zlatyrakytnik.sk\/hu\/wp-json\/wp\/v2\/product_brand?post=35300"},{"taxonomy":"product_cat","embeddable":true,"href":"https:\/\/zlatyrakytnik.sk\/hu\/wp-json\/wp\/v2\/product_cat?post=35300"},{"taxonomy":"product_tag","embeddable":true,"href":"https:\/\/zlatyrakytnik.sk\/hu\/wp-json\/wp\/v2\/product_tag?post=35300"},{"taxonomy":"giftcard-category","embeddable":true,"href":"https:\/\/zlatyrakytnik.sk\/hu\/wp-json\/wp\/v2\/giftcard-category?post=35300"}],"curies":[{"name":"wp","href":"https:\/\/api.w.org\/{rel}","templated":true}]}}