{"id":35304,"date":"2025-10-31T10:03:32","date_gmt":"2025-10-31T09:03:32","guid":{"rendered":"https:\/\/zlatyrakytnik.sk\/?post_type=product&#038;p=35304"},"modified":"2026-01-26T15:24:13","modified_gmt":"2026-01-26T14:24:13","slug":"vianoce-milk-srdce-s-posypom-65-g","status":"publish","type":"product","link":"https:\/\/zlatyrakytnik.sk\/hu\/termek\/vianoce-milk-srdce-s-posypom-65-g\/","title":{"rendered":"Lyra \u2013 Vianoce milk srdce s posypom 65 g"},"content":{"rendered":"<h2 class=\"wp-block-heading\"><strong>Zlo\u017eenie<\/strong><\/h2><p>Mlie\u010dna \u010dokol\u00e1da (99 %) (cukor, kakaov\u00e9 maslo, plnotu\u010dn\u00e9 su\u0161en\u00e9&nbsp;<strong>mlieko<\/strong>, kakaov\u00e1 hmota, emulg\u00e1tor:&nbsp;<strong>s\u00f3jov\u00fd<\/strong>lecit\u00edn, pr\u00edrodn\u00e1 vanilkov\u00e1 ar\u00f3ma); posyp lyofilizovan\u00e1 malina (1 %).&nbsp;<\/p><p>Obsah kakaovej su\u0161iny v \u010dokol\u00e1de najmenej 33 %. M\u00f4\u017ee obsahova\u0165: orechy.<\/p><hr class=\"wp-block-separator has-alpha-channel-opacity\"\/><h2 class=\"wp-block-heading\"><strong>V\u00fd\u017eivov\u00e9 \u00fadaje na 100 g<\/strong><\/h2><figure class=\"wp-block-table\"><table class=\"has-fixed-layout\"><tbody><tr><td>Energia<\/td><td>2344 kJ\/ 560 kcal<\/td><\/tr><tr><td>Tuky<\/td><td>36 g<\/td><\/tr><tr><td><em>z toho nas\u00fdten\u00e9 mastn\u00e9 kyseliny<\/em><\/td><td>22 g<\/td><\/tr><tr><td>Sacharidy<\/td><td>51 g<\/td><\/tr><tr><td><em>z toho cukry<\/em><\/td><td>51 g<\/td><\/tr><tr><td>Vl\u00e1knina<\/td><td>2,4 g<\/td><\/tr><tr><td>Bielkoviny<\/td><td>7 g<\/td><\/tr><tr><td>So\u013e<\/td><td>0,2 g<\/td><\/tr><\/tbody><\/table><\/figure>","protected":false},"excerpt":{"rendered":"<p>Mlie\u010dna \u010dokol\u00e1da s posypom lyofilizovan\u00e9 maliny, zabalen\u00e1 do dizajnu viano\u010dnej zasne\u017eenej krajinky.<\/p>","protected":false},"featured_media":35305,"comment_status":"closed","ping_status":"closed","template":"","meta":[],"product_brand":[448],"product_cat":[259,419],"product_tag":[],"giftcard-category":[],"class_list":{"0":"post-35304","1":"product","2":"type-product","3":"status-publish","4":"has-post-thumbnail","6":"product_brand-lyra","7":"product_cat-snacky-slane-sladke","8":"product_cat-lyra","10":"first","11":"instock","12":"taxable","13":"shipping-taxable","14":"purchasable","15":"product-type-simple"},"_links":{"self":[{"href":"https:\/\/zlatyrakytnik.sk\/hu\/wp-json\/wp\/v2\/product\/35304","targetHints":{"allow":["GET"]}}],"collection":[{"href":"https:\/\/zlatyrakytnik.sk\/hu\/wp-json\/wp\/v2\/product"}],"about":[{"href":"https:\/\/zlatyrakytnik.sk\/hu\/wp-json\/wp\/v2\/types\/product"}],"replies":[{"embeddable":true,"href":"https:\/\/zlatyrakytnik.sk\/hu\/wp-json\/wp\/v2\/comments?post=35304"}],"wp:featuredmedia":[{"embeddable":true,"href":"https:\/\/zlatyrakytnik.sk\/hu\/wp-json\/wp\/v2\/media\/35305"}],"wp:attachment":[{"href":"https:\/\/zlatyrakytnik.sk\/hu\/wp-json\/wp\/v2\/media?parent=35304"}],"wp:term":[{"taxonomy":"product_brand","embeddable":true,"href":"https:\/\/zlatyrakytnik.sk\/hu\/wp-json\/wp\/v2\/product_brand?post=35304"},{"taxonomy":"product_cat","embeddable":true,"href":"https:\/\/zlatyrakytnik.sk\/hu\/wp-json\/wp\/v2\/product_cat?post=35304"},{"taxonomy":"product_tag","embeddable":true,"href":"https:\/\/zlatyrakytnik.sk\/hu\/wp-json\/wp\/v2\/product_tag?post=35304"},{"taxonomy":"giftcard-category","embeddable":true,"href":"https:\/\/zlatyrakytnik.sk\/hu\/wp-json\/wp\/v2\/giftcard-category?post=35304"}],"curies":[{"name":"wp","href":"https:\/\/api.w.org\/{rel}","templated":true}]}}