{"id":35306,"date":"2025-10-31T10:06:36","date_gmt":"2025-10-31T09:06:36","guid":{"rendered":"https:\/\/zlatyrakytnik.sk\/?post_type=product&#038;p=35306"},"modified":"2026-01-26T15:24:13","modified_gmt":"2026-01-26T14:24:13","slug":"creamy-gingerbread","status":"publish","type":"product","link":"https:\/\/zlatyrakytnik.sk\/hu\/termek\/creamy-gingerbread\/","title":{"rendered":"Lyra \u2013 Creamy Gingerbread 80g"},"content":{"rendered":"<h2 class=\"wp-block-heading\"><strong>Zlo\u017eenie<\/strong><\/h2><p>Mlie\u010dna \u010dokol\u00e1da (65 %) (kakaov\u00e9 maslo, cukor, su\u0161en\u00e9 plnotu\u010dn\u00e9&nbsp;<strong>mlieko<\/strong>, kakaov\u00e1 hmota), mlie\u010dna n\u00e1pl\u0148 s pern\u00edkov\u00fdm koren\u00edm (35 %) (cukor, rastlinn\u00fd kokosov\u00fd olej, odtu\u010dnen\u00e9 su\u0161en\u00e9&nbsp;<strong>mlieko<\/strong>, rastlinn\u00fd slne\u010dnicov\u00fd olej, pern\u00edkov\u00e9 korenie (fenikel mlet\u00fd, \u0161korica mlet\u00e1, an\u00edz mlet\u00fd, koriander mlet\u00fd, pomaran\u010dov\u00e1 k\u00f4ra, klin\u010dek mlet\u00fd, nov\u00e9 korenie mlet\u00e9, mu\u0161k\u00e1tov\u00fd orech mlet\u00fd, badi\u00e1n mlet\u00fd, mu\u0161k\u00e1tov\u00fd kvet mlet\u00fd), rastlinn\u00e9 tuky (illipe maslo, bambuck\u00e9 maslo), emulg\u00e1tor:&nbsp;<strong>s\u00f3jov\u00fd<\/strong>&nbsp;lecit\u00edn, vanilkov\u00fd extrakt (0,6 %), pr\u00edrodn\u00e9&nbsp; ar\u00f3my).<\/p><p>Obsah kakaovej su\u0161iny v \u010dokol\u00e1de najmenej 50 %. M\u00f4\u017ee obsahova\u0165: orechy.<\/p><hr class=\"wp-block-separator has-alpha-channel-opacity\" \/><h2 class=\"wp-block-heading\"><strong>V\u00fd\u017eivov\u00e9 \u00fadaje na 100 g<\/strong><\/h2><figure class=\"wp-block-table\"><table class=\"has-fixed-layout\"><tbody><tr><td>Energia<\/td><td>2414 kJ\/ 604 kcal<\/td><\/tr><tr><td>Tuky<\/td><td>45 g<\/td><\/tr><tr><td><em>z toho nas\u00fdten\u00e9 mastn\u00e9 kyseliny<\/em><\/td><td>28 g<\/td><\/tr><tr><td>Sacharidy<\/td><td>43 g<\/td><\/tr><tr><td><em>z toho cukry<\/em><\/td><td>39 g<\/td><\/tr><tr><td>Vl\u00e1knina<\/td><td>2,3 g<\/td><\/tr><tr><td>Bielkoviny<\/td><td>7,7 g<\/td><\/tr><tr><td>So\u013e<\/td><td>0,2 g<\/td><\/tr><\/tbody><\/table><\/figure>","protected":false},"excerpt":{"rendered":"<p>Mlie\u010dna \u010dokol\u00e1da s pern\u00edkovou n\u00e1pl\u0148ou 80g. Vychutnajte si \u010daro Vianoc s na\u0161ou viano\u010dnou \u010dokol\u00e1dou z ed\u00edcie Creamy. Mlie\u010dna \u010dokol\u00e1da ukr\u00fdva jemn\u00fa mlie\u010dnu n\u00e1pl\u0148 s pern\u00edkov\u00fdm koren\u00edm, \u010do navod\u00ed t\u00fa prav\u00fa sviato\u010dn\u00fa atmosf\u00e9ru. Navy\u0161e, z obalu sa na v\u00e1s bude usmieva\u0165 rozko\u0161n\u00fd viano\u010dn\u00fd pern\u00ed\u010dek :).<\/p>","protected":false},"featured_media":35307,"comment_status":"closed","ping_status":"closed","template":"","meta":[],"product_brand":[448],"product_cat":[259,419],"product_tag":[],"giftcard-category":[],"class_list":{"0":"post-35306","1":"product","2":"type-product","3":"status-publish","4":"has-post-thumbnail","6":"product_brand-lyra","7":"product_cat-snacky-slane-sladke","8":"product_cat-lyra","10":"first","11":"instock","12":"taxable","13":"shipping-taxable","14":"purchasable","15":"product-type-simple"},"_links":{"self":[{"href":"https:\/\/zlatyrakytnik.sk\/hu\/wp-json\/wp\/v2\/product\/35306","targetHints":{"allow":["GET"]}}],"collection":[{"href":"https:\/\/zlatyrakytnik.sk\/hu\/wp-json\/wp\/v2\/product"}],"about":[{"href":"https:\/\/zlatyrakytnik.sk\/hu\/wp-json\/wp\/v2\/types\/product"}],"replies":[{"embeddable":true,"href":"https:\/\/zlatyrakytnik.sk\/hu\/wp-json\/wp\/v2\/comments?post=35306"}],"wp:featuredmedia":[{"embeddable":true,"href":"https:\/\/zlatyrakytnik.sk\/hu\/wp-json\/wp\/v2\/media\/35307"}],"wp:attachment":[{"href":"https:\/\/zlatyrakytnik.sk\/hu\/wp-json\/wp\/v2\/media?parent=35306"}],"wp:term":[{"taxonomy":"product_brand","embeddable":true,"href":"https:\/\/zlatyrakytnik.sk\/hu\/wp-json\/wp\/v2\/product_brand?post=35306"},{"taxonomy":"product_cat","embeddable":true,"href":"https:\/\/zlatyrakytnik.sk\/hu\/wp-json\/wp\/v2\/product_cat?post=35306"},{"taxonomy":"product_tag","embeddable":true,"href":"https:\/\/zlatyrakytnik.sk\/hu\/wp-json\/wp\/v2\/product_tag?post=35306"},{"taxonomy":"giftcard-category","embeddable":true,"href":"https:\/\/zlatyrakytnik.sk\/hu\/wp-json\/wp\/v2\/giftcard-category?post=35306"}],"curies":[{"name":"wp","href":"https:\/\/api.w.org\/{rel}","templated":true}]}}