{"id":35308,"date":"2025-10-31T10:12:40","date_gmt":"2025-10-31T09:12:40","guid":{"rendered":"https:\/\/zlatyrakytnik.sk\/?post_type=product&#038;p=35308"},"modified":"2026-01-26T15:24:13","modified_gmt":"2026-01-26T14:24:13","slug":"grand-mandala-tubus","status":"publish","type":"product","link":"https:\/\/zlatyrakytnik.sk\/hu\/termek\/grand-mandala-tubus\/","title":{"rendered":"Lyra \u2013 Grand Mandala tubus"},"content":{"rendered":"<h2 class=\"wp-block-heading\"><strong>Zlo\u017eenie<\/strong><\/h2><p>Hork\u00e1 \u010dokol\u00e1da (25 %) (kakaov\u00e1 hmota, cukor, kakaov\u00e9 maslo, vanilkov\u00fd extrakt), mlie\u010dna \u010dokol\u00e1da (37,5 %) (kakaov\u00e9 maslo, cukor, su\u0161en\u00e9 plnotu\u010dn\u00e9&nbsp;<strong>mlieko<\/strong>, kakaov\u00e1 hmota), biela \u010dokol\u00e1da (37,5 %) (cukor, kakaov\u00e9 maslo, plnotu\u010dn\u00e9 su\u0161en\u00e9&nbsp;<strong>mlieko<\/strong>, emulg\u00e1tor:&nbsp;<strong>s\u00f3jov\u00fd<\/strong>&nbsp;lecit\u00edn, vanilkov\u00e1 pr\u00edrodn\u00e1 ar\u00f3ma); posyp (29 %) (<strong>pekanov\u00e9 orechy<\/strong>&nbsp;(4,1 %), pra\u017een\u00e9&nbsp;<strong>lieskov\u00e9 orie\u0161ky<\/strong>&nbsp;(8,3 %), pra\u017een\u00e9&nbsp;<strong>mandle<\/strong>&nbsp;(8,3 %), su\u0161en\u00e9 hrozienka (8,3 %)).&nbsp;<\/p><p>Kakaov\u00e1 su\u0161ina v horkej \u010dokol\u00e1de najmenej 70 %. Kakaov\u00e1 su\u0161ina v mlie\u010dnej \u010dokol\u00e1de najmenej 50 %. Kakaov\u00e9 b\u00f4by Fino de Aroma. M\u00f4\u017ee obsahova\u0165: in\u00e9 druhy orechov.<\/p><hr class=\"wp-block-separator has-alpha-channel-opacity\"\/><h2 class=\"wp-block-heading\"><strong>V\u00fd\u017eivov\u00e9 \u00fadaje na 100 g<\/strong><\/h2><figure class=\"wp-block-table\"><table class=\"has-fixed-layout\"><tbody><tr><td>Energia<\/td><td>2413 kJ\/ 565 kcal<\/td><\/tr><tr><td>Tuky<\/td><td>40 g<\/td><\/tr><tr><td><em>z toho nas\u00fdten\u00e9 mastn\u00e9 kyseliny<\/em><\/td><td>18 g<\/td><\/tr><tr><td>Sacharidy<\/td><td>43 g<\/td><\/tr><tr><td><em>z toho cukry<\/em><\/td><td>36 g<\/td><\/tr><tr><td>Vl\u00e1knina<\/td><td>4,9 g<\/td><\/tr><tr><td>Bielkoviny<\/td><td>8,9 g<\/td><\/tr><tr><td>So\u013e<\/td><td>0,1<strong>&nbsp;<\/strong>g<\/td><\/tr><\/tbody><\/table><\/figure>","protected":false},"excerpt":{"rendered":"<p>Zmes \u010dokol\u00e1d (hork\u00e1, mlie\u010dna, biela) s posypom &#8211; pekanov\u00e9 orechy, lieskov\u00e9 orie\u0161ky, mandle a hrozienka.<span style=\"display: inline-block; width: 0px; overflow: hidden; line-height: 0;\" data-mce-type=\"bookmark\" class=\"mce_SELRES_start\"><\/span><\/p>","protected":false},"featured_media":35309,"comment_status":"closed","ping_status":"closed","template":"","meta":[],"product_brand":[448],"product_cat":[259,419],"product_tag":[],"giftcard-category":[],"class_list":{"0":"post-35308","1":"product","2":"type-product","3":"status-publish","4":"has-post-thumbnail","6":"product_brand-lyra","7":"product_cat-snacky-slane-sladke","8":"product_cat-lyra","10":"first","11":"instock","12":"taxable","13":"shipping-taxable","14":"purchasable","15":"product-type-simple"},"_links":{"self":[{"href":"https:\/\/zlatyrakytnik.sk\/hu\/wp-json\/wp\/v2\/product\/35308","targetHints":{"allow":["GET"]}}],"collection":[{"href":"https:\/\/zlatyrakytnik.sk\/hu\/wp-json\/wp\/v2\/product"}],"about":[{"href":"https:\/\/zlatyrakytnik.sk\/hu\/wp-json\/wp\/v2\/types\/product"}],"replies":[{"embeddable":true,"href":"https:\/\/zlatyrakytnik.sk\/hu\/wp-json\/wp\/v2\/comments?post=35308"}],"wp:featuredmedia":[{"embeddable":true,"href":"https:\/\/zlatyrakytnik.sk\/hu\/wp-json\/wp\/v2\/media\/35309"}],"wp:attachment":[{"href":"https:\/\/zlatyrakytnik.sk\/hu\/wp-json\/wp\/v2\/media?parent=35308"}],"wp:term":[{"taxonomy":"product_brand","embeddable":true,"href":"https:\/\/zlatyrakytnik.sk\/hu\/wp-json\/wp\/v2\/product_brand?post=35308"},{"taxonomy":"product_cat","embeddable":true,"href":"https:\/\/zlatyrakytnik.sk\/hu\/wp-json\/wp\/v2\/product_cat?post=35308"},{"taxonomy":"product_tag","embeddable":true,"href":"https:\/\/zlatyrakytnik.sk\/hu\/wp-json\/wp\/v2\/product_tag?post=35308"},{"taxonomy":"giftcard-category","embeddable":true,"href":"https:\/\/zlatyrakytnik.sk\/hu\/wp-json\/wp\/v2\/giftcard-category?post=35308"}],"curies":[{"name":"wp","href":"https:\/\/api.w.org\/{rel}","templated":true}]}}