{"id":35373,"date":"2025-11-04T13:14:03","date_gmt":"2025-11-04T12:14:03","guid":{"rendered":"https:\/\/zlatyrakytnik.sk\/?post_type=product&#038;p=35373"},"modified":"2025-12-01T00:00:47","modified_gmt":"2025-11-30T23:00:47","slug":"100-jablkova-stava-granny-smith","status":"publish","type":"product","link":"https:\/\/zlatyrakytnik.sk\/hu\/termek\/100-jablkova-stava-granny-smith\/","title":{"rendered":"100% jablkov\u00e1 \u0161\u0165ava Granny Smith"},"content":{"rendered":"<p>Granny Smith \u2013 svetlozelen\u00e9, svie\u017ee jablko typicky kyslastej chuti s&nbsp;n\u00edzkym obsahom cukru je skvel\u00fdm v\u00fd\u017eivov\u00fdm doplnkom stravy nielen pre diabetikov. \u0160\u0165ava priamo z&nbsp;lisovania jab\u013ak Granny Smith za studena. \u0160etrne pasterizovan\u00e1 pre zachovanie si pr\u00edrodnej chuti \u010derstvej \u0161\u0165avy a&nbsp;prirodzen\u00e9ho obsahu zdraviu prospe\u0161n\u00fdch l\u00e1tok.<\/p><p>Len ovocie! Nie je z&nbsp;koncentr\u00e1tu. \u017diadna pridan\u00e1 voda!<\/p><p>Zabalen\u00e1 v&nbsp;praktickom bag in box balen\u00ed, z&nbsp;ktor\u00e9ho si m\u00f4\u017eete \u0161\u0165avu \u010dapova\u0165 bez pr\u00edstupu vzduchu aj 2 mesiace po otvoren\u00ed.<\/p><p>Na zdravie!<\/p><p>Zlo\u017eenie: 100% Granny Smith jablkov\u00e1 \u0161\u0165ava, \u0161etrne pasterizovan\u00e1. Slovensk\u00fd v\u00fdrobok.<\/p><figure class=\"wp-block-table\"><table class=\"has-fixed-layout\"><tbody><tr><td colspan=\"5\"><strong>V\u00fd\u017eivov\u00e9 hodnoty v 100ml:<\/strong><\/td><\/tr><tr><td colspan=\"4\">Energetick\u00e1 hodnota<\/td><td>40 kcal \/ 167 kJ<\/td><\/tr><tr><td colspan=\"4\">Tuky<\/td><td>0,05 g<\/td><\/tr><tr><td colspan=\"4\">z toho nas\u00fdten\u00e9 mastn\u00e9 kyseliny<\/td><td>0,0 g<\/td><\/tr><tr><td colspan=\"4\">Sacharidy<\/td><td>9,3 g<\/td><\/tr><tr><td colspan=\"4\">z toho cukry<\/td><td>8,8 g<\/td><\/tr><tr><td colspan=\"4\">Vl\u00e1knina<\/td><td>0,4 g<\/td><\/tr><tr><td colspan=\"4\">Bielkoviny<\/td><td>0,2 g<\/td><\/tr><tr><td colspan=\"4\">So\u013e<\/td><td>0,0 g<\/td><\/tr><\/tbody><\/table><\/figure><p><\/p>","protected":false},"excerpt":{"rendered":"<p>Granny Smith \u2013 svetlozelen\u00e9, svie\u017ee jablko typicky kyslastej chuti s\u00a0n\u00edzkym obsahom cukru je skvel\u00fdm v\u00fd\u017eivov\u00fdm doplnkom stravy nielen pre diabetikov. \u0160\u0165ava priamo z\u00a0lisovania jab\u013ak Granny Smith za studena. \u0160etrne pasterizovan\u00e1 pre zachovanie si pr\u00edrodnej chuti \u010derstvej \u0161\u0165avy a\u00a0prirodzen\u00e9ho obsahu zdraviu prospe\u0161n\u00fdch l\u00e1tok.<\/p>","protected":false},"featured_media":35370,"comment_status":"closed","ping_status":"closed","template":"","meta":[],"product_brand":[277],"product_cat":[243,244],"product_tag":[191],"giftcard-category":[],"class_list":{"0":"post-35373","1":"product","2":"type-product","3":"status-publish","4":"has-post-thumbnail","6":"product_brand-tvrdosovske-zlato","7":"product_cat-prirodne-ovocne-stavy","8":"product_cat-jablko","9":"product_tag-tvrdosovske-zlato","11":"first","12":"instock","13":"taxable","14":"shipping-taxable","15":"purchasable","16":"product-type-simple"},"_links":{"self":[{"href":"https:\/\/zlatyrakytnik.sk\/hu\/wp-json\/wp\/v2\/product\/35373","targetHints":{"allow":["GET"]}}],"collection":[{"href":"https:\/\/zlatyrakytnik.sk\/hu\/wp-json\/wp\/v2\/product"}],"about":[{"href":"https:\/\/zlatyrakytnik.sk\/hu\/wp-json\/wp\/v2\/types\/product"}],"replies":[{"embeddable":true,"href":"https:\/\/zlatyrakytnik.sk\/hu\/wp-json\/wp\/v2\/comments?post=35373"}],"wp:featuredmedia":[{"embeddable":true,"href":"https:\/\/zlatyrakytnik.sk\/hu\/wp-json\/wp\/v2\/media\/35370"}],"wp:attachment":[{"href":"https:\/\/zlatyrakytnik.sk\/hu\/wp-json\/wp\/v2\/media?parent=35373"}],"wp:term":[{"taxonomy":"product_brand","embeddable":true,"href":"https:\/\/zlatyrakytnik.sk\/hu\/wp-json\/wp\/v2\/product_brand?post=35373"},{"taxonomy":"product_cat","embeddable":true,"href":"https:\/\/zlatyrakytnik.sk\/hu\/wp-json\/wp\/v2\/product_cat?post=35373"},{"taxonomy":"product_tag","embeddable":true,"href":"https:\/\/zlatyrakytnik.sk\/hu\/wp-json\/wp\/v2\/product_tag?post=35373"},{"taxonomy":"giftcard-category","embeddable":true,"href":"https:\/\/zlatyrakytnik.sk\/hu\/wp-json\/wp\/v2\/giftcard-category?post=35373"}],"curies":[{"name":"wp","href":"https:\/\/api.w.org\/{rel}","templated":true}]}}