{"id":35436,"date":"2025-11-13T12:50:53","date_gmt":"2025-11-13T11:50:53","guid":{"rendered":"https:\/\/zlatyrakytnik.sk\/?post_type=product&#038;p=35436"},"modified":"2025-12-01T00:00:47","modified_gmt":"2025-11-30T23:00:47","slug":"zimny-caj-pohody-s-rakytnikom-sypany-50-g","status":"publish","type":"product","link":"https:\/\/zlatyrakytnik.sk\/hu\/termek\/zimny-caj-pohody-s-rakytnikom-sypany-50-g\/","title":{"rendered":"Zimn\u00fd \u010daj pohody s rakytn\u00edkom sypan\u00fd 50 g"},"content":{"rendered":"<p>Zimn\u00fd \u010daj pohody z plodov, byliniek a kvetov s vysok\u00fdm obsahom vitam\u00ednov, antioxidantov a imunitu posil\u0148uj\u00facich l\u00e1tok skvelej chuti a v\u00f4ne. Len ovocie a bylinky! Bez pr\u00edmes\u00ed!<\/p><p><strong>Zlo\u017eenie:<\/strong>&nbsp; su\u0161en\u00e9 &#8211; jablko 43%, rakytn\u00edk 30%, \u0161korica 9%, ibi\u0161tek 8%, medovka 6% lupene ru\u017e\u00ed 3%, z\u00e1zvor 1%.<\/p><p>Skladujte na suchom mieste. Chr\u00e1\u0148te pred priamym slnkom. Po otvoren\u00ed odpor\u00fa\u010dame spotrebova\u0165 do 30dn\u00ed.<\/p><p><strong>Pr\u00edprava:<\/strong> bohat\u00fa \u010dajov\u00fa ly\u017ei\u010dku byliniek zalia\u0165 s 2,5 dcl hor\u00facej vody a necha\u0165 l\u00fahova\u0165 5-6 min\u00fat.<\/p>","protected":false},"excerpt":{"rendered":"<p>Sypan\u00fd \u010daj zo su\u0161en\u00e9ho ovocia, bio rakytn\u00edka, byliniek a kvetov.<\/p>","protected":false},"featured_media":35437,"comment_status":"closed","ping_status":"closed","template":"","meta":[],"product_brand":[277],"product_cat":[275,272],"product_tag":[191],"giftcard-category":[],"class_list":{"0":"post-35436","1":"product","2":"type-product","3":"status-publish","4":"has-post-thumbnail","6":"product_brand-tvrdosovske-zlato","7":"product_cat-tvrdosovske-zlato","8":"product_cat-caj-a-kava","9":"product_tag-tvrdosovske-zlato","11":"first","12":"instock","13":"taxable","14":"shipping-taxable","15":"purchasable","16":"product-type-simple"},"_links":{"self":[{"href":"https:\/\/zlatyrakytnik.sk\/hu\/wp-json\/wp\/v2\/product\/35436","targetHints":{"allow":["GET"]}}],"collection":[{"href":"https:\/\/zlatyrakytnik.sk\/hu\/wp-json\/wp\/v2\/product"}],"about":[{"href":"https:\/\/zlatyrakytnik.sk\/hu\/wp-json\/wp\/v2\/types\/product"}],"replies":[{"embeddable":true,"href":"https:\/\/zlatyrakytnik.sk\/hu\/wp-json\/wp\/v2\/comments?post=35436"}],"wp:featuredmedia":[{"embeddable":true,"href":"https:\/\/zlatyrakytnik.sk\/hu\/wp-json\/wp\/v2\/media\/35437"}],"wp:attachment":[{"href":"https:\/\/zlatyrakytnik.sk\/hu\/wp-json\/wp\/v2\/media?parent=35436"}],"wp:term":[{"taxonomy":"product_brand","embeddable":true,"href":"https:\/\/zlatyrakytnik.sk\/hu\/wp-json\/wp\/v2\/product_brand?post=35436"},{"taxonomy":"product_cat","embeddable":true,"href":"https:\/\/zlatyrakytnik.sk\/hu\/wp-json\/wp\/v2\/product_cat?post=35436"},{"taxonomy":"product_tag","embeddable":true,"href":"https:\/\/zlatyrakytnik.sk\/hu\/wp-json\/wp\/v2\/product_tag?post=35436"},{"taxonomy":"giftcard-category","embeddable":true,"href":"https:\/\/zlatyrakytnik.sk\/hu\/wp-json\/wp\/v2\/giftcard-category?post=35436"}],"curies":[{"name":"wp","href":"https:\/\/api.w.org\/{rel}","templated":true}]}}