{"id":35441,"date":"2025-11-13T16:08:12","date_gmt":"2025-11-13T15:08:12","guid":{"rendered":"https:\/\/zlatyrakytnik.sk\/?post_type=product&#038;p=35441"},"modified":"2026-01-26T15:18:51","modified_gmt":"2026-01-26T14:18:51","slug":"po-natierka-vlasske-orechy-s-belgickou-horkou-cokoladou-200g","status":"publish","type":"product","link":"https:\/\/zlatyrakytnik.sk\/hu\/termek\/po-natierka-vlasske-orechy-s-belgickou-horkou-cokoladou-200g\/","title":{"rendered":"PO N\u00e1tierka &#8211; vla\u0161sk\u00e9 orechy s belgickou horkou \u010dokol\u00e1dou, 200g"},"content":{"rendered":"<p><strong>Sladk\u00e1 n\u00e1tierka z&nbsp;vla\u0161sk\u00fdch orechov a&nbsp;pr\u00e9miovej belgickej horkej \u010dokol\u00e1dy<\/strong><\/p><p><strong>Zlo\u017eenie:<\/strong>&nbsp;<strong>vla\u0161sk\u00e9 orechy<\/strong>&nbsp;65%, hork\u00e1 \u010dokol\u00e1da 28% (kakaov\u00e1 hmota, kakaov\u00fd pr\u00e1\u0161ok, cukor,&nbsp;<strong>s\u00f3jov\u00fd<\/strong>&nbsp;lecit\u00edn, pr\u00edrodn\u00e1 vanilkov\u00e1 ar\u00f3ma),&nbsp;<strong>ara\u0161idov\u00fd<\/strong>&nbsp;olej.<\/p><p>M\u00f4\u017ee obsahova\u0165 stopy<strong>&nbsp;ara\u0161idov&nbsp;<\/strong>alebo in\u00fdch&nbsp;<strong>orechov.<\/strong><\/p><p>Skladujte v&nbsp;suchu pri teplote od +8&nbsp;<sup>o<\/sup>C do +23&nbsp;<sup>o<\/sup>C<\/p><p>P\u00f4vod orechov:&nbsp;<strong>Slovensk\u00e1 republika<\/strong><\/p><p><strong>VYROBEN\u00c9 NA SLOVENSKU<\/strong><\/p><p><strong>N\u00e1\u0161 tip<\/strong><\/p><p>Odpor\u00fa\u010dame natiera\u0165 na chrumkav\u00e9 dom\u00e1ce kv\u00e1skov\u00e9 ro\u017eky, natiera\u0165 na palacinky alebo vyjeda\u0165 dezertnou ly\u017ei\u010dkou.<\/p><p>Konzistencia produktu je z\u00e1visl\u00e1 od vonkaj\u0161ej teploty. Pr\u00edpadn\u00e1 usadenina na povrchu nie je chybou produktu. Po otvoren\u00ed poriadne premie\u0161a\u0165.&nbsp;<\/p><p><strong>Sladk\u00e1 n\u00e1tierka z vla\u0161sk\u00fdch orechov a pr\u00e9miovej belgickej horkej \u010dokol\u00e1dy<\/strong><\/p><p><strong>Zlo\u017eenie:<\/strong>&nbsp;<strong>vla\u0161sk\u00e9 orechy<\/strong>&nbsp;65%, hork\u00e1 \u010dokol\u00e1da 28% (kakaov\u00e1 hmota, kakaov\u00fd pr\u00e1\u0161ok, cukor,&nbsp;<strong>s\u00f3jov\u00fd<\/strong>&nbsp;lecit\u00edn, pr\u00edrodn\u00e1 vanilkov\u00e1 ar\u00f3ma),&nbsp;<strong>ara\u0161idov\u00fd<\/strong>&nbsp;olej.<\/p><figure class=\"wp-block-table\"><table class=\"has-fixed-layout\"><tbody><tr><td><strong>V\u00fd\u017eivov\u00e9 \u00fadaje na 100 g<\/strong><\/td><\/tr><tr><td>Energia<\/td><td>2735,7 kJ\/661,5 kcal<\/td><\/tr><tr><td>Tuky<\/td><td>55,9g<\/td><\/tr><tr><td>&nbsp;&nbsp;&nbsp;&nbsp;&nbsp;&nbsp; z&nbsp;toho nenas\u00fdten\u00e9 mastn\u00e9 kyseliny<\/td><td>10,8 g<\/td><\/tr><tr><td>Sacharidy<\/td><td>22,2 g&nbsp;<\/td><\/tr><tr><td>&nbsp; &nbsp; &nbsp; &nbsp;z&nbsp;toho cukry<\/td><td>14,5 g<\/td><\/tr><tr><td>Vl\u00e1knina<\/td><td>11,6 g<\/td><\/tr><tr><td>Bielkoviny<\/td><td>11,6 g<\/td><\/tr><tr><td>So\u013e<\/td><td>&lt;0,5 g<\/td><\/tr><\/tbody><\/table><\/figure>","protected":false},"excerpt":{"rendered":"<p>N\u00e1tierka z vla\u0161sk\u00fdch orechov a kvalitnej belgickej horkej \u010dokol\u00e1dy je kombin\u00e1cia, ktor\u00fa si ur\u010dite zamilujete. M\u00e1 vysok\u00fd obsah bielkov\u00edn, zdrav\u00fdch tukov, Omega 3 mastn\u00e9 kyseliny, ktor\u00e9 pom\u00e1haj\u00fa pri redukcii krvn\u00e9ho tlaku a zni\u017euj\u00fa riziko kardiovaskul\u00e1rnych ochoren\u00ed.<\/p>","protected":false},"featured_media":35442,"comment_status":"closed","ping_status":"closed","template":"","meta":[],"product_brand":[470],"product_cat":[259],"product_tag":[],"giftcard-category":[],"class_list":{"0":"post-35441","1":"product","2":"type-product","3":"status-publish","4":"has-post-thumbnail","6":"product_brand-podunajske-orechy","7":"product_cat-snacky-slane-sladke","9":"first","10":"instock","11":"taxable","12":"shipping-taxable","13":"purchasable","14":"product-type-simple"},"_links":{"self":[{"href":"https:\/\/zlatyrakytnik.sk\/hu\/wp-json\/wp\/v2\/product\/35441","targetHints":{"allow":["GET"]}}],"collection":[{"href":"https:\/\/zlatyrakytnik.sk\/hu\/wp-json\/wp\/v2\/product"}],"about":[{"href":"https:\/\/zlatyrakytnik.sk\/hu\/wp-json\/wp\/v2\/types\/product"}],"replies":[{"embeddable":true,"href":"https:\/\/zlatyrakytnik.sk\/hu\/wp-json\/wp\/v2\/comments?post=35441"}],"wp:featuredmedia":[{"embeddable":true,"href":"https:\/\/zlatyrakytnik.sk\/hu\/wp-json\/wp\/v2\/media\/35442"}],"wp:attachment":[{"href":"https:\/\/zlatyrakytnik.sk\/hu\/wp-json\/wp\/v2\/media?parent=35441"}],"wp:term":[{"taxonomy":"product_brand","embeddable":true,"href":"https:\/\/zlatyrakytnik.sk\/hu\/wp-json\/wp\/v2\/product_brand?post=35441"},{"taxonomy":"product_cat","embeddable":true,"href":"https:\/\/zlatyrakytnik.sk\/hu\/wp-json\/wp\/v2\/product_cat?post=35441"},{"taxonomy":"product_tag","embeddable":true,"href":"https:\/\/zlatyrakytnik.sk\/hu\/wp-json\/wp\/v2\/product_tag?post=35441"},{"taxonomy":"giftcard-category","embeddable":true,"href":"https:\/\/zlatyrakytnik.sk\/hu\/wp-json\/wp\/v2\/giftcard-category?post=35441"}],"curies":[{"name":"wp","href":"https:\/\/api.w.org\/{rel}","templated":true}]}}