{"id":35445,"date":"2025-11-13T16:14:16","date_gmt":"2025-11-13T15:14:16","guid":{"rendered":"https:\/\/zlatyrakytnik.sk\/?post_type=product&#038;p=35445"},"modified":"2026-01-26T15:18:51","modified_gmt":"2026-01-26T14:18:51","slug":"po-natierka-vlasske-orechy-s-cokoladou-slany-karamel-200g","status":"publish","type":"product","link":"https:\/\/zlatyrakytnik.sk\/hu\/termek\/po-natierka-vlasske-orechy-s-cokoladou-slany-karamel-200g\/","title":{"rendered":"PO N\u00e1tierka &#8211; vla\u0161sk\u00e9 orechy s \u010dokol\u00e1dou slan\u00fd karamel, 200g"},"content":{"rendered":"<p><strong>Sladk\u00e1 n\u00e1tierka z&nbsp;vla\u0161sk\u00fdch orechov a&nbsp;slanej karamelovej \u010dokol\u00e1dy<\/strong><\/p><p><strong>Zlo\u017eenie:<\/strong>&nbsp;<strong>vla\u0161sk\u00e9 orechy<\/strong>&nbsp;65%, karamelov\u00e1 \u010dokol\u00e1da 28% (kakaov\u00e9 maslo, cukor, su\u0161en\u00e9&nbsp;<strong>mlieko, lakt\u00f3za<\/strong>, su\u0161en\u00e1&nbsp;<strong>mlie\u010dna srv\u00e1tka<\/strong>, p\u00e1len\u00fd cukor,&nbsp;<strong>s\u00f3jov\u00fd<\/strong>&nbsp;lecit\u00edn, pr\u00edrodn\u00e1 vanilkov\u00e1 ar\u00f3ma, so\u013e),&nbsp;<strong>ara\u0161idov\u00fd ole<\/strong>j 7%<\/p><p>M\u00f4\u017ee obsahova\u0165 stopy<strong>&nbsp;ara\u0161idov&nbsp;<\/strong>alebo in\u00fdch<strong>&nbsp;orechov.<\/strong><\/p><p>Skladujte v&nbsp;suchu pri teplote od +8&nbsp;<sup>o<\/sup>C do +23&nbsp;<sup>o<\/sup>C<\/p><p>P\u00f4vod orechov:&nbsp;<strong>Slovensk\u00e1 republika<\/strong><\/p><p><strong>VYROBEN\u00c9 NA SLOVENSKU<\/strong><\/p><p><strong>N\u00e1\u0161 tip<\/strong><\/p><p>Odpor\u00fa\u010dame natiera\u0165 na chrumkav\u00e9 dom\u00e1ce kv\u00e1skov\u00e9 ro\u017eky, natiera\u0165 na palacinky alebo vyjeda\u0165 dezertnou ly\u017ei\u010dkou.<\/p><p>Konzistencia produktu je z\u00e1visl\u00e1 od vonkaj\u0161ej teploty. Pr\u00edpadn\u00e1 usadenina na povrchu nie je chybou produktu. Po otvoren\u00ed poriadne premie\u0161a\u0165.&nbsp;<\/p><p><strong>Sladk\u00e1 n\u00e1tierka z&nbsp;vla\u0161sk\u00fdch orechov a&nbsp;slanej karamelovej \u010dokol\u00e1dy<\/strong><\/p><p><strong>Zlo\u017eenie:<\/strong>&nbsp;<strong>vla\u0161sk\u00e9 orechy<\/strong>&nbsp;65%, karamelov\u00e1 \u010dokol\u00e1da 28% (kakaov\u00e9 maslo, cukor, su\u0161en\u00e9&nbsp;<strong>mlieko, lakt\u00f3za<\/strong>, su\u0161en\u00e1&nbsp;<strong>mlie\u010dna srv\u00e1tka<\/strong>, p\u00e1len\u00fd cukor,&nbsp;<strong>s\u00f3jov\u00fd<\/strong>&nbsp;lecit\u00edn, pr\u00edrodn\u00e1 vanilkov\u00e1 ar\u00f3ma, so\u013e),&nbsp;<strong>ara\u0161idov\u00fd olej<\/strong><\/p><figure class=\"wp-block-table\"><table class=\"has-fixed-layout\"><tbody><tr><td><strong>V\u00fd\u017eivov\u00e9 \u00fadaje na 100 g<\/strong><\/td><\/tr><tr><td>Energia<\/td><td>2754,5kJ\/665 kcal<\/td><\/tr><tr><td>Tuky<\/td><td>55,4 g<\/td><\/tr><tr><td>&nbsp;&nbsp;&nbsp;&nbsp;&nbsp;&nbsp; z&nbsp;toho nenas\u00fdten\u00e9 mastn\u00e9 kyseliny<\/td><td>10,6 g<\/td><\/tr><tr><td>Sacharidy<\/td><td>27,8g&nbsp;<\/td><\/tr><tr><td>&nbsp; &nbsp; &nbsp; &nbsp;z&nbsp;toho cukry<\/td><td>21,2 g<\/td><\/tr><tr><td>Vl\u00e1knina<\/td><td>5 g<\/td><\/tr><tr><td>Bielkoviny<\/td><td>11,3 g<\/td><\/tr><tr><td>So\u013e<\/td><td>&lt;0,5 g<\/td><\/tr><\/tbody><\/table><\/figure>","protected":false},"excerpt":{"rendered":"<div class=\"short-description\">Na\u0161a n\u00e1tierka &#8211; slan\u00fd karamel je vyroben\u00e9 z t\u00fdch naj\u010derstvej\u0161\u00edch vla\u0161sk\u00fdch orechov. Karamel a so\u013e v spojen\u00ed s vla\u0161sk\u00fdmi orechmi je neoddelite\u013en\u00e1 kombin\u00e1cia chut\u00ed, ktor\u00e9 si zamilujete. N\u00e1tierka je pln\u00e1 bielkov\u00edn, Omega 3 kysel\u00edn, vl\u00e1kniny a vitam\u00ednov A, B, C a E.<\/div>","protected":false},"featured_media":35446,"comment_status":"closed","ping_status":"closed","template":"","meta":[],"product_brand":[470],"product_cat":[259],"product_tag":[],"giftcard-category":[],"class_list":{"0":"post-35445","1":"product","2":"type-product","3":"status-publish","4":"has-post-thumbnail","6":"product_brand-podunajske-orechy","7":"product_cat-snacky-slane-sladke","9":"first","10":"instock","11":"taxable","12":"shipping-taxable","13":"purchasable","14":"product-type-simple"},"_links":{"self":[{"href":"https:\/\/zlatyrakytnik.sk\/hu\/wp-json\/wp\/v2\/product\/35445","targetHints":{"allow":["GET"]}}],"collection":[{"href":"https:\/\/zlatyrakytnik.sk\/hu\/wp-json\/wp\/v2\/product"}],"about":[{"href":"https:\/\/zlatyrakytnik.sk\/hu\/wp-json\/wp\/v2\/types\/product"}],"replies":[{"embeddable":true,"href":"https:\/\/zlatyrakytnik.sk\/hu\/wp-json\/wp\/v2\/comments?post=35445"}],"wp:featuredmedia":[{"embeddable":true,"href":"https:\/\/zlatyrakytnik.sk\/hu\/wp-json\/wp\/v2\/media\/35446"}],"wp:attachment":[{"href":"https:\/\/zlatyrakytnik.sk\/hu\/wp-json\/wp\/v2\/media?parent=35445"}],"wp:term":[{"taxonomy":"product_brand","embeddable":true,"href":"https:\/\/zlatyrakytnik.sk\/hu\/wp-json\/wp\/v2\/product_brand?post=35445"},{"taxonomy":"product_cat","embeddable":true,"href":"https:\/\/zlatyrakytnik.sk\/hu\/wp-json\/wp\/v2\/product_cat?post=35445"},{"taxonomy":"product_tag","embeddable":true,"href":"https:\/\/zlatyrakytnik.sk\/hu\/wp-json\/wp\/v2\/product_tag?post=35445"},{"taxonomy":"giftcard-category","embeddable":true,"href":"https:\/\/zlatyrakytnik.sk\/hu\/wp-json\/wp\/v2\/giftcard-category?post=35445"}],"curies":[{"name":"wp","href":"https:\/\/api.w.org\/{rel}","templated":true}]}}