{"id":35447,"date":"2025-11-13T16:16:22","date_gmt":"2025-11-13T15:16:22","guid":{"rendered":"https:\/\/zlatyrakytnik.sk\/?post_type=product&#038;p=35447"},"modified":"2026-01-26T15:18:51","modified_gmt":"2026-01-26T14:18:51","slug":"po-natierka-z-vlasskych-orechov-natural-200g","status":"publish","type":"product","link":"https:\/\/zlatyrakytnik.sk\/hu\/termek\/po-natierka-z-vlasskych-orechov-natural-200g\/","title":{"rendered":"PO N\u00e1tierka z vla\u0161sk\u00fdch orechov &#8211; Natural, 200g"},"content":{"rendered":"<p><strong>Vla\u0161sk\u00e9 orechy natural n\u00e1tierka z vla\u0161sk\u00fdch orechov<\/strong><\/p><p><strong>Zlo\u017eenie:<\/strong>&nbsp;vzduchom pra\u017een\u00e9&nbsp;<strong>vla\u0161sk\u00e9 orechy<\/strong>&nbsp;100%.<\/p><p>Skladujte v&nbsp;suchu pri teplote od +8&nbsp;<sup>o<\/sup>C DO +23&nbsp;<sup>o<\/sup>C.<\/p><p>P\u00f4vod orechov:&nbsp;<strong>Slovensk\u00e1 republika<\/strong><\/p><p><strong>VYROBEN\u00c9 NA SLOVENSKU<\/strong><\/p><p><strong>N\u00e1\u0161 tip<\/strong><\/p><p>Odpor\u00fa\u010dame natrie\u0165 na palacinky v&nbsp;kombin\u00e1cii s&nbsp;dom\u00e1cim slivkov\u00fdm d\u017eemom alebo aj zjes\u0165 ly\u017ei\u010dku pred cvi\u010den\u00edm, ako pr\u00edsun potrebnej energie.<\/p><p>Konzistencia produktu je z\u00e1visl\u00e1 od vonkaj\u0161ej teploty. Pr\u00edpadn\u00e1 usadenina na povrchu nie je chybou produktu. Po otvoren\u00ed poriadne premie\u0161a\u0165.&nbsp;<\/p><p><strong>Vla\u0161sk\u00e9 orechy natural kr\u00e9m z vla\u0161sk\u00fdch orechov<\/strong><\/p><p><strong>Zlo\u017eenie:<\/strong>&nbsp;vzduchom pra\u017een\u00e9&nbsp;<strong>vla\u0161sk\u00e9 orechy<\/strong>&nbsp;100%.<\/p><p>M\u00f4\u017ee obsahova\u0165 stopy&nbsp;<strong>ara\u0161idov<\/strong>&nbsp;alebo in\u00fdch&nbsp;<strong>orechov.<\/strong><\/p><figure class=\"wp-block-table\"><table class=\"has-fixed-layout\"><tbody><tr><td><strong>V\u00fd\u017eivov\u00e9 \u00fadaje na 100 g<\/strong><\/td><\/tr><tr><td>Energia<\/td><td>2945,2 kJ\/ 712,8 kcal<\/td><\/tr><tr><td>Tuky<\/td><td>65 g<\/td><\/tr><tr><td>&nbsp;&nbsp;&nbsp;&nbsp;&nbsp;&nbsp; z&nbsp;toho nenas\u00fdten\u00e9 mastn\u00e9 kyseliny<\/td><td>6 g<\/td><\/tr><tr><td>Sacharidy<\/td><td>14 g&nbsp;<\/td><\/tr><tr><td>&nbsp; &nbsp; &nbsp; &nbsp;z&nbsp;toho cukry<\/td><td>3 g<\/td><\/tr><tr><td>Vl\u00e1knina<\/td><td>5,9 g<\/td><\/tr><tr><td>Bielkoviny<\/td><td>15 g<\/td><\/tr><tr><td>So\u013e<\/td><td>&lt;0,5 g<\/td><\/tr><\/tbody><\/table><\/figure>","protected":false},"excerpt":{"rendered":"<div class=\"short-description\">Prin\u00e1\u0161ame V\u00e1m 100% chu\u0165 pra\u017een\u00fdch a najemno pomlet\u00fdch vla\u0161sk\u00fdch orechov z na\u0161ich sadov Podunajsk\u00e9 orechy. Tuky v n\u00e1tierka dod\u00e1vaj\u00fa silu v ka\u017edodennom \u017eivote aby ste pod\u00e1vali najlep\u0161ie v\u00fdkony. Navy\u0161e V\u00e1s zas\u00fdti na dlh\u00fa dobu.<\/div>","protected":false},"featured_media":35448,"comment_status":"closed","ping_status":"closed","template":"","meta":[],"product_brand":[470],"product_cat":[259],"product_tag":[],"giftcard-category":[],"class_list":{"0":"post-35447","1":"product","2":"type-product","3":"status-publish","4":"has-post-thumbnail","6":"product_brand-podunajske-orechy","7":"product_cat-snacky-slane-sladke","9":"first","10":"instock","11":"taxable","12":"shipping-taxable","13":"purchasable","14":"product-type-simple"},"_links":{"self":[{"href":"https:\/\/zlatyrakytnik.sk\/hu\/wp-json\/wp\/v2\/product\/35447","targetHints":{"allow":["GET"]}}],"collection":[{"href":"https:\/\/zlatyrakytnik.sk\/hu\/wp-json\/wp\/v2\/product"}],"about":[{"href":"https:\/\/zlatyrakytnik.sk\/hu\/wp-json\/wp\/v2\/types\/product"}],"replies":[{"embeddable":true,"href":"https:\/\/zlatyrakytnik.sk\/hu\/wp-json\/wp\/v2\/comments?post=35447"}],"wp:featuredmedia":[{"embeddable":true,"href":"https:\/\/zlatyrakytnik.sk\/hu\/wp-json\/wp\/v2\/media\/35448"}],"wp:attachment":[{"href":"https:\/\/zlatyrakytnik.sk\/hu\/wp-json\/wp\/v2\/media?parent=35447"}],"wp:term":[{"taxonomy":"product_brand","embeddable":true,"href":"https:\/\/zlatyrakytnik.sk\/hu\/wp-json\/wp\/v2\/product_brand?post=35447"},{"taxonomy":"product_cat","embeddable":true,"href":"https:\/\/zlatyrakytnik.sk\/hu\/wp-json\/wp\/v2\/product_cat?post=35447"},{"taxonomy":"product_tag","embeddable":true,"href":"https:\/\/zlatyrakytnik.sk\/hu\/wp-json\/wp\/v2\/product_tag?post=35447"},{"taxonomy":"giftcard-category","embeddable":true,"href":"https:\/\/zlatyrakytnik.sk\/hu\/wp-json\/wp\/v2\/giftcard-category?post=35447"}],"curies":[{"name":"wp","href":"https:\/\/api.w.org\/{rel}","templated":true}]}}