{"id":35449,"date":"2025-11-13T16:46:40","date_gmt":"2025-11-13T15:46:40","guid":{"rendered":"https:\/\/zlatyrakytnik.sk\/?post_type=product&#038;p=35449"},"modified":"2026-01-26T15:18:51","modified_gmt":"2026-01-26T14:18:51","slug":"po-jadra-vlasskych-orechov-biela-cokolada-140-g","status":"publish","type":"product","link":"https:\/\/zlatyrakytnik.sk\/hu\/termek\/po-jadra-vlasskych-orechov-biela-cokolada-140-g\/","title":{"rendered":"PO Jadr\u00e1 vla\u0161sk\u00fdch orechov &#8211; biela \u010dokol\u00e1da, 140 g"},"content":{"rendered":"<p><strong>Jadr\u00e1 vla\u0161sk\u00fdch orechov v bielej \u010dokol\u00e1de<\/strong><br>biela \u010dokol\u00e1da 50 % \u00b1 3 %<br>\u2013 cukor, kakaov\u00e9 maslo, su\u0161en\u00e9 mlieko, su\u0161en\u00e1 smotana, emulg\u00e1tory: E 322; pr\u00edrodn\u00e1 ar\u00f3ma. Jadr\u00e1 vla\u0161sk\u00fdch orechov 49 % \u00b1 3 %.&nbsp;<br>Le\u0161tiaca zmes: tapiokov\u00fd \u0161krob, cukor, le\u0161tiaca l\u00e1tka: E 904<\/p><p><strong>NUTRI\u010cN\u00c9 HODNOTY<\/strong><br>Energia: 2776 kJ \/ 670 kcal<br>Tuky: 55 g (z toho nas\u00fdten\u00e9 mastn\u00e9 kyseliny 17 g)<br>Sacharidy: 32 g (z toho cukry 27 g)<br>Vl\u00e1knina: 3,4 g<br>Bielkoviny: 10 g<br>So\u013e: 0,07 g<\/p>","protected":false},"excerpt":{"rendered":"<p>Chrumkav\u00e9 jadr\u00e1 kvalitn\u00fdch vla\u0161sk\u00fdch orechov obalen\u00e9 jemnou bielou \u010dokol\u00e1dou. Lahodn\u00e1 kombin\u00e1cia sladkej a kr\u00e9movej chuti \u010dokol\u00e1dy so zdrav\u00fdmi orechmi, ide\u00e1lna na ma\u0161krtenie alebo ako dar\u010dek.<\/p>","protected":false},"featured_media":35450,"comment_status":"closed","ping_status":"closed","template":"","meta":[],"product_brand":[470],"product_cat":[259],"product_tag":[],"giftcard-category":[],"class_list":{"0":"post-35449","1":"product","2":"type-product","3":"status-publish","4":"has-post-thumbnail","6":"product_brand-podunajske-orechy","7":"product_cat-snacky-slane-sladke","9":"first","10":"instock","11":"taxable","12":"shipping-taxable","13":"purchasable","14":"product-type-simple"},"_links":{"self":[{"href":"https:\/\/zlatyrakytnik.sk\/hu\/wp-json\/wp\/v2\/product\/35449","targetHints":{"allow":["GET"]}}],"collection":[{"href":"https:\/\/zlatyrakytnik.sk\/hu\/wp-json\/wp\/v2\/product"}],"about":[{"href":"https:\/\/zlatyrakytnik.sk\/hu\/wp-json\/wp\/v2\/types\/product"}],"replies":[{"embeddable":true,"href":"https:\/\/zlatyrakytnik.sk\/hu\/wp-json\/wp\/v2\/comments?post=35449"}],"wp:featuredmedia":[{"embeddable":true,"href":"https:\/\/zlatyrakytnik.sk\/hu\/wp-json\/wp\/v2\/media\/35450"}],"wp:attachment":[{"href":"https:\/\/zlatyrakytnik.sk\/hu\/wp-json\/wp\/v2\/media?parent=35449"}],"wp:term":[{"taxonomy":"product_brand","embeddable":true,"href":"https:\/\/zlatyrakytnik.sk\/hu\/wp-json\/wp\/v2\/product_brand?post=35449"},{"taxonomy":"product_cat","embeddable":true,"href":"https:\/\/zlatyrakytnik.sk\/hu\/wp-json\/wp\/v2\/product_cat?post=35449"},{"taxonomy":"product_tag","embeddable":true,"href":"https:\/\/zlatyrakytnik.sk\/hu\/wp-json\/wp\/v2\/product_tag?post=35449"},{"taxonomy":"giftcard-category","embeddable":true,"href":"https:\/\/zlatyrakytnik.sk\/hu\/wp-json\/wp\/v2\/giftcard-category?post=35449"}],"curies":[{"name":"wp","href":"https:\/\/api.w.org\/{rel}","templated":true}]}}