{"id":35497,"date":"2025-11-17T11:07:49","date_gmt":"2025-11-17T10:07:49","guid":{"rendered":"https:\/\/zlatyrakytnik.sk\/?post_type=product&#038;p=35497"},"modified":"2025-12-01T00:00:50","modified_gmt":"2025-11-30T23:00:50","slug":"hrosecco-100-hroznova-stava-sytena-750ml","status":"publish","type":"product","link":"https:\/\/zlatyrakytnik.sk\/hu\/termek\/hrosecco-100-hroznova-stava-sytena-750ml\/","title":{"rendered":"HRO&amp;SECCO 100%\u00a0hroznov\u00e1 \u0161\u0165ava s\u00fdten\u00e1 750ml"},"content":{"rendered":"<p>Lisovan\u00e1 za studena, \u0161etrne pasterizovan\u00e1. Filtrovan\u00e1. Bez pr\u00eddavn\u00fdch l\u00e1tok. Len ovocie! Hrozno z&nbsp;ekologicky pestovan\u00fdch vinohradov na Slovensku.<\/p><p>Zlo\u017eenie: bio hroznov\u00fd mu\u0161t, s\u00fdten\u00fd. Oxid uhli\u010dit\u00fd max 4g\/l. M\u00f4\u017ee obsahova\u0165&nbsp;<strong>siri\u010ditany<\/strong>. Pr\u00edpadn\u00fd ovocn\u00fd sediment je prirodzenou s\u00fa\u010das\u0165ou \u0161\u0165avy. Skladujte pri izbovej teplote. Nevystavujte priamemu slne\u010dn\u00e9mu \u017eiareniu. Po otvoren\u00ed skladujte v&nbsp;chlade pri teplote do +8\u00b0C a&nbsp;spotrebujte do 48 hod\u00edn.<\/p><figure class=\"wp-block-table\"><table class=\"has-fixed-layout\"><tbody><tr><td colspan=\"5\"><strong>V\u00fd\u017eivov\u00e9 hodnoty v 100ml:<\/strong><\/td><\/tr><tr><td colspan=\"4\">Energetick\u00e1 hodnota<\/td><td>316 kJ \/ 73 kcal<\/td><\/tr><tr><td colspan=\"4\">Tuky<\/td><td>\u00a00,05 g<\/td><\/tr><tr><td colspan=\"4\">z toho nas\u00fdten\u00e9 mastn\u00e9 kyseliny<\/td><td>\u00a00,02 g<\/td><\/tr><tr><td colspan=\"4\">Sacharidy<\/td><td>18,76 g<\/td><\/tr><tr><td colspan=\"4\">z toho cukry<\/td><td>18,46 g<\/td><\/tr><tr><td colspan=\"4\">Vl\u00e1knina<\/td><td>0,40 g<\/td><\/tr><tr><td colspan=\"4\">Bielkoviny<\/td><td>0,27 g<\/td><\/tr><tr><td colspan=\"4\">So\u013e<\/td><td>0,0 g<\/td><\/tr><\/tbody><\/table><\/figure>","protected":false},"excerpt":{"rendered":"<p>Lisovan\u00e1 za studena, \u0161etrne pasterizovan\u00e1. Filtrovan\u00e1. Bez pr\u00eddavn\u00fdch l\u00e1tok. Len ovocie! Hrozno z\u00a0ekologicky pestovan\u00fdch vinohradov na Slovensku.<\/p>","protected":false},"featured_media":35502,"comment_status":"closed","ping_status":"closed","template":"","meta":[],"product_brand":[277],"product_cat":[243,247,266],"product_tag":[191],"giftcard-category":[],"class_list":{"0":"post-35497","1":"product","2":"type-product","3":"status-publish","4":"has-post-thumbnail","6":"product_brand-tvrdosovske-zlato","7":"product_cat-prirodne-ovocne-stavy","8":"product_cat-hrozno","9":"product_cat-ovocne-napoje-destilaty-a-vina","10":"product_tag-tvrdosovske-zlato","12":"first","13":"outofstock","14":"taxable","15":"shipping-taxable","16":"purchasable","17":"product-type-variable"},"_links":{"self":[{"href":"https:\/\/zlatyrakytnik.sk\/hu\/wp-json\/wp\/v2\/product\/35497","targetHints":{"allow":["GET"]}}],"collection":[{"href":"https:\/\/zlatyrakytnik.sk\/hu\/wp-json\/wp\/v2\/product"}],"about":[{"href":"https:\/\/zlatyrakytnik.sk\/hu\/wp-json\/wp\/v2\/types\/product"}],"replies":[{"embeddable":true,"href":"https:\/\/zlatyrakytnik.sk\/hu\/wp-json\/wp\/v2\/comments?post=35497"}],"wp:featuredmedia":[{"embeddable":true,"href":"https:\/\/zlatyrakytnik.sk\/hu\/wp-json\/wp\/v2\/media\/35502"}],"wp:attachment":[{"href":"https:\/\/zlatyrakytnik.sk\/hu\/wp-json\/wp\/v2\/media?parent=35497"}],"wp:term":[{"taxonomy":"product_brand","embeddable":true,"href":"https:\/\/zlatyrakytnik.sk\/hu\/wp-json\/wp\/v2\/product_brand?post=35497"},{"taxonomy":"product_cat","embeddable":true,"href":"https:\/\/zlatyrakytnik.sk\/hu\/wp-json\/wp\/v2\/product_cat?post=35497"},{"taxonomy":"product_tag","embeddable":true,"href":"https:\/\/zlatyrakytnik.sk\/hu\/wp-json\/wp\/v2\/product_tag?post=35497"},{"taxonomy":"giftcard-category","embeddable":true,"href":"https:\/\/zlatyrakytnik.sk\/hu\/wp-json\/wp\/v2\/giftcard-category?post=35497"}],"curies":[{"name":"wp","href":"https:\/\/api.w.org\/{rel}","templated":true}]}}