{"id":36221,"date":"2026-03-25T13:17:53","date_gmt":"2026-03-25T12:17:53","guid":{"rendered":"https:\/\/zlatyrakytnik.sk\/?post_type=product&#038;p=36221"},"modified":"2026-04-07T08:46:24","modified_gmt":"2026-04-07T06:46:24","slug":"100bio-stava-z-bazy-ciernej","status":"publish","type":"product","link":"https:\/\/zlatyrakytnik.sk\/hu\/termek\/100bio-stava-z-bazy-ciernej\/","title":{"rendered":"100%BIO \u0161\u0165ava z bazy \u010diernej"},"content":{"rendered":"<p>\u0160\u0165ava je ur\u010den\u00e1 na priamu spotrebu &#8211;\u00a0 \u010dist\u00e1, alebo rieden\u00e1 s n\u00e1pojmi. Pred pou\u017eit\u00edm pretrepa\u0165. Skladujte pri teplote do 24\u202f\u00b0C. Po otvoren\u00ed skladujte v chladni\u010dke do 8\u202f\u00b0C a spotrebujte do 14 dn\u00ed.<\/p><p><strong>Spracovate\u013e:<\/strong> PD Tvrdo\u0161ovce, Sz\u00e9chenyiho 10, 941 10 Tvrdo\u0161ovce. Vyroben\u00e9 na Slovensku.<\/p><figure class=\"wp-block-table\"><table class=\"has-fixed-layout\"><tbody><tr><td colspan=\"5\"><strong>V\u00fd\u017eivov\u00e9 hodnoty v 100ml:<\/strong><\/td><\/tr><tr><td colspan=\"4\">Energetick\u00e1 hodnota<\/td><td>180 kJ \/ 42 kcal<\/td><\/tr><tr><td colspan=\"4\">Tuky<\/td><td>&lt; 0,2 g<\/td><\/tr><tr><td colspan=\"4\">z toho nas\u00fdten\u00e9 mastn\u00e9 kyseliny<\/td><td>&lt; 0,1 g<\/td><\/tr><tr><td colspan=\"4\">Sacharidy<\/td><td>9,0 g<\/td><\/tr><tr><td colspan=\"4\">z toho cukry<\/td><td>8,0 g<\/td><\/tr><tr><td colspan=\"4\">Bielkoviny<\/td><td>&lt; 1,0 g<\/td><\/tr><tr><td colspan=\"4\">So\u013e<\/td><td>&lt; 0,1 g<\/td><\/tr><\/tbody><\/table><\/figure><p><\/p>","protected":false},"excerpt":{"rendered":"<p>Tmav\u00e9 bobule bazy s\u00fa zn\u00e1me vysok\u00fdm obsahom antioxidantov, flavonoidov, vitam\u00ednu C, A a B, ako aj pr\u00edrodn\u00fdch organick\u00fdch kysel\u00edn. Pravideln\u00e1 konzum\u00e1cia bobu\u013eov\u00e9ho ovocia podporuje imunitn\u00fd syst\u00e9m, d\u00fdchacie cesty a celkov\u00fa vitalitu organizmu. \u0160etrn\u00e1 pasteriz\u00e1cia vo ve\u013ekej miere uchov\u00e1va benefity plodov v \u010distej \u0161\u0165ave, ktor\u00e1 m\u00e1 v\u00fdrazne trpk\u00fa a bohat\u00fa chu\u0165. Odpor\u00fa\u010dan\u00e1 denn\u00e1 d\u00e1vka je 40 ml \u0161\u0165avy. Na zdravie!<\/p>","protected":false},"featured_media":36222,"comment_status":"closed","ping_status":"closed","template":"","meta":[],"product_brand":[277],"product_cat":[275,237,242],"product_tag":[],"giftcard-category":[],"class_list":{"0":"post-36221","1":"product","2":"type-product","3":"status-publish","4":"has-post-thumbnail","6":"product_brand-tvrdosovske-zlato","7":"product_cat-tvrdosovske-zlato","8":"product_cat-bobulove-stavy","9":"product_cat-baza","11":"first","12":"instock","13":"taxable","14":"shipping-taxable","15":"purchasable","16":"product-type-simple"},"_links":{"self":[{"href":"https:\/\/zlatyrakytnik.sk\/hu\/wp-json\/wp\/v2\/product\/36221","targetHints":{"allow":["GET"]}}],"collection":[{"href":"https:\/\/zlatyrakytnik.sk\/hu\/wp-json\/wp\/v2\/product"}],"about":[{"href":"https:\/\/zlatyrakytnik.sk\/hu\/wp-json\/wp\/v2\/types\/product"}],"replies":[{"embeddable":true,"href":"https:\/\/zlatyrakytnik.sk\/hu\/wp-json\/wp\/v2\/comments?post=36221"}],"wp:featuredmedia":[{"embeddable":true,"href":"https:\/\/zlatyrakytnik.sk\/hu\/wp-json\/wp\/v2\/media\/36222"}],"wp:attachment":[{"href":"https:\/\/zlatyrakytnik.sk\/hu\/wp-json\/wp\/v2\/media?parent=36221"}],"wp:term":[{"taxonomy":"product_brand","embeddable":true,"href":"https:\/\/zlatyrakytnik.sk\/hu\/wp-json\/wp\/v2\/product_brand?post=36221"},{"taxonomy":"product_cat","embeddable":true,"href":"https:\/\/zlatyrakytnik.sk\/hu\/wp-json\/wp\/v2\/product_cat?post=36221"},{"taxonomy":"product_tag","embeddable":true,"href":"https:\/\/zlatyrakytnik.sk\/hu\/wp-json\/wp\/v2\/product_tag?post=36221"},{"taxonomy":"giftcard-category","embeddable":true,"href":"https:\/\/zlatyrakytnik.sk\/hu\/wp-json\/wp\/v2\/giftcard-category?post=36221"}],"curies":[{"name":"wp","href":"https:\/\/api.w.org\/{rel}","templated":true}]}}