{"id":36319,"date":"2026-04-14T11:15:25","date_gmt":"2026-04-14T09:15:25","guid":{"rendered":"https:\/\/zlatyrakytnik.sk\/?post_type=product&#038;p=36319"},"modified":"2026-04-14T11:15:27","modified_gmt":"2026-04-14T09:15:27","slug":"granola-300g","status":"publish","type":"product","link":"https:\/\/zlatyrakytnik.sk\/hu\/termek\/granola-300g\/","title":{"rendered":"Granola 300g"},"content":{"rendered":"<p>SKLADOVANIE:\u00a0Skladujte v suchu, chr\u00e1\u0148te pred priamym slne\u010dn\u00fdm \u017eiaren\u00edm.\u00a0<\/p><p>BALENIE:\u00a0300 g<\/p><p>V\u00ddROBCA:\u00a0DataSquare s.r.o., Hlavn\u00e1 103, 925 01 Mat\u00fa\u0161kovo<\/p>","protected":false},"excerpt":{"rendered":"<p>SKLADOVANIE:\u00a0Skladujte v suchu, chr\u00e1\u0148te pred priamym slne\u010dn\u00fdm \u017eiaren\u00edm.\u00a0 BALENIE:\u00a0300 g V\u00ddROBCA:\u00a0DataSquare s.r.o., Hlavn\u00e1 103, 925 01 Mat\u00fa\u0161kovo<\/p>","protected":false},"featured_media":36326,"comment_status":"closed","ping_status":"closed","template":"","meta":[],"product_brand":[278],"product_cat":[253,256],"product_tag":[],"giftcard-category":[],"class_list":{"0":"post-36319","1":"product","2":"type-product","3":"status-publish","4":"has-post-thumbnail","6":"product_brand-kukkonia","7":"product_cat-spajza","8":"product_cat-cerealie","10":"first","11":"instock","12":"taxable","13":"shipping-taxable","14":"purchasable","15":"product-type-variable"},"_links":{"self":[{"href":"https:\/\/zlatyrakytnik.sk\/hu\/wp-json\/wp\/v2\/product\/36319","targetHints":{"allow":["GET"]}}],"collection":[{"href":"https:\/\/zlatyrakytnik.sk\/hu\/wp-json\/wp\/v2\/product"}],"about":[{"href":"https:\/\/zlatyrakytnik.sk\/hu\/wp-json\/wp\/v2\/types\/product"}],"replies":[{"embeddable":true,"href":"https:\/\/zlatyrakytnik.sk\/hu\/wp-json\/wp\/v2\/comments?post=36319"}],"wp:featuredmedia":[{"embeddable":true,"href":"https:\/\/zlatyrakytnik.sk\/hu\/wp-json\/wp\/v2\/media\/36326"}],"wp:attachment":[{"href":"https:\/\/zlatyrakytnik.sk\/hu\/wp-json\/wp\/v2\/media?parent=36319"}],"wp:term":[{"taxonomy":"product_brand","embeddable":true,"href":"https:\/\/zlatyrakytnik.sk\/hu\/wp-json\/wp\/v2\/product_brand?post=36319"},{"taxonomy":"product_cat","embeddable":true,"href":"https:\/\/zlatyrakytnik.sk\/hu\/wp-json\/wp\/v2\/product_cat?post=36319"},{"taxonomy":"product_tag","embeddable":true,"href":"https:\/\/zlatyrakytnik.sk\/hu\/wp-json\/wp\/v2\/product_tag?post=36319"},{"taxonomy":"giftcard-category","embeddable":true,"href":"https:\/\/zlatyrakytnik.sk\/hu\/wp-json\/wp\/v2\/giftcard-category?post=36319"}],"curies":[{"name":"wp","href":"https:\/\/api.w.org\/{rel}","templated":true}]}}