{"id":36327,"date":"2026-04-14T11:21:20","date_gmt":"2026-04-14T09:21:20","guid":{"rendered":"https:\/\/zlatyrakytnik.sk\/?post_type=product&#038;p=36327"},"modified":"2026-04-14T11:21:22","modified_gmt":"2026-04-14T09:21:22","slug":"kukkonia-makovy-olej-250-ml","status":"publish","type":"product","link":"https:\/\/zlatyrakytnik.sk\/hu\/termek\/kukkonia-makovy-olej-250-ml\/","title":{"rendered":"Kukkonia makov\u00fd olej, 250 ml"},"content":{"rendered":"<p>Zlo\u017eenie: 100% makov\u00fd olej, lisovan\u00fd za studena<br>Nutri\u010dn\u00e9 hodnoty: Energetick\u00e1 hodnota 3421kJ\/832kcal, Tuky 100g, Z toho nas\u00fdten\u00e9 92g, Sacharidy 0g, Z toho cukry 0g, Bielkoviny 0g, So\u013e 0g, In\u00e9 0g<\/p><p>BALENIE:\u00a0250 ml<\/p><p>SKUPINOV\u00c9 BALENIE:\u00a06 ks<\/p><p>V\u00ddROBCA:\u00a0SLOVAK MAK, s.r.o., Trnavsk\u00e1 cesta, 920 41, Leopoldoov, Prev\u00e1dzka: Ve\u013ek\u00e9 Blahovo<\/p><p>SP\u00d4SOB SPRACOVANIA:\u00a0lisovan\u00fd za studena<\/p>","protected":false},"excerpt":{"rendered":"<p>Makov\u00fd olej je za studena lisovan\u00fd extra panensk\u00fd 100%\u00a0olej\u00a0svetlo\u017eltej a\u017e pomaran\u010dovo\u017eltej farby. Ar\u00f3ma je makov\u00e1 a pripom\u00edna aj lieskov\u00fd orech. Ke\u010f\u017ee obsahuje ve\u013ek\u00e9 mno\u017estvo v\u00e1pnika, \u017eeleza a\u00a0vitam\u00ednu E, je ve\u013emi vhodn\u00fd aj po\u010das tehotenstva a doj\u010denia. Makov\u00fd olej je ve\u013emi chutn\u00fd, pr\u00edjemne vonia a\u00a0je vhodn\u00fd na pr\u00edpravu pokrmov studenej i\u00a0teplej kuchyne, sladk\u00fdch i\u00a0slan\u00fdch pokrmov, do \u0161al\u00e1tov\u00fdch z\u00e1lievok a pou\u017e\u00edva sa aj\u00a0na pe\u010denie.<\/p>","protected":false},"featured_media":36328,"comment_status":"closed","ping_status":"closed","template":"","meta":[],"product_brand":[278],"product_cat":[253],"product_tag":[],"giftcard-category":[],"class_list":{"0":"post-36327","1":"product","2":"type-product","3":"status-publish","4":"has-post-thumbnail","6":"product_brand-kukkonia","7":"product_cat-spajza","9":"first","10":"instock","11":"taxable","12":"shipping-taxable","13":"purchasable","14":"product-type-simple"},"_links":{"self":[{"href":"https:\/\/zlatyrakytnik.sk\/hu\/wp-json\/wp\/v2\/product\/36327","targetHints":{"allow":["GET"]}}],"collection":[{"href":"https:\/\/zlatyrakytnik.sk\/hu\/wp-json\/wp\/v2\/product"}],"about":[{"href":"https:\/\/zlatyrakytnik.sk\/hu\/wp-json\/wp\/v2\/types\/product"}],"replies":[{"embeddable":true,"href":"https:\/\/zlatyrakytnik.sk\/hu\/wp-json\/wp\/v2\/comments?post=36327"}],"wp:featuredmedia":[{"embeddable":true,"href":"https:\/\/zlatyrakytnik.sk\/hu\/wp-json\/wp\/v2\/media\/36328"}],"wp:attachment":[{"href":"https:\/\/zlatyrakytnik.sk\/hu\/wp-json\/wp\/v2\/media?parent=36327"}],"wp:term":[{"taxonomy":"product_brand","embeddable":true,"href":"https:\/\/zlatyrakytnik.sk\/hu\/wp-json\/wp\/v2\/product_brand?post=36327"},{"taxonomy":"product_cat","embeddable":true,"href":"https:\/\/zlatyrakytnik.sk\/hu\/wp-json\/wp\/v2\/product_cat?post=36327"},{"taxonomy":"product_tag","embeddable":true,"href":"https:\/\/zlatyrakytnik.sk\/hu\/wp-json\/wp\/v2\/product_tag?post=36327"},{"taxonomy":"giftcard-category","embeddable":true,"href":"https:\/\/zlatyrakytnik.sk\/hu\/wp-json\/wp\/v2\/giftcard-category?post=36327"}],"curies":[{"name":"wp","href":"https:\/\/api.w.org\/{rel}","templated":true}]}}