{"id":36329,"date":"2026-04-14T11:39:01","date_gmt":"2026-04-14T09:39:01","guid":{"rendered":"https:\/\/zlatyrakytnik.sk\/?post_type=product&#038;p=36329"},"modified":"2026-04-14T11:39:04","modified_gmt":"2026-04-14T09:39:04","slug":"kukkonia-mleta-paprika","status":"publish","type":"product","link":"https:\/\/zlatyrakytnik.sk\/hu\/termek\/kukkonia-mleta-paprika\/","title":{"rendered":"Kukkonia mlet\u00e1 paprika"},"content":{"rendered":"<p>V\u00ddROBCA:\u00a0Juraj Papp &#8211; ZELFRUCT-PAPAS, Hlavn\u00e1 117, 946 38,, Radva\u0148 nad Dunajom<\/p>","protected":false},"excerpt":{"rendered":"<p>\u017ditn\u00fd ostrov &#8211; na\u0161a Zlat\u00e1 z\u00e1hrada &#8211; je typickou oblas\u0165ou pestovania\u00a0papriky. Z\u00e1kladom takmer ka\u017ed\u00e9ho m\u00e4sov\u00e9ho aj vegetari\u00e1nskeho pokrmu\u00a0je paprika v jej \u010derstvej alebo mletej podobe. Lahodn\u00fa chu\u0165 va\u0161im ob\u013e\u00faben\u00fdm jedl\u00e1m dod\u00e1 na\u0161a paprika mlet\u00e1.<\/p>","protected":false},"featured_media":36337,"comment_status":"closed","ping_status":"closed","template":"","meta":[],"product_brand":[278],"product_cat":[253,445],"product_tag":[],"giftcard-category":[],"class_list":{"0":"post-36329","1":"product","2":"type-product","3":"status-publish","4":"has-post-thumbnail","6":"product_brand-kukkonia","7":"product_cat-spajza","8":"product_cat-korenie","10":"first","11":"instock","12":"taxable","13":"shipping-taxable","14":"purchasable","15":"product-type-variable"},"_links":{"self":[{"href":"https:\/\/zlatyrakytnik.sk\/hu\/wp-json\/wp\/v2\/product\/36329","targetHints":{"allow":["GET"]}}],"collection":[{"href":"https:\/\/zlatyrakytnik.sk\/hu\/wp-json\/wp\/v2\/product"}],"about":[{"href":"https:\/\/zlatyrakytnik.sk\/hu\/wp-json\/wp\/v2\/types\/product"}],"replies":[{"embeddable":true,"href":"https:\/\/zlatyrakytnik.sk\/hu\/wp-json\/wp\/v2\/comments?post=36329"}],"wp:featuredmedia":[{"embeddable":true,"href":"https:\/\/zlatyrakytnik.sk\/hu\/wp-json\/wp\/v2\/media\/36337"}],"wp:attachment":[{"href":"https:\/\/zlatyrakytnik.sk\/hu\/wp-json\/wp\/v2\/media?parent=36329"}],"wp:term":[{"taxonomy":"product_brand","embeddable":true,"href":"https:\/\/zlatyrakytnik.sk\/hu\/wp-json\/wp\/v2\/product_brand?post=36329"},{"taxonomy":"product_cat","embeddable":true,"href":"https:\/\/zlatyrakytnik.sk\/hu\/wp-json\/wp\/v2\/product_cat?post=36329"},{"taxonomy":"product_tag","embeddable":true,"href":"https:\/\/zlatyrakytnik.sk\/hu\/wp-json\/wp\/v2\/product_tag?post=36329"},{"taxonomy":"giftcard-category","embeddable":true,"href":"https:\/\/zlatyrakytnik.sk\/hu\/wp-json\/wp\/v2\/giftcard-category?post=36329"}],"curies":[{"name":"wp","href":"https:\/\/api.w.org\/{rel}","templated":true}]}}