{"id":36338,"date":"2026-04-14T11:52:26","date_gmt":"2026-04-14T09:52:26","guid":{"rendered":"https:\/\/zlatyrakytnik.sk\/?post_type=product&#038;p=36338"},"modified":"2026-04-14T11:54:09","modified_gmt":"2026-04-14T09:54:09","slug":"kukkonia-chutney-cibulove-200-g","status":"publish","type":"product","link":"https:\/\/zlatyrakytnik.sk\/hu\/termek\/kukkonia-chutney-cibulove-200-g\/","title":{"rendered":"Kukkonia chutney cibu\u013eov\u00e9, 200 g"},"content":{"rendered":"<p>Zlo\u017eenie: cibu\u013ea \u010derven\u00e1, v\u00edno, cukor, med, slne\u010dnicov\u00fd olej, jedl\u00e1 so\u013e. Vyroben\u00e9 z 276 g cibule na 100 g hotov\u00e9ho v\u00fdrobku.<br>Nutri\u010dn\u00e9 hodnoty: Energetick\u00e1 hodnota 825,5kJ\/195,6kcal, Tuky 4,71g, Z toho nas\u00fdten\u00e9 0,49g, Sacharidy 35,82g, Z toho cukry 31,5g, Bielkoviny 2,49g, So\u013e 1,93g<\/p><p>BALENIE:&nbsp;200 g<\/p><p>SKUPINOV\u00c9 BALENIE:&nbsp;6 ks<\/p><p>V\u00ddROBCA:&nbsp;AGROSUN spol. s r.o., \u0160t\u00farova 1090\/7, 929 01, Dunajsk\u00e1 Streda<\/p><p>SP\u00d4SOB SPRACOVANIA:&nbsp;sterilizovan\u00e9<\/p>","protected":false},"excerpt":{"rendered":"<p>Zlo\u017eenie: cibu\u013ea \u010derven\u00e1, v\u00edno, cukor, med, slne\u010dnicov\u00fd olej, jedl\u00e1 so\u013e. Vyroben\u00e9 z 276 g cibule na 100 g hotov\u00e9ho v\u00fdrobku.Nutri\u010dn\u00e9 hodnoty: Energetick\u00e1 hodnota 825,5kJ\/195,6kcal, Tuky 4,71g, Z toho nas\u00fdten\u00e9 0,49g, Sacharidy 35,82g, Z toho cukry 31,5g, Bielkoviny 2,49g, So\u013e 1,93g BALENIE:&nbsp;200 g SKUPINOV\u00c9 BALENIE:&nbsp;6 ks V\u00ddROBCA:&nbsp;AGROSUN spol. s r.o., \u0160t\u00farova 1090\/7, 929 01, Dunajsk\u00e1 Streda [&hellip;]<\/p>","protected":false},"featured_media":36339,"comment_status":"closed","ping_status":"closed","template":"","meta":[],"product_brand":[278],"product_cat":[253,254],"product_tag":[],"giftcard-category":[],"class_list":{"0":"post-36338","1":"product","2":"type-product","3":"status-publish","4":"has-post-thumbnail","6":"product_brand-kukkonia","7":"product_cat-spajza","8":"product_cat-zavaraniny","10":"first","11":"instock","12":"taxable","13":"shipping-taxable","14":"purchasable","15":"product-type-simple"},"_links":{"self":[{"href":"https:\/\/zlatyrakytnik.sk\/hu\/wp-json\/wp\/v2\/product\/36338","targetHints":{"allow":["GET"]}}],"collection":[{"href":"https:\/\/zlatyrakytnik.sk\/hu\/wp-json\/wp\/v2\/product"}],"about":[{"href":"https:\/\/zlatyrakytnik.sk\/hu\/wp-json\/wp\/v2\/types\/product"}],"replies":[{"embeddable":true,"href":"https:\/\/zlatyrakytnik.sk\/hu\/wp-json\/wp\/v2\/comments?post=36338"}],"wp:featuredmedia":[{"embeddable":true,"href":"https:\/\/zlatyrakytnik.sk\/hu\/wp-json\/wp\/v2\/media\/36339"}],"wp:attachment":[{"href":"https:\/\/zlatyrakytnik.sk\/hu\/wp-json\/wp\/v2\/media?parent=36338"}],"wp:term":[{"taxonomy":"product_brand","embeddable":true,"href":"https:\/\/zlatyrakytnik.sk\/hu\/wp-json\/wp\/v2\/product_brand?post=36338"},{"taxonomy":"product_cat","embeddable":true,"href":"https:\/\/zlatyrakytnik.sk\/hu\/wp-json\/wp\/v2\/product_cat?post=36338"},{"taxonomy":"product_tag","embeddable":true,"href":"https:\/\/zlatyrakytnik.sk\/hu\/wp-json\/wp\/v2\/product_tag?post=36338"},{"taxonomy":"giftcard-category","embeddable":true,"href":"https:\/\/zlatyrakytnik.sk\/hu\/wp-json\/wp\/v2\/giftcard-category?post=36338"}],"curies":[{"name":"wp","href":"https:\/\/api.w.org\/{rel}","templated":true}]}}