{"id":36340,"date":"2026-04-14T11:58:34","date_gmt":"2026-04-14T09:58:34","guid":{"rendered":"https:\/\/zlatyrakytnik.sk\/?post_type=product&#038;p=36340"},"modified":"2026-04-14T11:58:35","modified_gmt":"2026-04-14T09:58:35","slug":"jalapeno-papricky-krajane-200-g","status":"publish","type":"product","link":"https:\/\/zlatyrakytnik.sk\/hu\/termek\/jalapeno-papricky-krajane-200-g\/","title":{"rendered":"Jalape\u0148o papri\u010dky kr\u00e1jan\u00e9 200 g"},"content":{"rendered":"<p>Zlo\u017eenie: jalape\u00f1o, pitn\u00e1 voda, kvasn\u00fd ocot liehov\u00fd, cukor, jedl\u00e1 so\u013e, koreniny (obsahuje hor\u010di\u010dn\u00e9 semeno). M\u00f4\u017ee obsahova\u0165 zeler, sezam, glut\u00e9n, s\u00f3ju, ara\u0161idy, vajcia a mlieko.<br>Nutri\u010dn\u00e9 hodnoty: Energetick\u00e1 hodnota 281kJ\/66kcal, Tuky 0,5g, Z toho nas\u00fdten\u00e9 0,1g, Sacharidy 16g, Z toho cukry 14g, Bielkoviny 0,5g, So\u013e 2,0g<\/p><p>SKLADOVANIE:\u00a0Skladova\u0165 v suchu pri izbovej teplote a chr\u00e1ni\u0165 pred p\u00f4soben\u00edm priameho slne\u010dn\u00e9ho \u017eiarenia a pred mrazom. Pred pou\u017eit\u00edm potrepa\u0165. Pomer riedenia: 1:7. Po otvoren\u00ed skladova\u0165 v chlade od +4 do +8 \u00b0C a spotrebova\u0165 do 5 dn\u00ed.<\/p><p>V\u00ddROBCA:\u00a0AGROSUN spol. s r.o., \u0160t\u00farova 1090\/7, 929 01, Dunajsk\u00e1 Streda<\/p>","protected":false},"excerpt":{"rendered":"<p>Pl\u00e1tky Jalapena v sladkokyslom pikantnom n\u00e1leve odpor\u00fa\u010dame t\u00fdm, ktor\u00ed maj\u00fa radi pikantn\u00e9 chute. Kolieska dom\u00e1cej papriky dodaj\u00fa pikantn\u00fa chu\u0165 sendvi\u010dom, hamburgerom a m\u00e4sov\u00fdm jedl\u00e1m. Tepelne spracovan\u00e9, bez umel\u00fdch farb\u00edv a konzerva\u010dn\u00fdch l\u00e1tok.<\/p>","protected":false},"featured_media":36341,"comment_status":"closed","ping_status":"closed","template":"","meta":[],"product_brand":[278],"product_cat":[253,254],"product_tag":[],"giftcard-category":[],"class_list":{"0":"post-36340","1":"product","2":"type-product","3":"status-publish","4":"has-post-thumbnail","6":"product_brand-kukkonia","7":"product_cat-spajza","8":"product_cat-zavaraniny","10":"first","11":"instock","12":"taxable","13":"shipping-taxable","14":"purchasable","15":"product-type-simple"},"_links":{"self":[{"href":"https:\/\/zlatyrakytnik.sk\/hu\/wp-json\/wp\/v2\/product\/36340","targetHints":{"allow":["GET"]}}],"collection":[{"href":"https:\/\/zlatyrakytnik.sk\/hu\/wp-json\/wp\/v2\/product"}],"about":[{"href":"https:\/\/zlatyrakytnik.sk\/hu\/wp-json\/wp\/v2\/types\/product"}],"replies":[{"embeddable":true,"href":"https:\/\/zlatyrakytnik.sk\/hu\/wp-json\/wp\/v2\/comments?post=36340"}],"wp:featuredmedia":[{"embeddable":true,"href":"https:\/\/zlatyrakytnik.sk\/hu\/wp-json\/wp\/v2\/media\/36341"}],"wp:attachment":[{"href":"https:\/\/zlatyrakytnik.sk\/hu\/wp-json\/wp\/v2\/media?parent=36340"}],"wp:term":[{"taxonomy":"product_brand","embeddable":true,"href":"https:\/\/zlatyrakytnik.sk\/hu\/wp-json\/wp\/v2\/product_brand?post=36340"},{"taxonomy":"product_cat","embeddable":true,"href":"https:\/\/zlatyrakytnik.sk\/hu\/wp-json\/wp\/v2\/product_cat?post=36340"},{"taxonomy":"product_tag","embeddable":true,"href":"https:\/\/zlatyrakytnik.sk\/hu\/wp-json\/wp\/v2\/product_tag?post=36340"},{"taxonomy":"giftcard-category","embeddable":true,"href":"https:\/\/zlatyrakytnik.sk\/hu\/wp-json\/wp\/v2\/giftcard-category?post=36340"}],"curies":[{"name":"wp","href":"https:\/\/api.w.org\/{rel}","templated":true}]}}