{"id":36343,"date":"2026-04-14T12:28:52","date_gmt":"2026-04-14T10:28:52","guid":{"rendered":"https:\/\/zlatyrakytnik.sk\/?post_type=product&#038;p=36343"},"modified":"2026-04-14T12:29:33","modified_gmt":"2026-04-14T10:29:33","slug":"tmava-cokolada-s-marhulami-72-kukkonia-105-g","status":"publish","type":"product","link":"https:\/\/zlatyrakytnik.sk\/hu\/termek\/tmava-cokolada-s-marhulami-72-kukkonia-105-g\/","title":{"rendered":"Tmav\u00e1 \u010dokol\u00e1da s marhu\u013eami 72% Kukkonia, 105 g"},"content":{"rendered":"<p>Zlo\u017eenie: kakaov\u00e1 hmota, cukor, kakaov\u00e9 maslo, lieskov\u00e9 orie\u0161ky, lyofilizovan\u00e9 ovocie (brosky\u0148a, slivka), su\u0161en\u00e9 plnotu\u010dn\u00e9 mlieko, \u0161korica, bady\u00e1n, kardam\u00f3n, klin\u010dek, kyselina citr\u00f3nov\u00e1, so\u013e, rastlinn\u00fd olej kokosov\u00fd. Emulg\u00e1tor: s\u00f3jov\u00fd lecit\u00edn, ar\u00f3ma: pr\u00edrodn\u00e1 vanilka. Kakaov\u00e1 su\u0161ina najmenej 72 % v horkej \u010dokol\u00e1de. Alerg\u00e9ny: lieskov\u00e9 orie\u0161ky, su\u0161en\u00e9 plnotu\u010dn\u00e9 mlieko, s\u00f3jov\u00fd lecit\u00edn.<br>Nutri\u010dn\u00e9 hodnoty: Energetick\u00e1 hodnota 2365kJ\/565kcal, Tuky 43,1g, Z toho nas\u00fdten\u00e9 25,9g, Sacharidy 28,7g, Z toho cukry 24,8g, Bielkoviny 8,2g, So\u013e 0,02g<\/p>","protected":false},"excerpt":{"rendered":"<p>Tmav\u00e1 \u010dokol\u00e1da s marhu\u013eami\u00a0je\u00a0dielom poctivej ru\u010dnej v\u00fdroby.\u00a0Kakaov\u00e1 su\u0161ina, ktor\u00e1 tvor\u00ed najmenej 72% horkej \u010dokol\u00e1dy, dokonale lad\u00ed so sladkou chu\u0165ou marh\u00fa\u013e.<\/p>","protected":false},"featured_media":36344,"comment_status":"closed","ping_status":"closed","template":"","meta":[],"product_brand":[278],"product_cat":[259],"product_tag":[],"giftcard-category":[],"class_list":{"0":"post-36343","1":"product","2":"type-product","3":"status-publish","4":"has-post-thumbnail","6":"product_brand-kukkonia","7":"product_cat-snacky-slane-sladke","9":"first","10":"instock","11":"sale","12":"taxable","13":"shipping-taxable","14":"purchasable","15":"product-type-simple"},"_links":{"self":[{"href":"https:\/\/zlatyrakytnik.sk\/hu\/wp-json\/wp\/v2\/product\/36343","targetHints":{"allow":["GET"]}}],"collection":[{"href":"https:\/\/zlatyrakytnik.sk\/hu\/wp-json\/wp\/v2\/product"}],"about":[{"href":"https:\/\/zlatyrakytnik.sk\/hu\/wp-json\/wp\/v2\/types\/product"}],"replies":[{"embeddable":true,"href":"https:\/\/zlatyrakytnik.sk\/hu\/wp-json\/wp\/v2\/comments?post=36343"}],"wp:featuredmedia":[{"embeddable":true,"href":"https:\/\/zlatyrakytnik.sk\/hu\/wp-json\/wp\/v2\/media\/36344"}],"wp:attachment":[{"href":"https:\/\/zlatyrakytnik.sk\/hu\/wp-json\/wp\/v2\/media?parent=36343"}],"wp:term":[{"taxonomy":"product_brand","embeddable":true,"href":"https:\/\/zlatyrakytnik.sk\/hu\/wp-json\/wp\/v2\/product_brand?post=36343"},{"taxonomy":"product_cat","embeddable":true,"href":"https:\/\/zlatyrakytnik.sk\/hu\/wp-json\/wp\/v2\/product_cat?post=36343"},{"taxonomy":"product_tag","embeddable":true,"href":"https:\/\/zlatyrakytnik.sk\/hu\/wp-json\/wp\/v2\/product_tag?post=36343"},{"taxonomy":"giftcard-category","embeddable":true,"href":"https:\/\/zlatyrakytnik.sk\/hu\/wp-json\/wp\/v2\/giftcard-category?post=36343"}],"curies":[{"name":"wp","href":"https:\/\/api.w.org\/{rel}","templated":true}]}}