{"id":36348,"date":"2026-04-14T12:34:04","date_gmt":"2026-04-14T10:34:04","guid":{"rendered":"https:\/\/zlatyrakytnik.sk\/?post_type=product&#038;p=36348"},"modified":"2026-04-14T12:34:05","modified_gmt":"2026-04-14T10:34:05","slug":"biela-cokolada-s-makom-kukkonia-95-g","status":"publish","type":"product","link":"https:\/\/zlatyrakytnik.sk\/hu\/termek\/biela-cokolada-s-makom-kukkonia-95-g\/","title":{"rendered":"Biela \u010dokol\u00e1da s makom Kukkonia, 95 g"},"content":{"rendered":"<p>Zlo\u017eenie: cukor, kakaov\u00e9 maslo, su\u0161en\u00e9 plnotu\u010dn\u00e9 mlieko, kakaov\u00e1 hmota, mandle, lyofilizovan\u00e9 ovocie (\u010dernica, \u010du\u010doriedka, r\u00edbezle), vla\u0161sk\u00e9 orechy, kukuri\u010dn\u00e9 lupienky (kukuri\u010dn\u00e1 krupica, cukor, kakaov\u00fd pr\u00e1\u0161ok, slne\u010dnicov\u00fd olej, jedl\u00e1 so\u013e, dextr\u00f3za, emulg\u00e1tor: slne\u010dnicov\u00fd lecit\u00edn, invertn\u00fd cukrov\u00fd sirup, melasa, regul\u00e1tor kyslosti, pr\u00edrodn\u00e1 ar\u00f3ma), \u0161korica, k\u00e1va, emulg\u00e1tor: s\u00f3jov\u00fd lecit\u00edn, ar\u00f3ma: pr\u00edrodn\u00e1 vanilka. Kakaov\u00e1 su\u0161ina najmenej 33,6 % v mlie\u010dnej \u010dokol\u00e1de. Alerg\u00e9ny: su\u0161en\u00e9 plnotu\u010dn\u00e9 mlieko, mandle, vla\u0161sk\u00e9 orechy, s\u00f3jov\u00fd lecit\u00edn.<br>Nutri\u010dn\u00e9 hodnoty: Energetick\u00e1 hodnota 2360kJ\/564kcal, Tuky 35,9g, Z toho nas\u00fdten\u00e9 25g, Sacharidy 52,3g, Z toho cukry 51,6g, Bielkoviny 6,7g, So\u013e 0,2g<\/p>","protected":false},"excerpt":{"rendered":"<p>Biela \u010dokol\u00e1da s makom\u00a0je\u00a0dielom poctivej ru\u010dnej v\u00fdroby.\u00a0Kakaov\u00e1 su\u0161ina, ktor\u00e1 tvor\u00ed najmenej 33,6 %\u00a0mlie\u010dnej \u010dokol\u00e1dy, dokonale lad\u00ed s chu\u0165ou drobn\u00fdch\u00a0zrnie\u010dok\u00a0maku.<\/p>","protected":false},"featured_media":36345,"comment_status":"closed","ping_status":"closed","template":"","meta":[],"product_brand":[278],"product_cat":[259],"product_tag":[],"giftcard-category":[],"class_list":{"0":"post-36348","1":"product","2":"type-product","3":"status-publish","4":"has-post-thumbnail","6":"product_brand-kukkonia","7":"product_cat-snacky-slane-sladke","9":"first","10":"instock","11":"sale","12":"taxable","13":"shipping-taxable","14":"purchasable","15":"product-type-simple"},"_links":{"self":[{"href":"https:\/\/zlatyrakytnik.sk\/hu\/wp-json\/wp\/v2\/product\/36348","targetHints":{"allow":["GET"]}}],"collection":[{"href":"https:\/\/zlatyrakytnik.sk\/hu\/wp-json\/wp\/v2\/product"}],"about":[{"href":"https:\/\/zlatyrakytnik.sk\/hu\/wp-json\/wp\/v2\/types\/product"}],"replies":[{"embeddable":true,"href":"https:\/\/zlatyrakytnik.sk\/hu\/wp-json\/wp\/v2\/comments?post=36348"}],"wp:featuredmedia":[{"embeddable":true,"href":"https:\/\/zlatyrakytnik.sk\/hu\/wp-json\/wp\/v2\/media\/36345"}],"wp:attachment":[{"href":"https:\/\/zlatyrakytnik.sk\/hu\/wp-json\/wp\/v2\/media?parent=36348"}],"wp:term":[{"taxonomy":"product_brand","embeddable":true,"href":"https:\/\/zlatyrakytnik.sk\/hu\/wp-json\/wp\/v2\/product_brand?post=36348"},{"taxonomy":"product_cat","embeddable":true,"href":"https:\/\/zlatyrakytnik.sk\/hu\/wp-json\/wp\/v2\/product_cat?post=36348"},{"taxonomy":"product_tag","embeddable":true,"href":"https:\/\/zlatyrakytnik.sk\/hu\/wp-json\/wp\/v2\/product_tag?post=36348"},{"taxonomy":"giftcard-category","embeddable":true,"href":"https:\/\/zlatyrakytnik.sk\/hu\/wp-json\/wp\/v2\/giftcard-category?post=36348"}],"curies":[{"name":"wp","href":"https:\/\/api.w.org\/{rel}","templated":true}]}}