{"id":6605,"date":"2020-12-01T15:30:27","date_gmt":"2020-12-01T14:30:27","guid":{"rendered":"https:\/\/zlatyrakytnik.sk\/product\/100-bio-stava-z-rakytnika\/"},"modified":"2026-02-23T09:10:53","modified_gmt":"2026-02-23T08:10:53","slug":"100-bio-stava-z-rakytnika-za-studena-lisovana","status":"publish","type":"product","link":"https:\/\/zlatyrakytnik.sk\/hu\/termek\/100-bio-stava-z-rakytnika-za-studena-lisovana\/","title":{"rendered":"100% BIO \u0161\u0165ava z rakytn\u00edka \u2013 vr\u00e1tane oleja"},"content":{"rendered":"<table width=\"294\">\n<tbody>\n<tr>\n<td colspan=\"5\" width=\"294\"><strong>V\u00fd\u017eivov\u00e9 hodnoty v 100ml:<\/strong><\/td>\n<\/tr>\n<tr>\n<td colspan=\"4\">Energetick\u00e1 hodnota<\/td>\n<td style=\"text-align: right;\">260kJ\/62kcal<\/td>\n<\/tr>\n<tr>\n<td colspan=\"4\">Tuky<\/td>\n<td style=\"text-align: right;\">4,25g<\/td>\n<\/tr>\n<tr>\n<td colspan=\"4\">z toho nas\u00fdten\u00e9 mastn\u00e9 kyseliny<\/td>\n<td style=\"text-align: right;\">1,53g<\/td>\n<\/tr>\n<tr>\n<td colspan=\"4\">Sacharidy<\/td>\n<td style=\"text-align: right;\">5,25g<\/td>\n<\/tr>\n<tr>\n<td colspan=\"4\">z toho cukry<\/td>\n<td style=\"text-align: right;\">0,69g<\/td>\n<\/tr>\n<tr>\n<td colspan=\"4\">Vl\u00e1knina<\/td>\n<td style=\"text-align: right;\">0,64g<\/td>\n<\/tr>\n<tr>\n<td colspan=\"4\">Bielkoviny<\/td>\n<td style=\"text-align: right;\">0,96g<\/td>\n<\/tr>\n<tr>\n<td colspan=\"4\">So\u013e<\/td>\n<td style=\"text-align: right;\">0,04g<\/td>\n<\/tr>\n<\/tbody>\n<\/table>","protected":false},"excerpt":{"rendered":"<p>100%-n\u00e1 BIO \u0161\u0165ava z\u00a0BIO rakytn\u00edka re\u0161etliakovit\u00e9ho ur\u010den\u00e1 na priamu spotrebu. \u0160\u0165ava je lisovan\u00e1 za studena z\u00a0ru\u010dne zbieran\u00fdch plodov rastliny s\u00a0vysok\u00fdm obsahom oleja. Bez pridan\u00fdch konzerva\u010dn\u00fdch l\u00e1tok a sladidiel. Nerieden\u00e9, pasterizovan\u00e9. Po otvoren\u00ed spotrebujte do 10 dn\u00ed. Pribli\u017ene 10 bobuliek rakytn\u00edka obsahuje odpor\u00fa\u010dan\u00fa denn\u00fa d\u00e1vku vitam\u00ednu C. Odpor\u00fa\u010dan\u00e1 denn\u00e1 d\u00e1vka rakytn\u00edkovej \u0161\u0165avy je 2 x 20ml.<\/p>","protected":false},"featured_media":10182,"comment_status":"open","ping_status":"closed","template":"","meta":[],"product_brand":[277],"product_cat":[236,275,237,238],"product_tag":[191],"giftcard-category":[],"class_list":{"0":"post-6605","1":"product","2":"type-product","3":"status-publish","4":"has-post-thumbnail","6":"product_brand-tvrdosovske-zlato","7":"product_cat-topky","8":"product_cat-tvrdosovske-zlato","9":"product_cat-bobulove-stavy","10":"product_cat-rakytnik","11":"product_tag-tvrdosovske-zlato","13":"first","14":"instock","15":"taxable","16":"shipping-taxable","17":"purchasable","18":"product-type-variable"},"_links":{"self":[{"href":"https:\/\/zlatyrakytnik.sk\/hu\/wp-json\/wp\/v2\/product\/6605","targetHints":{"allow":["GET"]}}],"collection":[{"href":"https:\/\/zlatyrakytnik.sk\/hu\/wp-json\/wp\/v2\/product"}],"about":[{"href":"https:\/\/zlatyrakytnik.sk\/hu\/wp-json\/wp\/v2\/types\/product"}],"replies":[{"embeddable":true,"href":"https:\/\/zlatyrakytnik.sk\/hu\/wp-json\/wp\/v2\/comments?post=6605"}],"wp:featuredmedia":[{"embeddable":true,"href":"https:\/\/zlatyrakytnik.sk\/hu\/wp-json\/wp\/v2\/media\/10182"}],"wp:attachment":[{"href":"https:\/\/zlatyrakytnik.sk\/hu\/wp-json\/wp\/v2\/media?parent=6605"}],"wp:term":[{"taxonomy":"product_brand","embeddable":true,"href":"https:\/\/zlatyrakytnik.sk\/hu\/wp-json\/wp\/v2\/product_brand?post=6605"},{"taxonomy":"product_cat","embeddable":true,"href":"https:\/\/zlatyrakytnik.sk\/hu\/wp-json\/wp\/v2\/product_cat?post=6605"},{"taxonomy":"product_tag","embeddable":true,"href":"https:\/\/zlatyrakytnik.sk\/hu\/wp-json\/wp\/v2\/product_tag?post=6605"},{"taxonomy":"giftcard-category","embeddable":true,"href":"https:\/\/zlatyrakytnik.sk\/hu\/wp-json\/wp\/v2\/giftcard-category?post=6605"}],"curies":[{"name":"wp","href":"https:\/\/api.w.org\/{rel}","templated":true}]}}