{"id":6614,"date":"2020-12-01T15:28:52","date_gmt":"2020-12-01T14:28:52","guid":{"rendered":"https:\/\/zlatyrakytnik.sk\/product\/100-bio-sypany-caj-z-celej-rastliny\/"},"modified":"2025-12-01T00:00:52","modified_gmt":"2025-11-30T23:00:52","slug":"sypany-caj","status":"publish","type":"product","link":"https:\/\/zlatyrakytnik.sk\/hu\/termek\/sypany-caj\/","title":{"rendered":"Sypan\u00fd \u010daj"},"content":{"rendered":"<h4>100% BIO Rakytn\u00edk, sypan\u00fd \u010daj<\/h4>\n<p>je zmes \u0161etrne su\u0161en\u00fdch plodov s max. 3% obsahom listov rakytn\u00edka re\u0161etliakov\u00e9ho.<\/p>\n<p><b>Pr\u00edprava:<\/b> 1 \u010dajov\u00fa ly\u017ei\u010dku \u010dajoviny zalia\u0165 s 2 dl hor\u00facej vody a necha\u0165 vyl\u00fahova\u0165 10 min\u00fat.<\/p>\n<table width=\"294\">\n<tbody>\n<tr>\n<td colspan=\"5\" width=\"294\"><strong>V\u00fd\u017eivov\u00e9 hodnoty v 100ml:<\/strong><\/td>\n<\/tr>\n<tr>\n<td colspan=\"4\">Energetick\u00e1 hodnota<\/td>\n<td style=\"text-align: right\">1478kJ\/357kcal<\/td>\n<\/tr>\n<tr>\n<td colspan=\"4\">Tuky<\/td>\n<td style=\"text-align: right\">15g<\/td>\n<\/tr>\n<tr>\n<td colspan=\"4\">z toho nas\u00fdten\u00e9 mastn\u00e9 kyseliny<\/td>\n<td style=\"text-align: right\">3,8g<\/td>\n<\/tr>\n<tr>\n<td colspan=\"4\">Sacharidy<\/td>\n<td style=\"text-align: right\">17g<\/td>\n<\/tr>\n<tr>\n<td colspan=\"4\">z toho cukry<\/td>\n<td style=\"text-align: right\">&lt; 0,5<span style=\"font-family: inherit;font-size: inherit\">g<\/span><\/td>\n<\/tr>\n<tr>\n<td colspan=\"4\">Vl\u00e1knina<\/td>\n<td style=\"text-align: right\">41g<\/td>\n<\/tr>\n<tr>\n<td colspan=\"4\">Bielkoviny<\/td>\n<td style=\"text-align: right\">18g<\/td>\n<\/tr>\n<tr>\n<td colspan=\"4\">So\u013e<\/td>\n<td style=\"text-align: right\">0,13g<\/td>\n<\/tr>\n<\/tbody>\n<\/table>\n<h4>Sypan\u00fd \u010daj bylinkov\u00fd so su\u0161en\u00fdmi plodmi BIO rakytn\u00edka<\/h4>\n<p><b>Zlo\u017eenie:<\/b> bio rakytn\u00edk re\u0161etliakov\u00fd 40%, bazov\u00e9 kvety 40%, necht\u00edk kvety rezan\u00e9 10%, m\u00e4ta listy rezan\u00e9 10%. Bez pr\u00edmes\u00ed. Skladujte na tmavom a suchom mieste.<\/p><h4 class=\"wp-block-heading\">Sypan\u00fd \u010daj ovocn\u00fd so su\u0161en\u00fdmi plodmi BIO rakytn\u00edka<\/h4><p><strong>Zlo\u017eenie:<\/strong> bio rakytn\u00edk re\u0161etliakov\u00fd 40%, jablko kocky 30%, \u0161\u00edpky plody rezan\u00e9 10%, \u010dierne r\u00edbezle plody 10%, ibi\u0161tek kvety rezan\u00e9 10%. Bez pr\u00edmes\u00ed. Skladujte na tmavom a suchom mieste. <\/p><p>Po otvoren\u00ed odpor\u00fa\u010dame spotrebova\u0165 do 30tich dn\u00ed.<\/p><p><strong>Pr\u00edprava:<\/strong> bohat\u00fa \u010dajov\u00fa ly\u017ei\u010dku su\u0161en\u00e9ho ovocia zalia\u0165 s 2 dcl hor\u00facej vody a necha\u0165 l\u00fahova\u0165 6-8 min\u00fat.<\/p><p><strong>Hmotnos\u0165:<\/strong> 50 g<\/p><p><strong>Pestovate\u013e a v\u00fdrobca:<\/strong>&nbsp;<strong>PD&nbsp;Tvrdo\u0161ovce,<\/strong> Szech\u00e9nyiho 10, Tvrdo\u0161ovce, Slovensko<\/p><p><\/p>","protected":false},"excerpt":{"rendered":"<p>100% BIO Rakytn\u00edk, sypan\u00fd \u010daj je zmes \u0161etrne su\u0161en\u00fdch plodov s max. 3% obsahom listov rakytn\u00edka re\u0161etliakov\u00e9ho. Pr\u00edprava: 1 \u010dajov\u00fa ly\u017ei\u010dku \u010dajoviny zalia\u0165 s 2 dl hor\u00facej vody a necha\u0165 vyl\u00fahova\u0165 10 min\u00fat. V\u00fd\u017eivov\u00e9 hodnoty v 100ml: Energetick\u00e1 hodnota 1478kJ\/357kcal Tuky 15g z toho nas\u00fdten\u00e9 mastn\u00e9 kyseliny 3,8g Sacharidy 17g z toho cukry &lt; 0,5g [&hellip;]<\/p>","protected":false},"featured_media":33722,"comment_status":"open","ping_status":"closed","template":"","meta":[],"product_brand":[277],"product_cat":[275,272],"product_tag":[191],"giftcard-category":[],"class_list":{"0":"post-6614","1":"product","2":"type-product","3":"status-publish","4":"has-post-thumbnail","6":"product_brand-tvrdosovske-zlato","7":"product_cat-tvrdosovske-zlato","8":"product_cat-caj-a-kava","9":"product_tag-tvrdosovske-zlato","11":"first","12":"instock","13":"taxable","14":"shipping-taxable","15":"purchasable","16":"product-type-variable"},"_links":{"self":[{"href":"https:\/\/zlatyrakytnik.sk\/hu\/wp-json\/wp\/v2\/product\/6614","targetHints":{"allow":["GET"]}}],"collection":[{"href":"https:\/\/zlatyrakytnik.sk\/hu\/wp-json\/wp\/v2\/product"}],"about":[{"href":"https:\/\/zlatyrakytnik.sk\/hu\/wp-json\/wp\/v2\/types\/product"}],"replies":[{"embeddable":true,"href":"https:\/\/zlatyrakytnik.sk\/hu\/wp-json\/wp\/v2\/comments?post=6614"}],"wp:featuredmedia":[{"embeddable":true,"href":"https:\/\/zlatyrakytnik.sk\/hu\/wp-json\/wp\/v2\/media\/33722"}],"wp:attachment":[{"href":"https:\/\/zlatyrakytnik.sk\/hu\/wp-json\/wp\/v2\/media?parent=6614"}],"wp:term":[{"taxonomy":"product_brand","embeddable":true,"href":"https:\/\/zlatyrakytnik.sk\/hu\/wp-json\/wp\/v2\/product_brand?post=6614"},{"taxonomy":"product_cat","embeddable":true,"href":"https:\/\/zlatyrakytnik.sk\/hu\/wp-json\/wp\/v2\/product_cat?post=6614"},{"taxonomy":"product_tag","embeddable":true,"href":"https:\/\/zlatyrakytnik.sk\/hu\/wp-json\/wp\/v2\/product_tag?post=6614"},{"taxonomy":"giftcard-category","embeddable":true,"href":"https:\/\/zlatyrakytnik.sk\/hu\/wp-json\/wp\/v2\/giftcard-category?post=6614"}],"curies":[{"name":"wp","href":"https:\/\/api.w.org\/{rel}","templated":true}]}}