{"id":6626,"date":"2020-12-01T15:28:57","date_gmt":"2020-12-01T14:28:57","guid":{"rendered":"https:\/\/zlatyrakytnik.sk\/product\/vceli-med-s-bio-rakytnikom\/"},"modified":"2025-12-01T00:00:52","modified_gmt":"2025-11-30T23:00:52","slug":"vceli-med-s-bio-rakytnikom-so-sipkou","status":"publish","type":"product","link":"https:\/\/zlatyrakytnik.sk\/hu\/termek\/vceli-med-s-bio-rakytnikom-so-sipkou\/","title":{"rendered":"V\u010del\u00ed med s BIO rakytn\u00edkom \/ so \u0161\u00edpkou"},"content":{"rendered":"<p>Spracovate\u013e: PD Tvrdo\u0161ovce, Sz\u00e9ch\u00e9nyiho 10, 941 10 Tvrdo\u0161ovce. Schva\u013eovacie \u010d\u00edslo: 10086<\/p><p><\/p>","protected":false},"excerpt":{"rendered":"<p>Spracovate\u013e: PD Tvrdo\u0161ovce, Sz\u00e9ch\u00e9nyiho 10, 941 10 Tvrdo\u0161ovce. Schva\u013eovacie \u010d\u00edslo: 10086<\/p>","protected":false},"featured_media":33720,"comment_status":"open","ping_status":"closed","template":"","meta":[],"product_brand":[277],"product_cat":[275,418,264],"product_tag":[191],"giftcard-category":[],"class_list":{"0":"post-6626","1":"product","2":"type-product","3":"status-publish","4":"has-post-thumbnail","6":"product_brand-tvrdosovske-zlato","7":"product_cat-tvrdosovske-zlato","8":"product_cat-med-a-vcelie-produkty","9":"product_cat-prirodne-sladidla","10":"product_tag-tvrdosovske-zlato","12":"first","13":"instock","14":"taxable","15":"shipping-taxable","16":"purchasable","17":"product-type-variable"},"_links":{"self":[{"href":"https:\/\/zlatyrakytnik.sk\/hu\/wp-json\/wp\/v2\/product\/6626","targetHints":{"allow":["GET"]}}],"collection":[{"href":"https:\/\/zlatyrakytnik.sk\/hu\/wp-json\/wp\/v2\/product"}],"about":[{"href":"https:\/\/zlatyrakytnik.sk\/hu\/wp-json\/wp\/v2\/types\/product"}],"replies":[{"embeddable":true,"href":"https:\/\/zlatyrakytnik.sk\/hu\/wp-json\/wp\/v2\/comments?post=6626"}],"wp:featuredmedia":[{"embeddable":true,"href":"https:\/\/zlatyrakytnik.sk\/hu\/wp-json\/wp\/v2\/media\/33720"}],"wp:attachment":[{"href":"https:\/\/zlatyrakytnik.sk\/hu\/wp-json\/wp\/v2\/media?parent=6626"}],"wp:term":[{"taxonomy":"product_brand","embeddable":true,"href":"https:\/\/zlatyrakytnik.sk\/hu\/wp-json\/wp\/v2\/product_brand?post=6626"},{"taxonomy":"product_cat","embeddable":true,"href":"https:\/\/zlatyrakytnik.sk\/hu\/wp-json\/wp\/v2\/product_cat?post=6626"},{"taxonomy":"product_tag","embeddable":true,"href":"https:\/\/zlatyrakytnik.sk\/hu\/wp-json\/wp\/v2\/product_tag?post=6626"},{"taxonomy":"giftcard-category","embeddable":true,"href":"https:\/\/zlatyrakytnik.sk\/hu\/wp-json\/wp\/v2\/giftcard-category?post=6626"}],"curies":[{"name":"wp","href":"https:\/\/api.w.org\/{rel}","templated":true}]}}