{"id":6639,"date":"2020-12-01T15:29:05","date_gmt":"2020-12-01T14:29:05","guid":{"rendered":"https:\/\/zlatyrakytnik.sk\/product\/100-bio-hroznova-stava-s-bio-rakytnikom\/"},"modified":"2026-02-26T17:05:00","modified_gmt":"2026-02-26T16:05:00","slug":"100-bio-hroznova-stava-s-bio-rakytnikom","status":"publish","type":"product","link":"https:\/\/zlatyrakytnik.sk\/hu\/termek\/100-bio-hroznova-stava-s-bio-rakytnikom\/","title":{"rendered":"100% BIO hroznov\u00e1 \u0161\u0165ava s BIO rakytn\u00edkom"},"content":{"rendered":"<p>Zlo\u017eenie: bio hroznov\u00e1 \u0161\u0165ava 93%, bio rakytn\u00edkov\u00e1 \u0161\u0165ava 7%<\/p>\n<table width=\"294\">\n<tbody>\n<tr>\n<td colspan=\"5\" width=\"294\"><strong>V\u00fd\u017eivov\u00e9 hodnoty v 100ml:<\/strong><\/td>\n<\/tr>\n<tr>\n<td colspan=\"4\">Energetick\u00e1 hodnota<\/td>\n<td style=\"text-align: right;\">308kJ\/72kcal<\/td>\n<\/tr>\n<tr>\n<td colspan=\"4\">Tuky<\/td>\n<td style=\"text-align: right;\">0,48g<\/td>\n<\/tr>\n<tr>\n<td colspan=\"4\">z toho nas\u00fdten\u00e9 mastn\u00e9 kyseliny<\/td>\n<td style=\"text-align: right;\">0,17g<\/td>\n<\/tr>\n<tr>\n<td colspan=\"4\">Sacharidy<\/td>\n<td style=\"text-align: right;\">13,67g<\/td>\n<\/tr>\n<tr>\n<td colspan=\"4\">z toho cukry<\/td>\n<td style=\"text-align: right;\">13,64g<\/td>\n<\/tr>\n<tr>\n<td colspan=\"4\">Vl\u00e1knina<\/td>\n<td style=\"text-align: right;\">0,40g<\/td>\n<\/tr>\n<tr>\n<td colspan=\"4\">Bielkoviny<\/td>\n<td style=\"text-align: right;\">0,34g<\/td>\n<\/tr>\n<tr>\n<td colspan=\"4\">So\u013e<\/td>\n<td style=\"text-align: right;\">0,00g<\/td>\n<\/tr>\n<\/tbody>\n<\/table>","protected":false},"excerpt":{"rendered":"<p>100%-n\u00fd BIO hroznov\u00e1 \u0161\u0165ava s BIO rakytn\u00edkom, bez pridan\u00fdch konzerva\u010dn\u00fdch l\u00e1tok a sladidiel. Nerieden\u00e9, pasterizovan\u00e9.<\/p>","protected":false},"featured_media":6640,"comment_status":"open","ping_status":"closed","template":"","meta":[],"product_brand":[277],"product_cat":[236,275,243,245,247],"product_tag":[191],"giftcard-category":[],"class_list":{"0":"post-6639","1":"product","2":"type-product","3":"status-publish","4":"has-post-thumbnail","6":"product_brand-tvrdosovske-zlato","7":"product_cat-topky","8":"product_cat-tvrdosovske-zlato","9":"product_cat-prirodne-ovocne-stavy","10":"product_cat-rakytnik-ovocne-stavy-2","11":"product_cat-hrozno","12":"product_tag-tvrdosovske-zlato","14":"first","15":"instock","16":"taxable","17":"shipping-taxable","18":"purchasable","19":"product-type-variable"},"_links":{"self":[{"href":"https:\/\/zlatyrakytnik.sk\/hu\/wp-json\/wp\/v2\/product\/6639","targetHints":{"allow":["GET"]}}],"collection":[{"href":"https:\/\/zlatyrakytnik.sk\/hu\/wp-json\/wp\/v2\/product"}],"about":[{"href":"https:\/\/zlatyrakytnik.sk\/hu\/wp-json\/wp\/v2\/types\/product"}],"replies":[{"embeddable":true,"href":"https:\/\/zlatyrakytnik.sk\/hu\/wp-json\/wp\/v2\/comments?post=6639"}],"wp:featuredmedia":[{"embeddable":true,"href":"https:\/\/zlatyrakytnik.sk\/hu\/wp-json\/wp\/v2\/media\/6640"}],"wp:attachment":[{"href":"https:\/\/zlatyrakytnik.sk\/hu\/wp-json\/wp\/v2\/media?parent=6639"}],"wp:term":[{"taxonomy":"product_brand","embeddable":true,"href":"https:\/\/zlatyrakytnik.sk\/hu\/wp-json\/wp\/v2\/product_brand?post=6639"},{"taxonomy":"product_cat","embeddable":true,"href":"https:\/\/zlatyrakytnik.sk\/hu\/wp-json\/wp\/v2\/product_cat?post=6639"},{"taxonomy":"product_tag","embeddable":true,"href":"https:\/\/zlatyrakytnik.sk\/hu\/wp-json\/wp\/v2\/product_tag?post=6639"},{"taxonomy":"giftcard-category","embeddable":true,"href":"https:\/\/zlatyrakytnik.sk\/hu\/wp-json\/wp\/v2\/giftcard-category?post=6639"}],"curies":[{"name":"wp","href":"https:\/\/api.w.org\/{rel}","templated":true}]}}