{"id":6655,"date":"2020-12-01T15:29:13","date_gmt":"2020-12-01T14:29:13","guid":{"rendered":"https:\/\/zlatyrakytnik.sk\/product\/ceresnovy-lekvar-s-rakytnikom\/"},"modified":"2026-01-15T09:32:53","modified_gmt":"2026-01-15T08:32:53","slug":"ovocne-lekvare-s-rakytnikom","status":"publish","type":"product","link":"https:\/\/zlatyrakytnik.sk\/hu\/termek\/ovocne-lekvare-s-rakytnikom\/","title":{"rendered":"Ovocn\u00e9 lekv\u00e1re s rakytn\u00edkom"},"content":{"rendered":"<p><strong>Marhu\u013eov\u00fd lekv\u00e1r<\/strong><\/p>\n<p>Zlo\u017eenie: marhule 68%, \u017eel\u00edrovac\u00ed cukor ( krupicov\u00fd cukor, pekt\u00edny, kyselina citr\u00f3nov\u00e1, kyselina sorbitov\u00e1), rakytn\u00edk re\u0161etliakov\u00fd<\/p>\n<p>&nbsp;<\/p>\n<p><strong>\u010cere\u0161\u0148ov\u00fd lekv\u00e1r<\/strong><\/p>\n<p>Zlo\u017eenie: \u010dere\u0161\u0148e 65%, \u017eel\u00edrovac\u00ed cukor ( krupicov\u00fd cukor, pekt\u00edny, kyselina citr\u00f3nov\u00e1, kyselina sorbitov\u00e1), rakytn\u00edk re\u0161etliakov\u00fd<\/p>\n<p><b>V\u00fdrobca&nbsp;a&nbsp;pestovate\u013e:<\/b> PD Tvrdo\u0161ovce, Sz\u00e9ch\u00e9nyiho 10, 941 10 Tvrdo\u0161ovce.<span class=\"Apple-converted-space\">&nbsp;<\/span><\/p>","protected":false},"excerpt":{"rendered":"<p>Lekv\u00e1r pln\u00fd ovocia \u2013 zrel\u00fdch \u010dere\u0161n\u00ed a vitam\u00ednom C nabit\u00e9ho rakytn\u00edka re\u0161etliakov\u00e9ho. Chutn\u00fd, sladkast\u00fd lekv\u00e1r s rakytn\u00edkom, bohat\u00fdm na vitam\u00edny, miner\u00e1lne l\u00e1tky, stopov\u00e9 prvky, antioxidanty a omega kyseliny. Okrem zdravej energie napom\u00e1ha udr\u017eiava\u0165 zdrav\u00fa kond\u00edciu organizmu aj v\u010faka lie\u010div\u00fdm l\u00e1tkam s antibakteri\u00e1lnym, antioxida\u010dn\u00fdm, imunitu posil\u0148uj\u00facim a revitalizuj\u00facim \u00fa\u010dinkom.<\/p>","protected":false},"featured_media":10288,"comment_status":"open","ping_status":"closed","template":"","meta":[],"product_brand":[277],"product_cat":[275,271],"product_tag":[191],"giftcard-category":[],"class_list":{"0":"post-6655","1":"product","2":"type-product","3":"status-publish","4":"has-post-thumbnail","6":"product_brand-tvrdosovske-zlato","7":"product_cat-tvrdosovske-zlato","8":"product_cat-ovocne-lekvare","9":"product_tag-tvrdosovske-zlato","11":"first","12":"instock","13":"taxable","14":"shipping-taxable","15":"purchasable","16":"product-type-variable"},"_links":{"self":[{"href":"https:\/\/zlatyrakytnik.sk\/hu\/wp-json\/wp\/v2\/product\/6655","targetHints":{"allow":["GET"]}}],"collection":[{"href":"https:\/\/zlatyrakytnik.sk\/hu\/wp-json\/wp\/v2\/product"}],"about":[{"href":"https:\/\/zlatyrakytnik.sk\/hu\/wp-json\/wp\/v2\/types\/product"}],"replies":[{"embeddable":true,"href":"https:\/\/zlatyrakytnik.sk\/hu\/wp-json\/wp\/v2\/comments?post=6655"}],"wp:featuredmedia":[{"embeddable":true,"href":"https:\/\/zlatyrakytnik.sk\/hu\/wp-json\/wp\/v2\/media\/10288"}],"wp:attachment":[{"href":"https:\/\/zlatyrakytnik.sk\/hu\/wp-json\/wp\/v2\/media?parent=6655"}],"wp:term":[{"taxonomy":"product_brand","embeddable":true,"href":"https:\/\/zlatyrakytnik.sk\/hu\/wp-json\/wp\/v2\/product_brand?post=6655"},{"taxonomy":"product_cat","embeddable":true,"href":"https:\/\/zlatyrakytnik.sk\/hu\/wp-json\/wp\/v2\/product_cat?post=6655"},{"taxonomy":"product_tag","embeddable":true,"href":"https:\/\/zlatyrakytnik.sk\/hu\/wp-json\/wp\/v2\/product_tag?post=6655"},{"taxonomy":"giftcard-category","embeddable":true,"href":"https:\/\/zlatyrakytnik.sk\/hu\/wp-json\/wp\/v2\/giftcard-category?post=6655"}],"curies":[{"name":"wp","href":"https:\/\/api.w.org\/{rel}","templated":true}]}}