{"id":6661,"date":"2020-12-01T15:29:16","date_gmt":"2020-12-01T14:29:16","guid":{"rendered":"https:\/\/zlatyrakytnik.sk\/product\/100-olej-zo-semien-rakytnika-bio\/"},"modified":"2025-12-01T00:00:50","modified_gmt":"2025-11-30T23:00:50","slug":"100-olej-zo-semien-rakytnika-bio","status":"publish","type":"product","link":"https:\/\/zlatyrakytnik.sk\/hu\/termek\/100-olej-zo-semien-rakytnika-bio\/","title":{"rendered":"100% BIO olej zo semien rakytn\u00edka, 50 ml"},"content":{"rendered":"<p>Zlo\u017eenie:&nbsp;100% za studena lisovan\u00fd olej zo semien bio rakytn\u00edka re\u0161etliakov\u00e9ho.<span class=\"apple-converted-space\">&nbsp;<\/span><\/p>\n<table width=\"360\">\n<tbody>\n<tr>\n<td colspan=\"4\">Energetick\u00e1 hodnota<\/td>\n<td style=\"text-align: right;\">3698kJ \/ 899 kcal<\/td>\n<\/tr>\n<tr>\n<td colspan=\"4\">Tuky<\/td>\n<td style=\"text-align: right;\">100g<\/td>\n<\/tr>\n<tr>\n<td colspan=\"4\">z toho nas\u00fdten\u00e9 mastn\u00e9 kyseliny<\/td>\n<td style=\"text-align: right;\">11,59g<\/td>\n<\/tr>\n<tr>\n<td colspan=\"4\">mononenas\u00fdtene mastn\u00e9 kyseliny<\/td>\n<td style=\"text-align: right;\">19,79g<\/td>\n<\/tr>\n<tr>\n<td colspan=\"4\">polynenas\u00fdten\u00e9 mastn\u00e9 kyseliny<\/td>\n<td style=\"text-align: right;\">68,63g<\/td>\n<\/tr>\n<tr>\n<td colspan=\"4\">Sacharidy<\/td>\n<td style=\"text-align: right;\">0g<\/td>\n<\/tr>\n<tr>\n<td colspan=\"4\">z toho cukry<\/td>\n<td style=\"text-align: right;\">0g<\/td>\n<\/tr>\n<tr>\n<td colspan=\"4\">Vl\u00e1knina<\/td>\n<td style=\"text-align: right;\">0g<\/td>\n<\/tr>\n<tr>\n<td colspan=\"4\">Bielkoviny<\/td>\n<td style=\"text-align: right;\">0,43g<\/td>\n<\/tr>\n<tr>\n<td colspan=\"4\">So\u013e<\/td>\n<td style=\"text-align: right;\">0g<\/td>\n<\/tr>\n<tr>\n<td colspan=\"4\">Vitamin E<\/td>\n<td style=\"text-align: right;\">153mg<\/td>\n<\/tr>\n<tr>\n<td colspan=\"4\">Omega 3 MK<\/td>\n<td style=\"text-align: right;\">35g<\/td>\n<\/tr>\n<tr>\n<td colspan=\"4\">Omega 6 MK<\/td>\n<td style=\"text-align: right;\">33g<\/td>\n<\/tr>\n<tr>\n<td colspan=\"4\">kyselina myristov\u00e1<\/td>\n<td style=\"text-align: right;\">0,49g<\/td>\n<\/tr>\n<tr>\n<td colspan=\"4\">kyselina palmitova<\/td>\n<td style=\"text-align: right;\">7,23g<\/td>\n<\/tr>\n<tr>\n<td colspan=\"4\">kyselina stearov\u00e1<\/td>\n<td style=\"text-align: right;\">3,38 g<\/td>\n<\/tr>\n<\/tbody>\n<\/table>\n<p>V\u00fdrobca: Po\u013enohospod\u00e1rske dru\u017estvo Tvrdo\u0161ovce, Szech\u00e9nyiho 10, 941 10 Tvrdo\u0161ovce<\/p>","protected":false},"excerpt":{"rendered":"<p>V\u00fd\u017eivov\u00fd doplnok. Nevhodn\u00e9 pre deti do 3 rokov. Odpor\u00fa\u010dan\u00e9 d\u00e1vkovanie: 2&#215;5 kvapiek, maxim\u00e1lne 10 kvapiek denne.\u00a0Ustanoven\u00e1 odpor\u00fa\u010dan\u00e1 denn\u00e1 d\u00e1vka sa nesmie presiahnu\u0165. V\u00fdrobok sa nesmie pou\u017e\u00edva\u0165 ako n\u00e1hrada rozmanitej stravy. Ukladajte mimo dosahu mal\u00fdch det\u00ed.<\/p>","protected":false},"featured_media":7612,"comment_status":"open","ping_status":"closed","template":"","meta":[],"product_brand":[277],"product_cat":[275],"product_tag":[191],"giftcard-category":[],"class_list":{"0":"post-6661","1":"product","2":"type-product","3":"status-publish","4":"has-post-thumbnail","6":"product_brand-tvrdosovske-zlato","7":"product_cat-tvrdosovske-zlato","8":"product_tag-tvrdosovske-zlato","10":"first","11":"instock","12":"taxable","13":"shipping-taxable","14":"purchasable","15":"product-type-simple"},"_links":{"self":[{"href":"https:\/\/zlatyrakytnik.sk\/hu\/wp-json\/wp\/v2\/product\/6661","targetHints":{"allow":["GET"]}}],"collection":[{"href":"https:\/\/zlatyrakytnik.sk\/hu\/wp-json\/wp\/v2\/product"}],"about":[{"href":"https:\/\/zlatyrakytnik.sk\/hu\/wp-json\/wp\/v2\/types\/product"}],"replies":[{"embeddable":true,"href":"https:\/\/zlatyrakytnik.sk\/hu\/wp-json\/wp\/v2\/comments?post=6661"}],"wp:featuredmedia":[{"embeddable":true,"href":"https:\/\/zlatyrakytnik.sk\/hu\/wp-json\/wp\/v2\/media\/7612"}],"wp:attachment":[{"href":"https:\/\/zlatyrakytnik.sk\/hu\/wp-json\/wp\/v2\/media?parent=6661"}],"wp:term":[{"taxonomy":"product_brand","embeddable":true,"href":"https:\/\/zlatyrakytnik.sk\/hu\/wp-json\/wp\/v2\/product_brand?post=6661"},{"taxonomy":"product_cat","embeddable":true,"href":"https:\/\/zlatyrakytnik.sk\/hu\/wp-json\/wp\/v2\/product_cat?post=6661"},{"taxonomy":"product_tag","embeddable":true,"href":"https:\/\/zlatyrakytnik.sk\/hu\/wp-json\/wp\/v2\/product_tag?post=6661"},{"taxonomy":"giftcard-category","embeddable":true,"href":"https:\/\/zlatyrakytnik.sk\/hu\/wp-json\/wp\/v2\/giftcard-category?post=6661"}],"curies":[{"name":"wp","href":"https:\/\/api.w.org\/{rel}","templated":true}]}}