{"id":6671,"date":"2020-12-01T15:29:20","date_gmt":"2020-12-01T14:29:20","guid":{"rendered":"https:\/\/zlatyrakytnik.sk\/product\/100-bio-porciovany-caj-bez-primesi\/"},"modified":"2025-12-01T00:00:50","modified_gmt":"2025-11-30T23:00:50","slug":"100-bio-porciovany-caj-bez-primesi","status":"publish","type":"product","link":"https:\/\/zlatyrakytnik.sk\/hu\/termek\/100-bio-porciovany-caj-bez-primesi\/","title":{"rendered":"100% BIO porciovan\u00fd \u010daj, bez pr\u00edmes\u00ed"},"content":{"rendered":"<p>Usklad\u0148ujte na suchom mieste. Pr\u00edpadn\u00fd v\u00fdskyt \u0161kv\u0155n&nbsp;na filtra\u010dn\u00fdch s\u00e1\u010dikoch je sp\u00f4soben\u00fd rakytn\u00edkov\u00fdm olejom&nbsp;a nezni\u017euje kvalitu v\u00fdrobku.<\/p>\n<table width=\"294\">\n<tbody>\n<tr>\n<td colspan=\"5\" width=\"294\"><strong>V\u00fd\u017eivov\u00e9 hodnoty v 100ml:<\/strong><\/td>\n<\/tr>\n<tr>\n<td colspan=\"4\">Energetick\u00e1 hodnota<\/td>\n<td style=\"text-align: right;\">1478kJ\/357kcal<\/td>\n<\/tr>\n<tr>\n<td colspan=\"4\">Tuky<\/td>\n<td style=\"text-align: right;\">15g<\/td>\n<\/tr>\n<tr>\n<td colspan=\"4\">z toho nas\u00fdten\u00e9 mastn\u00e9 kyseliny<\/td>\n<td style=\"text-align: right;\">3,8g<\/td>\n<\/tr>\n<tr>\n<td colspan=\"4\">Sacharidy<\/td>\n<td style=\"text-align: right;\">17g<\/td>\n<\/tr>\n<tr>\n<td colspan=\"4\">z toho cukry<\/td>\n<td style=\"text-align: right;\">&lt; 0,5<span style=\"font-family: inherit; font-size: inherit;\">g<\/span><\/td>\n<\/tr>\n<tr>\n<td colspan=\"4\">Vl\u00e1knina<\/td>\n<td style=\"text-align: right;\">41g<\/td>\n<\/tr>\n<tr>\n<td colspan=\"4\">Bielkoviny<\/td>\n<td style=\"text-align: right;\">18g<\/td>\n<\/tr>\n<tr>\n<td colspan=\"4\">So\u013e<\/td>\n<td style=\"text-align: right;\">0,13g<\/td>\n<\/tr>\n<\/tbody>\n<\/table>","protected":false},"excerpt":{"rendered":"<p>100% BIO \u010daj z plodov rastliny, bez pr\u00edmes\u00ed.<\/p>\n<p>Zlo\u017eenie: 100% BIO \u010daj z plodov rastliny, bez pr\u00edmes\u00ed.<\/p>\n<p>Pr\u00edprava: Vrecko \u010daju zalia\u0165 2,5 dl hor\u00facej vody\u00a0a l\u00fahova\u0165 15 min\u00fat.<\/p>","protected":false},"featured_media":13733,"comment_status":"open","ping_status":"closed","template":"","meta":[],"product_brand":[277],"product_cat":[275,272],"product_tag":[191],"giftcard-category":[],"class_list":{"0":"post-6671","1":"product","2":"type-product","3":"status-publish","4":"has-post-thumbnail","6":"product_brand-tvrdosovske-zlato","7":"product_cat-tvrdosovske-zlato","8":"product_cat-caj-a-kava","9":"product_tag-tvrdosovske-zlato","11":"first","12":"instock","13":"taxable","14":"shipping-taxable","15":"purchasable","16":"product-type-simple"},"_links":{"self":[{"href":"https:\/\/zlatyrakytnik.sk\/hu\/wp-json\/wp\/v2\/product\/6671","targetHints":{"allow":["GET"]}}],"collection":[{"href":"https:\/\/zlatyrakytnik.sk\/hu\/wp-json\/wp\/v2\/product"}],"about":[{"href":"https:\/\/zlatyrakytnik.sk\/hu\/wp-json\/wp\/v2\/types\/product"}],"replies":[{"embeddable":true,"href":"https:\/\/zlatyrakytnik.sk\/hu\/wp-json\/wp\/v2\/comments?post=6671"}],"wp:featuredmedia":[{"embeddable":true,"href":"https:\/\/zlatyrakytnik.sk\/hu\/wp-json\/wp\/v2\/media\/13733"}],"wp:attachment":[{"href":"https:\/\/zlatyrakytnik.sk\/hu\/wp-json\/wp\/v2\/media?parent=6671"}],"wp:term":[{"taxonomy":"product_brand","embeddable":true,"href":"https:\/\/zlatyrakytnik.sk\/hu\/wp-json\/wp\/v2\/product_brand?post=6671"},{"taxonomy":"product_cat","embeddable":true,"href":"https:\/\/zlatyrakytnik.sk\/hu\/wp-json\/wp\/v2\/product_cat?post=6671"},{"taxonomy":"product_tag","embeddable":true,"href":"https:\/\/zlatyrakytnik.sk\/hu\/wp-json\/wp\/v2\/product_tag?post=6671"},{"taxonomy":"giftcard-category","embeddable":true,"href":"https:\/\/zlatyrakytnik.sk\/hu\/wp-json\/wp\/v2\/giftcard-category?post=6671"}],"curies":[{"name":"wp","href":"https:\/\/api.w.org\/{rel}","templated":true}]}}