{"id":6689,"date":"2020-12-01T15:29:28","date_gmt":"2020-12-01T14:29:28","guid":{"rendered":"https:\/\/zlatyrakytnik.sk\/product\/100-paradajkove-pyre\/"},"modified":"2025-12-01T00:00:50","modified_gmt":"2025-11-30T23:00:50","slug":"100-paradajkove-pyre","status":"publish","type":"product","link":"https:\/\/zlatyrakytnik.sk\/hu\/termek\/100-paradajkove-pyre\/","title":{"rendered":"100% paradajkov\u00e9 pyr\u00e9"},"content":{"rendered":"<p>Zlo\u017eenie: paradajky 100%<\/p>\n<table width=\"294\">\n<tbody>\n<tr>\n<td colspan=\"5\" width=\"294\"><strong>V\u00fd\u017eivov\u00e9 hodnoty v 100ml:<\/strong><\/td>\n<\/tr>\n<tr>\n<td colspan=\"4\">Energetick\u00e1 hodnota<\/td>\n<td style=\"text-align: right;\">289kJ\/68kcal<\/td>\n<\/tr>\n<tr>\n<td colspan=\"4\">Tuky<\/td>\n<td style=\"text-align: right;\">0,23g<\/td>\n<\/tr>\n<tr>\n<td colspan=\"4\">z toho nas\u00fdten\u00e9 mastn\u00e9 kyseliny<\/td>\n<td style=\"text-align: right;\">0,06g<\/td>\n<\/tr>\n<tr>\n<td colspan=\"4\">Sacharidy<\/td>\n<td style=\"text-align: right;\">14,70g<\/td>\n<\/tr>\n<tr>\n<td colspan=\"4\">z toho cukry<\/td>\n<td style=\"text-align: right;\">11,87g<\/td>\n<\/tr>\n<tr>\n<td colspan=\"4\">Vl\u00e1knina<\/td>\n<td style=\"text-align: right;\">2,73g<\/td>\n<\/tr>\n<tr>\n<td colspan=\"4\">Bielkoviny<\/td>\n<td style=\"text-align: right;\">3,30g<\/td>\n<\/tr>\n<tr>\n<td colspan=\"4\">So\u013e<\/td>\n<td style=\"text-align: right;\">0,06g<\/td>\n<\/tr>\n<\/tbody>\n<\/table>","protected":false},"excerpt":{"rendered":"<p>100% paradajkov\u00e9 pyr\u00e9 je v\u00fdborn\u00e9 nie len na priamu\u00a0konzum\u00e1ciu, ale aj ako pr\u00edsada do jed\u00e1l. Je sterilizovan\u00e9\u00a0a vyr\u00e1ba sa<strong> bez pridania umel\u00fdch\u00a0sladidiel,\u00a0farb\u00edv\u00a0a\u00a0konzerva\u010dn\u00fdch l\u00e1tok<\/strong>, preto je\u00a0c\u00edti\u0165 v ka\u017edom d\u00fa\u0161ku chu\u0165 \u010derstvo odtrhnut\u00fdch paradajok,\u00a0ktor\u00e9 iste prid\u00e1 aj na kvalite Va\u0161ich jed\u00e1l. Skladujte\u00a0v suchu pri teplote 0-25 \u00b0C. Nespotrebovan\u00e9 mno\u017estvo\u00a0uchov\u00e1vajte v chlade, v uzavretom obale max. 24 hod\u00edn.<\/p>","protected":false},"featured_media":6690,"comment_status":"open","ping_status":"closed","template":"","meta":[],"product_brand":[277],"product_cat":[275,253,254],"product_tag":[191],"giftcard-category":[],"class_list":{"0":"post-6689","1":"product","2":"type-product","3":"status-publish","4":"has-post-thumbnail","6":"product_brand-tvrdosovske-zlato","7":"product_cat-tvrdosovske-zlato","8":"product_cat-spajza","9":"product_cat-zavaraniny","10":"product_tag-tvrdosovske-zlato","12":"first","13":"instock","14":"taxable","15":"shipping-taxable","16":"purchasable","17":"product-type-simple"},"_links":{"self":[{"href":"https:\/\/zlatyrakytnik.sk\/hu\/wp-json\/wp\/v2\/product\/6689","targetHints":{"allow":["GET"]}}],"collection":[{"href":"https:\/\/zlatyrakytnik.sk\/hu\/wp-json\/wp\/v2\/product"}],"about":[{"href":"https:\/\/zlatyrakytnik.sk\/hu\/wp-json\/wp\/v2\/types\/product"}],"replies":[{"embeddable":true,"href":"https:\/\/zlatyrakytnik.sk\/hu\/wp-json\/wp\/v2\/comments?post=6689"}],"wp:featuredmedia":[{"embeddable":true,"href":"https:\/\/zlatyrakytnik.sk\/hu\/wp-json\/wp\/v2\/media\/6690"}],"wp:attachment":[{"href":"https:\/\/zlatyrakytnik.sk\/hu\/wp-json\/wp\/v2\/media?parent=6689"}],"wp:term":[{"taxonomy":"product_brand","embeddable":true,"href":"https:\/\/zlatyrakytnik.sk\/hu\/wp-json\/wp\/v2\/product_brand?post=6689"},{"taxonomy":"product_cat","embeddable":true,"href":"https:\/\/zlatyrakytnik.sk\/hu\/wp-json\/wp\/v2\/product_cat?post=6689"},{"taxonomy":"product_tag","embeddable":true,"href":"https:\/\/zlatyrakytnik.sk\/hu\/wp-json\/wp\/v2\/product_tag?post=6689"},{"taxonomy":"giftcard-category","embeddable":true,"href":"https:\/\/zlatyrakytnik.sk\/hu\/wp-json\/wp\/v2\/giftcard-category?post=6689"}],"curies":[{"name":"wp","href":"https:\/\/api.w.org\/{rel}","templated":true}]}}