{"id":6702,"date":"2020-12-01T15:29:40","date_gmt":"2020-12-01T14:29:40","guid":{"rendered":"https:\/\/zlatyrakytnik.sk\/product\/bio-jablkove-pyre\/"},"modified":"2025-12-01T00:00:51","modified_gmt":"2025-11-30T23:00:51","slug":"bio-jablkove-pyre","status":"publish","type":"product","link":"https:\/\/zlatyrakytnik.sk\/hu\/termek\/bio-jablkove-pyre\/","title":{"rendered":"BIO jablkov\u00e9 pyr\u00e9"},"content":{"rendered":"<p>Skladujte&nbsp;v suchu pri teplote 0-25 \u00b0C. Nespotrebovan\u00e9 mno\u017estvo&nbsp;uchov\u00e1vajte v chlade, v uzavretom obale max. 24 hod\u00edn.<\/p><p><\/p>","protected":false},"excerpt":{"rendered":"<p>Skladujte&nbsp;v suchu pri teplote 0-25 \u00b0C. Nespotrebovan\u00e9 mno\u017estvo&nbsp;uchov\u00e1vajte v chlade, v uzavretom obale max. 24 hod\u00edn.<\/p>","protected":false},"featured_media":33723,"comment_status":"open","ping_status":"closed","template":"","meta":[],"product_brand":[277],"product_cat":[275,253,254,263],"product_tag":[191],"giftcard-category":[],"class_list":{"0":"post-6702","1":"product","2":"type-product","3":"status-publish","4":"has-post-thumbnail","6":"product_brand-tvrdosovske-zlato","7":"product_cat-tvrdosovske-zlato","8":"product_cat-spajza","9":"product_cat-zavaraniny","10":"product_cat-pre-deti","11":"product_tag-tvrdosovske-zlato","13":"first","14":"instock","15":"taxable","16":"shipping-taxable","17":"purchasable","18":"product-type-variable"},"_links":{"self":[{"href":"https:\/\/zlatyrakytnik.sk\/hu\/wp-json\/wp\/v2\/product\/6702","targetHints":{"allow":["GET"]}}],"collection":[{"href":"https:\/\/zlatyrakytnik.sk\/hu\/wp-json\/wp\/v2\/product"}],"about":[{"href":"https:\/\/zlatyrakytnik.sk\/hu\/wp-json\/wp\/v2\/types\/product"}],"replies":[{"embeddable":true,"href":"https:\/\/zlatyrakytnik.sk\/hu\/wp-json\/wp\/v2\/comments?post=6702"}],"wp:featuredmedia":[{"embeddable":true,"href":"https:\/\/zlatyrakytnik.sk\/hu\/wp-json\/wp\/v2\/media\/33723"}],"wp:attachment":[{"href":"https:\/\/zlatyrakytnik.sk\/hu\/wp-json\/wp\/v2\/media?parent=6702"}],"wp:term":[{"taxonomy":"product_brand","embeddable":true,"href":"https:\/\/zlatyrakytnik.sk\/hu\/wp-json\/wp\/v2\/product_brand?post=6702"},{"taxonomy":"product_cat","embeddable":true,"href":"https:\/\/zlatyrakytnik.sk\/hu\/wp-json\/wp\/v2\/product_cat?post=6702"},{"taxonomy":"product_tag","embeddable":true,"href":"https:\/\/zlatyrakytnik.sk\/hu\/wp-json\/wp\/v2\/product_tag?post=6702"},{"taxonomy":"giftcard-category","embeddable":true,"href":"https:\/\/zlatyrakytnik.sk\/hu\/wp-json\/wp\/v2\/giftcard-category?post=6702"}],"curies":[{"name":"wp","href":"https:\/\/api.w.org\/{rel}","templated":true}]}}