{"id":6735,"date":"2020-12-01T15:30:24","date_gmt":"2020-12-01T14:30:24","guid":{"rendered":"https:\/\/zlatyrakytnik.sk\/product\/rakytnikovica-50\/"},"modified":"2025-12-01T00:00:49","modified_gmt":"2025-11-30T23:00:49","slug":"rakytnikovica-50","status":"publish","type":"product","link":"https:\/\/zlatyrakytnik.sk\/hu\/termek\/rakytnikovica-50\/","title":{"rendered":"Rakytn\u00edkovica 50%"},"content":{"rendered":"<p>Zlo\u017eenie: ovocn\u00fd destil\u00e1t, voda 50% vol.<\/p>","protected":false},"excerpt":{"rendered":"<p>Rakytn\u00edkovica 50% v\u00e1s oslov\u00ed bohatos\u0165ou chute, \u010derstvos\u0165ou ar\u00f3m a odrodov\u00fdm charakterom.<\/p>","protected":false},"featured_media":35571,"comment_status":"open","ping_status":"closed","template":"","meta":[],"product_brand":[277],"product_cat":[275,266],"product_tag":[191],"giftcard-category":[],"class_list":{"0":"post-6735","1":"product","2":"type-product","3":"status-publish","4":"has-post-thumbnail","6":"product_brand-tvrdosovske-zlato","7":"product_cat-tvrdosovske-zlato","8":"product_cat-ovocne-napoje-destilaty-a-vina","9":"product_tag-tvrdosovske-zlato","11":"first","12":"instock","13":"taxable","14":"shipping-taxable","15":"purchasable","16":"product-type-simple"},"_links":{"self":[{"href":"https:\/\/zlatyrakytnik.sk\/hu\/wp-json\/wp\/v2\/product\/6735","targetHints":{"allow":["GET"]}}],"collection":[{"href":"https:\/\/zlatyrakytnik.sk\/hu\/wp-json\/wp\/v2\/product"}],"about":[{"href":"https:\/\/zlatyrakytnik.sk\/hu\/wp-json\/wp\/v2\/types\/product"}],"replies":[{"embeddable":true,"href":"https:\/\/zlatyrakytnik.sk\/hu\/wp-json\/wp\/v2\/comments?post=6735"}],"wp:featuredmedia":[{"embeddable":true,"href":"https:\/\/zlatyrakytnik.sk\/hu\/wp-json\/wp\/v2\/media\/35571"}],"wp:attachment":[{"href":"https:\/\/zlatyrakytnik.sk\/hu\/wp-json\/wp\/v2\/media?parent=6735"}],"wp:term":[{"taxonomy":"product_brand","embeddable":true,"href":"https:\/\/zlatyrakytnik.sk\/hu\/wp-json\/wp\/v2\/product_brand?post=6735"},{"taxonomy":"product_cat","embeddable":true,"href":"https:\/\/zlatyrakytnik.sk\/hu\/wp-json\/wp\/v2\/product_cat?post=6735"},{"taxonomy":"product_tag","embeddable":true,"href":"https:\/\/zlatyrakytnik.sk\/hu\/wp-json\/wp\/v2\/product_tag?post=6735"},{"taxonomy":"giftcard-category","embeddable":true,"href":"https:\/\/zlatyrakytnik.sk\/hu\/wp-json\/wp\/v2\/giftcard-category?post=6735"}],"curies":[{"name":"wp","href":"https:\/\/api.w.org\/{rel}","templated":true}]}}