{"id":6739,"date":"2020-12-01T15:30:26","date_gmt":"2020-12-01T14:30:26","guid":{"rendered":"https:\/\/zlatyrakytnik.sk\/product\/100-rakytnikovy-olej-zo-semien-rakytnika\/"},"modified":"2026-01-16T13:17:56","modified_gmt":"2026-01-16T12:17:56","slug":"100-rakytnikovy-olej-zo-semien-rakytnika","status":"publish","type":"product","link":"https:\/\/zlatyrakytnik.sk\/hu\/termek\/100-rakytnikovy-olej-zo-semien-rakytnika\/","title":{"rendered":"100% Rakytn\u00edkov\u00fd olej zo semien, za studena lisovan\u00fd, 100 ml"},"content":{"rendered":"<p><b>Zlo\u017eenie:<\/b> 100% za studena lisovan\u00fd olej zo semien rakytn\u00edka re\u0161etliakov\u00e9ho.<span class=\"Apple-converted-space\">\u00a0<\/span><\/p>\n<p>M\u00f4\u017ee obsahova\u0165 stopy <b>sezamu, hor\u010dicov\u00fdch semien<\/b> a <b>orechov<\/b>.<\/p>\n<p>Skladujte na tmavom, suchom a chladnom mieste. Pr\u00edpadn\u00fd sediment je znakom prirodzenosti produktu.<\/p>\n<p><b>Distrib\u00fator:<\/b> PD Tvrdo\u0161ovce, Szecs\u00e9nyiho 10, 941 10 Tvrdo\u0161ovce<\/p>\n<p><b>Krajina p\u00f4vodu: <\/b>Ma\u010farsko<\/p>\n<table border=\"0\" width=\"469\" cellspacing=\"0\" cellpadding=\"0\">\n<colgroup>\n<col width=\"221\" \/>\n<col width=\"248\" \/><\/colgroup>\n<tbody>\n<tr>\n<td class=\"xl64\" colspan=\"2\" width=\"469\" height=\"20\"><strong>V\u00fd\u017eivov\u00e9 hodnoty v 100 ml:<\/strong><\/td>\n<\/tr>\n<tr>\n<td height=\"20\">Energia<\/td>\n<td class=\"xl63\">3696\/899kJ\/kcal<\/td>\n<\/tr>\n<tr>\n<td height=\"20\">Tuky<\/td>\n<td class=\"xl63\" style=\"text-align: right;\">99,9g<\/td>\n<\/tr>\n<tr>\n<td height=\"20\">z toho<\/td>\n<td class=\"xl63\"><\/td>\n<\/tr>\n<tr>\n<td height=\"20\">nas\u00fdten\u00e9 mastn\u00e9 kyseliny<\/td>\n<td class=\"xl63\" style=\"text-align: right;\">10,4g<\/td>\n<\/tr>\n<tr>\n<td height=\"20\">mononenas\u00fdten\u00e9 mastn\u00e9 kyseliny<\/td>\n<td class=\"xl63\" style=\"text-align: right;\">21,0g<\/td>\n<\/tr>\n<tr>\n<td height=\"20\">polynenas\u00fdten\u00e9 mastn\u00e9 kyseliny<\/td>\n<td class=\"xl63\" style=\"text-align: right;\">68,5g<\/td>\n<\/tr>\n<tr>\n<td height=\"20\">uh\u013eohydr\u00e1ty<\/td>\n<td class=\"xl63\" style=\"text-align: right;\">&lt;0,03g<\/td>\n<\/tr>\n<tr>\n<td height=\"20\">z toho<\/td>\n<td class=\"xl63\"><\/td>\n<\/tr>\n<tr>\n<td height=\"20\">cukry<\/td>\n<td class=\"xl63\" style=\"text-align: right;\">&lt;0,03g<\/td>\n<\/tr>\n<tr>\n<td height=\"20\">bielkoviny<\/td>\n<td class=\"xl63\" style=\"text-align: right;\">0,2g<\/td>\n<\/tr>\n<tr>\n<td height=\"20\">so\u013e<\/td>\n<td class=\"xl63\" style=\"text-align: right;\">&lt;0,03g<\/td>\n<\/tr>\n<tr>\n<td height=\"20\">vitam\u00edn E<\/td>\n<td class=\"xl63\" style=\"text-align: right;\">88,7mg<\/td>\n<\/tr>\n<tr>\n<td height=\"20\">NRV%<\/td>\n<td class=\"xl63\" style=\"text-align: right;\">739<\/td>\n<\/tr>\n<tr>\n<td height=\"20\">Omega 3 mastn\u00e9 kys.<\/td>\n<td class=\"xl63\" style=\"text-align: right;\">31,7 g<\/td>\n<\/tr>\n<tr>\n<td height=\"20\">Omega 6 mastn\u00e9 kys.<\/td>\n<td class=\"xl63\" style=\"text-align: right;\">36,8 g<\/td>\n<\/tr>\n<\/tbody>\n<\/table>","protected":false},"excerpt":{"rendered":"<p>Plody rakytn\u00edka s\u00fa bohat\u00e9 na vitam\u00edny, antioxidanty, aminokyseliny a nenas\u00fdten\u00e9 mastn\u00e9 kyseliny OMEGA 3, 6, 7 a 9.<\/p>","protected":false},"featured_media":7610,"comment_status":"open","ping_status":"closed","template":"","meta":[],"product_brand":[277],"product_cat":[275],"product_tag":[191],"giftcard-category":[],"class_list":{"0":"post-6739","1":"product","2":"type-product","3":"status-publish","4":"has-post-thumbnail","6":"product_brand-tvrdosovske-zlato","7":"product_cat-tvrdosovske-zlato","8":"product_tag-tvrdosovske-zlato","10":"first","11":"instock","12":"taxable","13":"shipping-taxable","14":"purchasable","15":"product-type-simple"},"_links":{"self":[{"href":"https:\/\/zlatyrakytnik.sk\/hu\/wp-json\/wp\/v2\/product\/6739","targetHints":{"allow":["GET"]}}],"collection":[{"href":"https:\/\/zlatyrakytnik.sk\/hu\/wp-json\/wp\/v2\/product"}],"about":[{"href":"https:\/\/zlatyrakytnik.sk\/hu\/wp-json\/wp\/v2\/types\/product"}],"replies":[{"embeddable":true,"href":"https:\/\/zlatyrakytnik.sk\/hu\/wp-json\/wp\/v2\/comments?post=6739"}],"wp:featuredmedia":[{"embeddable":true,"href":"https:\/\/zlatyrakytnik.sk\/hu\/wp-json\/wp\/v2\/media\/7610"}],"wp:attachment":[{"href":"https:\/\/zlatyrakytnik.sk\/hu\/wp-json\/wp\/v2\/media?parent=6739"}],"wp:term":[{"taxonomy":"product_brand","embeddable":true,"href":"https:\/\/zlatyrakytnik.sk\/hu\/wp-json\/wp\/v2\/product_brand?post=6739"},{"taxonomy":"product_cat","embeddable":true,"href":"https:\/\/zlatyrakytnik.sk\/hu\/wp-json\/wp\/v2\/product_cat?post=6739"},{"taxonomy":"product_tag","embeddable":true,"href":"https:\/\/zlatyrakytnik.sk\/hu\/wp-json\/wp\/v2\/product_tag?post=6739"},{"taxonomy":"giftcard-category","embeddable":true,"href":"https:\/\/zlatyrakytnik.sk\/hu\/wp-json\/wp\/v2\/giftcard-category?post=6739"}],"curies":[{"name":"wp","href":"https:\/\/api.w.org\/{rel}","templated":true}]}}