{"id":6742,"date":"2020-12-01T15:30:00","date_gmt":"2020-12-01T14:30:00","guid":{"rendered":"https:\/\/zlatyrakytnik.sk\/product\/zimny-rakytnikovy-balik\/"},"modified":"2025-12-01T00:00:49","modified_gmt":"2025-11-30T23:00:49","slug":"rakytnikovy-balik","status":"publish","type":"product","link":"https:\/\/zlatyrakytnik.sk\/hu\/termek\/rakytnikovy-balik\/","title":{"rendered":"Rakytn\u00edkov\u00fd bal\u00edk"},"content":{"rendered":"<h5><strong>100% BIO \u0161\u0165ava z rakytn\u00edka za studena lisovan\u00e1<\/strong><\/h5>\n<p>100%-n\u00e1 BIO \u0161\u0165ava z&nbsp;BIO rakytn\u00edka re\u0161etliakovit\u00e9ho ur\u010den\u00e1 na priamu spotrebu. \u0160\u0165ava je lisovan\u00e1 za studena z&nbsp;ru\u010dne zbieran\u00fdch plodov rastliny s&nbsp;vysok\u00fdm obsahom oleja. Bez pridan\u00fdch konzerva\u010dn\u00fdch l\u00e1tok a sladidiel. Nerieden\u00e9, pasterizovan\u00e9. Po otvoren\u00ed spotrebujte do 10 dn\u00ed. Maxim\u00e1lna denn\u00e1 d\u00e1vka je 0,5dcl na osobu.<\/p>\n<table width=\"294\">\n<tbody>\n<tr>\n<td colspan=\"5\" width=\"294\"><strong>V\u00fd\u017eivov\u00e9 hodnoty v 100ml:<\/strong><\/td>\n<\/tr>\n<tr>\n<td colspan=\"4\">Energetick\u00e1 hodnota<\/td>\n<td style=\"text-align: right;\">260kJ\/62kcal<\/td>\n<\/tr>\n<tr>\n<td colspan=\"4\">Tuky<\/td>\n<td style=\"text-align: right;\">4,25g<\/td>\n<\/tr>\n<tr>\n<td colspan=\"4\">z toho nas\u00fdten\u00e9 mastn\u00e9 kyseliny<\/td>\n<td style=\"text-align: right;\">1,53g<\/td>\n<\/tr>\n<tr>\n<td colspan=\"4\">Sacharidy<\/td>\n<td style=\"text-align: right;\">5,25g<\/td>\n<\/tr>\n<tr>\n<td colspan=\"4\">z toho cukry<\/td>\n<td style=\"text-align: right;\">0,69g<\/td>\n<\/tr>\n<tr>\n<td colspan=\"4\">Vl\u00e1knina<\/td>\n<td style=\"text-align: right;\">0,64g<\/td>\n<\/tr>\n<tr>\n<td colspan=\"4\">Bielkoviny<\/td>\n<td style=\"text-align: right;\">0,96g<\/td>\n<\/tr>\n<tr>\n<td colspan=\"4\">So\u013e<\/td>\n<td style=\"text-align: right;\">0,04g<\/td>\n<\/tr>\n<\/tbody>\n<\/table>\n<h5><strong>100% BIO porciovan\u00fd \u010daj, bez pr\u00edmes\u00ed<\/strong><\/h5>\n<p>100% BIO \u010daj z plodov rastliny, bez pr\u00edmes\u00ed. Zlo\u017eenie: 100% BIO \u010daj z plodov rastliny, bez pr\u00edmes\u00ed. Pr\u00edprava: Vrecko \u010daju zalia\u0165 2,5 dl hor\u00facej vody a l\u00fahova\u0165 15 min\u00fat. Usklad\u0148ujte na suchom mieste. Pr\u00edpadn\u00fd v\u00fdskyt \u0161kv\u0155n na filtra\u010dn\u00fdch s\u00e1\u010dikoch je sp\u00f4soben\u00fd rakytn\u00edkov\u00fdm olejom a nezni\u017euje kvalitu v\u00fdrobku.<\/p>\n<table width=\"294\">\n<tbody>\n<tr>\n<td colspan=\"5\" width=\"294\"><strong>V\u00fd\u017eivov\u00e9 hodnoty v 100ml:<\/strong><\/td>\n<\/tr>\n<tr>\n<td colspan=\"4\">Energetick\u00e1 hodnota<\/td>\n<td style=\"text-align: right;\">1478kJ\/357kcal<\/td>\n<\/tr>\n<tr>\n<td colspan=\"4\">Tuky<\/td>\n<td style=\"text-align: right;\">15g<\/td>\n<\/tr>\n<tr>\n<td colspan=\"4\">z toho nas\u00fdten\u00e9 mastn\u00e9 kyseliny<\/td>\n<td style=\"text-align: right;\">3,8g<\/td>\n<\/tr>\n<tr>\n<td colspan=\"4\">Sacharidy<\/td>\n<td style=\"text-align: right;\">17g<\/td>\n<\/tr>\n<tr>\n<td colspan=\"4\">z toho cukry<\/td>\n<td style=\"text-align: right;\">&lt; 0,5g<\/td>\n<\/tr>\n<tr>\n<td colspan=\"4\">Vl\u00e1knina<\/td>\n<td style=\"text-align: right;\">41g<\/td>\n<\/tr>\n<tr>\n<td colspan=\"4\">Bielkoviny<\/td>\n<td style=\"text-align: right;\">18g<\/td>\n<\/tr>\n<tr>\n<td colspan=\"4\">So\u013e<\/td>\n<td style=\"text-align: right;\">0,13g<\/td>\n<\/tr>\n<\/tbody>\n<\/table>\n<h5><strong>RAMED &#8211; med s BIO rakytn\u00edkom<br \/>\n<\/strong><\/h5>\n<p>Rakytn\u00edk re\u0161etliakovit\u00fd obsahuje \u0161irok\u00e9 spektrum vitam\u00ednov, stopov\u00fdch prvkov, organick\u00fdch kysel\u00edn, olejov&nbsp;a antioxidantov. Napom\u00e1ha udr\u017ea\u0165 zdrav\u00fa kond\u00edciu organizmu. Extrakt z ru\u010dne zbieran\u00fdch plodov rakytn\u00edka&nbsp;re\u0161etliakovit\u00e9ho poch\u00e1dza z v\u00fdsadby PD Tvrdo\u0161ovce. Skladova\u0165 do 25 \u00b0C, pri vlhkosti vzduchu do 70 %.&nbsp;Chr\u00e1ni\u0165 pred priamym slne\u010dn\u00fdm \u017eiaren\u00edm. Zlo\u017eky: kvetov\u00fd med 92%, extrakt z rakytn\u00edka 8%.<\/p>\n<p>V\u00fdrobca: PD Tvrdo\u0161ovce Szech\u00e9nyiho 10, 941 10 Tvrdo\u0161ovce<\/p>\n<p>Schva\u013eovacie \u010d\u00edslo: 10086<\/p>\n<h5><strong>Marhu\u013eov\u00fd lekv\u00e1r s rakytn\u00edkom<\/strong><\/h5>\n<p>Zlo\u017eenie: Ovocie (marhu\u013ea) 68%, extrakt&nbsp;z rakytn\u00edka 9%, cukor, kyselina citr\u00f3nov\u00e1, \u017eel\u00edruj\u00faca&nbsp;l\u00e1tka (pekt\u00edn), konzervant sorban draseln\u00fd.<\/p>\n<p>Vyroben\u00e9 z 81 g ovocia a min. 28 g cukru na 100 g&nbsp;v\u00fdrobku. Sterilizovan\u00e9.<\/p>\n<p>Extrakt z ru\u010dne zbieran\u00fdch plodov rakytn\u00edka&nbsp;re\u0161etliakovit\u00e9ho poch\u00e1dza z v\u00fdsadby slovensk\u00e9ho&nbsp;v\u00fdrobcu PD Tvrdo\u0161ovce.<\/p>\n<p>Rakytn\u00edk re\u0161etliakovit\u00fd obsahuje \u0161irok\u00e9 spektrum&nbsp;vitam\u00ednov, olejov a antioxidantov. Napom\u00e1ha&nbsp;udr\u017ea\u0165 zdrav\u00fa kond\u00edciu organizmu.<\/p>\n<p>Skladujte v chlade, nevystavujte priamemu&nbsp;slne\u010dn\u00e9mu \u017eiareniu, po otvoren\u00ed spotrebujte&nbsp;do 10 dn\u00ed.<\/p>","protected":false},"excerpt":{"rendered":"<p>Sada v\u00fdrobkov v papierovej ta\u0161ti\u010dke:<\/p>\n<ul>\n<li>100% BIO \u0161\u0165ava z rakytn\u00edka za studena lisovan\u00e1<\/li>\n<li>100% BIO porciovan\u00fd \u010daj, bez pr\u00edmes\u00ed<\/li>\n<li>RAMED &#8211; med s BIO rakytn\u00edkom<strong><br \/>\n<\/strong><\/li>\n<li>Marhu\u013eov\u00fd lekv\u00e1r s rakytn\u00edkom<strong><br \/>\n<\/strong><\/li>\n<\/ul>","protected":false},"featured_media":7495,"comment_status":"open","ping_status":"closed","template":"","meta":[],"product_brand":[277],"product_cat":[275,174],"product_tag":[191],"giftcard-category":[],"class_list":{"0":"post-6742","1":"product","2":"type-product","3":"status-publish","4":"has-post-thumbnail","6":"product_brand-tvrdosovske-zlato","7":"product_cat-tvrdosovske-zlato","8":"product_cat-darcekove-balenie","9":"product_tag-tvrdosovske-zlato","11":"first","12":"instock","13":"taxable","14":"shipping-taxable","15":"purchasable","16":"product-type-simple"},"_links":{"self":[{"href":"https:\/\/zlatyrakytnik.sk\/hu\/wp-json\/wp\/v2\/product\/6742","targetHints":{"allow":["GET"]}}],"collection":[{"href":"https:\/\/zlatyrakytnik.sk\/hu\/wp-json\/wp\/v2\/product"}],"about":[{"href":"https:\/\/zlatyrakytnik.sk\/hu\/wp-json\/wp\/v2\/types\/product"}],"replies":[{"embeddable":true,"href":"https:\/\/zlatyrakytnik.sk\/hu\/wp-json\/wp\/v2\/comments?post=6742"}],"wp:featuredmedia":[{"embeddable":true,"href":"https:\/\/zlatyrakytnik.sk\/hu\/wp-json\/wp\/v2\/media\/7495"}],"wp:attachment":[{"href":"https:\/\/zlatyrakytnik.sk\/hu\/wp-json\/wp\/v2\/media?parent=6742"}],"wp:term":[{"taxonomy":"product_brand","embeddable":true,"href":"https:\/\/zlatyrakytnik.sk\/hu\/wp-json\/wp\/v2\/product_brand?post=6742"},{"taxonomy":"product_cat","embeddable":true,"href":"https:\/\/zlatyrakytnik.sk\/hu\/wp-json\/wp\/v2\/product_cat?post=6742"},{"taxonomy":"product_tag","embeddable":true,"href":"https:\/\/zlatyrakytnik.sk\/hu\/wp-json\/wp\/v2\/product_tag?post=6742"},{"taxonomy":"giftcard-category","embeddable":true,"href":"https:\/\/zlatyrakytnik.sk\/hu\/wp-json\/wp\/v2\/giftcard-category?post=6742"}],"curies":[{"name":"wp","href":"https:\/\/api.w.org\/{rel}","templated":true}]}}