{"id":6746,"date":"2020-12-01T15:30:30","date_gmt":"2020-12-01T14:30:30","guid":{"rendered":"https:\/\/zlatyrakytnik.sk\/product\/bazovy-sirup\/"},"modified":"2026-01-20T16:39:24","modified_gmt":"2026-01-20T15:39:24","slug":"bazovy-sirup","status":"publish","type":"product","link":"https:\/\/zlatyrakytnik.sk\/hu\/termek\/bazovy-sirup\/","title":{"rendered":"Bazov\u00fd sirup"},"content":{"rendered":"<p>Zlo\u017eenie: bazov\u00fd extrakt (voda, bazov\u00e9 kvety, \u010derstv\u00e9 citr\u00f3ny, m\u00e4ta, medovka, kyselina citr\u00f3nov\u00e1), cukor. Pe\u013eov\u00fd sediment z\u00a0kvetov je prirodzenou s\u00fa\u010das\u0165ou bazov\u00e9ho sirupu. Odpor\u00fa\u010dame riedi\u0165 v\u00a0pomere s\u00a0vodou alebo s\u00f3dou 1:9. Na zdravie!<\/p>","protected":false},"excerpt":{"rendered":"<p style=\"font-weight: 400;\">Ten najlep\u0161\u00ed sirup je ten tradi\u010dn\u00fd, desa\u0165ro\u010dia pripravovan\u00fd na\u0161imi babkami. Presne tak\u00fd je ten n\u00e1\u0161, tradi\u010dn\u00fd Bazov\u00fd sirup pln\u00fd bazov\u00fdch kvetov a\u00a0\u010derstv\u00fdch byliniek.<\/p>","protected":false},"featured_media":34459,"comment_status":"open","ping_status":"closed","template":"","meta":[],"product_brand":[277],"product_cat":[275,252],"product_tag":[191],"giftcard-category":[],"class_list":{"0":"post-6746","1":"product","2":"type-product","3":"status-publish","4":"has-post-thumbnail","6":"product_brand-tvrdosovske-zlato","7":"product_cat-tvrdosovske-zlato","8":"product_cat-ovocne-sirupy","9":"product_tag-tvrdosovske-zlato","11":"first","12":"instock","13":"taxable","14":"shipping-taxable","15":"purchasable","16":"product-type-variable","17":"has-default-attributes"},"_links":{"self":[{"href":"https:\/\/zlatyrakytnik.sk\/hu\/wp-json\/wp\/v2\/product\/6746","targetHints":{"allow":["GET"]}}],"collection":[{"href":"https:\/\/zlatyrakytnik.sk\/hu\/wp-json\/wp\/v2\/product"}],"about":[{"href":"https:\/\/zlatyrakytnik.sk\/hu\/wp-json\/wp\/v2\/types\/product"}],"replies":[{"embeddable":true,"href":"https:\/\/zlatyrakytnik.sk\/hu\/wp-json\/wp\/v2\/comments?post=6746"}],"wp:featuredmedia":[{"embeddable":true,"href":"https:\/\/zlatyrakytnik.sk\/hu\/wp-json\/wp\/v2\/media\/34459"}],"wp:attachment":[{"href":"https:\/\/zlatyrakytnik.sk\/hu\/wp-json\/wp\/v2\/media?parent=6746"}],"wp:term":[{"taxonomy":"product_brand","embeddable":true,"href":"https:\/\/zlatyrakytnik.sk\/hu\/wp-json\/wp\/v2\/product_brand?post=6746"},{"taxonomy":"product_cat","embeddable":true,"href":"https:\/\/zlatyrakytnik.sk\/hu\/wp-json\/wp\/v2\/product_cat?post=6746"},{"taxonomy":"product_tag","embeddable":true,"href":"https:\/\/zlatyrakytnik.sk\/hu\/wp-json\/wp\/v2\/product_tag?post=6746"},{"taxonomy":"giftcard-category","embeddable":true,"href":"https:\/\/zlatyrakytnik.sk\/hu\/wp-json\/wp\/v2\/giftcard-category?post=6746"}],"curies":[{"name":"wp","href":"https:\/\/api.w.org\/{rel}","templated":true}]}}