{"id":6748,"date":"2020-12-01T15:30:31","date_gmt":"2020-12-01T14:30:31","guid":{"rendered":"https:\/\/zlatyrakytnik.sk\/product\/susene-jablka-so-skoricou-kruzky\/"},"modified":"2025-12-01T00:00:49","modified_gmt":"2025-11-30T23:00:49","slug":"susene-jablka-so-skoricou-kruzky","status":"publish","type":"product","link":"https:\/\/zlatyrakytnik.sk\/hu\/termek\/susene-jablka-so-skoricou-kruzky\/","title":{"rendered":"Su\u0161en\u00e9 jablk\u00e1 so \u0161koricou \u2013 kr\u00fa\u017eky"},"content":{"rendered":"<p>Zlo\u017eenie: jablk\u00e1, \u0161korica mlet\u00e1<\/p>","protected":false},"excerpt":{"rendered":"<p>\u0160etrne su\u0161en\u00e9 jablkov\u00e9 kr\u00fa\u017eky so \u0161koricou teplom z\u00a0geoterm\u00e1lneho vrtu.<span class=\"apple-converted-space\">\u00a0<\/span><\/p>","protected":false},"featured_media":7632,"comment_status":"open","ping_status":"closed","template":"","meta":[],"product_brand":[277],"product_cat":[275,259,260],"product_tag":[191],"giftcard-category":[],"class_list":{"0":"post-6748","1":"product","2":"type-product","3":"status-publish","4":"has-post-thumbnail","6":"product_brand-tvrdosovske-zlato","7":"product_cat-tvrdosovske-zlato","8":"product_cat-snacky-slane-sladke","9":"product_cat-susene-ovocie","10":"product_tag-tvrdosovske-zlato","12":"first","13":"instock","14":"taxable","15":"shipping-taxable","16":"purchasable","17":"product-type-simple"},"_links":{"self":[{"href":"https:\/\/zlatyrakytnik.sk\/hu\/wp-json\/wp\/v2\/product\/6748","targetHints":{"allow":["GET"]}}],"collection":[{"href":"https:\/\/zlatyrakytnik.sk\/hu\/wp-json\/wp\/v2\/product"}],"about":[{"href":"https:\/\/zlatyrakytnik.sk\/hu\/wp-json\/wp\/v2\/types\/product"}],"replies":[{"embeddable":true,"href":"https:\/\/zlatyrakytnik.sk\/hu\/wp-json\/wp\/v2\/comments?post=6748"}],"wp:featuredmedia":[{"embeddable":true,"href":"https:\/\/zlatyrakytnik.sk\/hu\/wp-json\/wp\/v2\/media\/7632"}],"wp:attachment":[{"href":"https:\/\/zlatyrakytnik.sk\/hu\/wp-json\/wp\/v2\/media?parent=6748"}],"wp:term":[{"taxonomy":"product_brand","embeddable":true,"href":"https:\/\/zlatyrakytnik.sk\/hu\/wp-json\/wp\/v2\/product_brand?post=6748"},{"taxonomy":"product_cat","embeddable":true,"href":"https:\/\/zlatyrakytnik.sk\/hu\/wp-json\/wp\/v2\/product_cat?post=6748"},{"taxonomy":"product_tag","embeddable":true,"href":"https:\/\/zlatyrakytnik.sk\/hu\/wp-json\/wp\/v2\/product_tag?post=6748"},{"taxonomy":"giftcard-category","embeddable":true,"href":"https:\/\/zlatyrakytnik.sk\/hu\/wp-json\/wp\/v2\/giftcard-category?post=6748"}],"curies":[{"name":"wp","href":"https:\/\/api.w.org\/{rel}","templated":true}]}}