{"id":6751,"date":"2020-12-01T15:30:32","date_gmt":"2020-12-01T14:30:32","guid":{"rendered":"https:\/\/zlatyrakytnik.sk\/product\/100-jablkova-stava-s-bazou\/"},"modified":"2026-01-09T11:18:11","modified_gmt":"2026-01-09T10:18:11","slug":"100-jablkova-stava-s-bazou","status":"publish","type":"product","link":"https:\/\/zlatyrakytnik.sk\/hu\/termek\/100-jablkova-stava-s-bazou\/","title":{"rendered":"100% Jablkov\u00e1 \u0161\u0165ava s bazou"},"content":{"rendered":"<p>Zlo\u017eenie: jablkov\u00e1 \u0161\u0165ava 94%, extrakt z&nbsp;bazov\u00fdch kvetov 6%<\/p>\n<table width=\"352\">\n<tbody>\n<tr>\n<td style=\"text-align: left;\" colspan=\"5\"><strong>V\u00fd\u017eivov\u00e9 hodnoty v 100ml:<\/strong><\/td>\n<\/tr>\n<tr>\n<td style=\"text-align: left;\" colspan=\"4\">Energetick\u00e1 hodnota<\/td>\n<td style=\"text-align: right;\">257kJ\/60kcal<\/td>\n<\/tr>\n<tr>\n<td style=\"text-align: left;\" colspan=\"4\">Tuky<\/td>\n<td style=\"text-align: right;\">0,42g<\/td>\n<\/tr>\n<tr>\n<td style=\"text-align: left;\" colspan=\"4\">z toho nas\u00fdten\u00e9 mastn\u00e9 kyseliny<\/td>\n<td style=\"text-align: right;\">0,15g<\/td>\n<\/tr>\n<tr>\n<td style=\"text-align: left;\" colspan=\"4\">Sacharidy<\/td>\n<td style=\"text-align: right;\">14,25g<\/td>\n<\/tr>\n<tr>\n<td style=\"text-align: left;\" colspan=\"4\">z toho cukry<\/td>\n<td style=\"text-align: right;\">13,60g<\/td>\n<\/tr>\n<tr>\n<td style=\"text-align: left;\" colspan=\"4\">Vl\u00e1knina<\/td>\n<td style=\"text-align: right;\">0,40g<\/td>\n<\/tr>\n<tr>\n<td style=\"text-align: left;\" colspan=\"4\">Bielkoviny<\/td>\n<td style=\"text-align: right;\">0,19g<\/td>\n<\/tr>\n<tr>\n<td style=\"text-align: left;\" colspan=\"4\">So\u013e<\/td>\n<td style=\"text-align: right;\">0,00g<\/td>\n<\/tr>\n<\/tbody>\n<\/table>","protected":false},"excerpt":{"rendered":"<p>\u010cist\u00e1 jablkov\u00e1 \u0161\u0165ava s\u00a0extraktom z\u00a0bazov\u00fdch kvetov. \u0160\u0165ava je lisovan\u00e1 za studena z\u00a0\u010derstv\u00e9ho ovocia z\u00a0Tvrdo\u0161ovsk\u00fdch sadov. LEN OVOCIE! Bez ak\u00fdchko\u013evek pr\u00eddavn\u00fdch l\u00e1tok. Pasterizovan\u00e1. Ovocn\u00e1 du\u017eina\/sediment s\u00fa prirodzenou s\u00fa\u010das\u0165ou ovocnej \u0161\u0165avy bohatej na vl\u00e1kninu.<span class=\"apple-converted-space\">\u00a0<\/span><\/p>","protected":false},"featured_media":7468,"comment_status":"open","ping_status":"closed","template":"","meta":[],"product_brand":[277],"product_cat":[236,275,243,244,248],"product_tag":[191],"giftcard-category":[],"class_list":{"0":"post-6751","1":"product","2":"type-product","3":"status-publish","4":"has-post-thumbnail","6":"product_brand-tvrdosovske-zlato","7":"product_cat-topky","8":"product_cat-tvrdosovske-zlato","9":"product_cat-prirodne-ovocne-stavy","10":"product_cat-jablko","11":"product_cat-baza-ovocne-stavy-2","12":"product_tag-tvrdosovske-zlato","14":"first","15":"instock","16":"taxable","17":"shipping-taxable","18":"purchasable","19":"product-type-variable"},"_links":{"self":[{"href":"https:\/\/zlatyrakytnik.sk\/hu\/wp-json\/wp\/v2\/product\/6751","targetHints":{"allow":["GET"]}}],"collection":[{"href":"https:\/\/zlatyrakytnik.sk\/hu\/wp-json\/wp\/v2\/product"}],"about":[{"href":"https:\/\/zlatyrakytnik.sk\/hu\/wp-json\/wp\/v2\/types\/product"}],"replies":[{"embeddable":true,"href":"https:\/\/zlatyrakytnik.sk\/hu\/wp-json\/wp\/v2\/comments?post=6751"}],"wp:featuredmedia":[{"embeddable":true,"href":"https:\/\/zlatyrakytnik.sk\/hu\/wp-json\/wp\/v2\/media\/7468"}],"wp:attachment":[{"href":"https:\/\/zlatyrakytnik.sk\/hu\/wp-json\/wp\/v2\/media?parent=6751"}],"wp:term":[{"taxonomy":"product_brand","embeddable":true,"href":"https:\/\/zlatyrakytnik.sk\/hu\/wp-json\/wp\/v2\/product_brand?post=6751"},{"taxonomy":"product_cat","embeddable":true,"href":"https:\/\/zlatyrakytnik.sk\/hu\/wp-json\/wp\/v2\/product_cat?post=6751"},{"taxonomy":"product_tag","embeddable":true,"href":"https:\/\/zlatyrakytnik.sk\/hu\/wp-json\/wp\/v2\/product_tag?post=6751"},{"taxonomy":"giftcard-category","embeddable":true,"href":"https:\/\/zlatyrakytnik.sk\/hu\/wp-json\/wp\/v2\/giftcard-category?post=6751"}],"curies":[{"name":"wp","href":"https:\/\/api.w.org\/{rel}","templated":true}]}}