{"id":6755,"date":"2020-12-01T15:30:33","date_gmt":"2020-12-01T14:30:33","guid":{"rendered":"https:\/\/zlatyrakytnik.sk\/product\/bazove-kvety-susene\/"},"modified":"2025-12-01T00:00:51","modified_gmt":"2025-11-30T23:00:51","slug":"bazove-kvety-susene","status":"publish","type":"product","link":"https:\/\/zlatyrakytnik.sk\/hu\/termek\/bazove-kvety-susene\/","title":{"rendered":"Bazov\u00e9 kvety su\u0161en\u00e9"},"content":{"rendered":"","protected":false},"excerpt":{"rendered":"<p>Bazov\u00e9 kvety ober\u00e1me ru\u010dne z bazovej plant\u00e1\u017ee v Tvrdo\u0161ovciach. Bazu pestujeme prirodzen\u00fdm sp\u00f4sobom na tr\u00e1vnatom podlo\u017e\u00ed. Jedin\u00fdmi \u00fakonmi s\u00fa kosenie tr\u00e1vy a kvapkov\u00e1 z\u00e1vlaha. Bal\u00edk 30g bazov\u00fdch kvetov je z\u00edskan\u00fd vysu\u0161en\u00edm takmer 200g \u010derstv\u00fdch kvetov teplom z geoterm\u00e1lneho vrtu v Tvrdo\u0161ovciach.<\/p>","protected":false},"featured_media":7599,"comment_status":"open","ping_status":"closed","template":"","meta":[],"product_brand":[277],"product_cat":[260],"product_tag":[191],"giftcard-category":[],"class_list":{"0":"post-6755","1":"product","2":"type-product","3":"status-publish","4":"has-post-thumbnail","6":"product_brand-tvrdosovske-zlato","7":"product_cat-susene-ovocie","8":"product_tag-tvrdosovske-zlato","10":"first","11":"instock","12":"taxable","13":"shipping-taxable","14":"purchasable","15":"product-type-variable"},"_links":{"self":[{"href":"https:\/\/zlatyrakytnik.sk\/hu\/wp-json\/wp\/v2\/product\/6755","targetHints":{"allow":["GET"]}}],"collection":[{"href":"https:\/\/zlatyrakytnik.sk\/hu\/wp-json\/wp\/v2\/product"}],"about":[{"href":"https:\/\/zlatyrakytnik.sk\/hu\/wp-json\/wp\/v2\/types\/product"}],"replies":[{"embeddable":true,"href":"https:\/\/zlatyrakytnik.sk\/hu\/wp-json\/wp\/v2\/comments?post=6755"}],"wp:featuredmedia":[{"embeddable":true,"href":"https:\/\/zlatyrakytnik.sk\/hu\/wp-json\/wp\/v2\/media\/7599"}],"wp:attachment":[{"href":"https:\/\/zlatyrakytnik.sk\/hu\/wp-json\/wp\/v2\/media?parent=6755"}],"wp:term":[{"taxonomy":"product_brand","embeddable":true,"href":"https:\/\/zlatyrakytnik.sk\/hu\/wp-json\/wp\/v2\/product_brand?post=6755"},{"taxonomy":"product_cat","embeddable":true,"href":"https:\/\/zlatyrakytnik.sk\/hu\/wp-json\/wp\/v2\/product_cat?post=6755"},{"taxonomy":"product_tag","embeddable":true,"href":"https:\/\/zlatyrakytnik.sk\/hu\/wp-json\/wp\/v2\/product_tag?post=6755"},{"taxonomy":"giftcard-category","embeddable":true,"href":"https:\/\/zlatyrakytnik.sk\/hu\/wp-json\/wp\/v2\/giftcard-category?post=6755"}],"curies":[{"name":"wp","href":"https:\/\/api.w.org\/{rel}","templated":true}]}}