{"id":6762,"date":"2020-12-01T15:30:35","date_gmt":"2020-12-01T14:30:35","guid":{"rendered":"https:\/\/zlatyrakytnik.sk\/product\/jablko-rakytnikova-stava\/"},"modified":"2025-12-01T00:00:51","modified_gmt":"2025-11-30T23:00:51","slug":"jablko-rakytnikova-stava","status":"publish","type":"product","link":"https:\/\/zlatyrakytnik.sk\/hu\/termek\/jablko-rakytnikova-stava\/","title":{"rendered":"Jablko-rakytn\u00edkov\u00e1 \u0161\u0165ava"},"content":{"rendered":"<p>Zlo\u017eenie: jablkov\u00e1 \u0161\u0165ava 94%, bio rakytn\u00edkov\u00e1 \u0161\u0165ava 6%<\/p>\n<table width=\"352\">\n<tbody>\n<tr>\n<td style=\"text-align: left;\" colspan=\"5\"><strong>V\u00fd\u017eivov\u00e9 hodnoty v 100ml:<\/strong><\/td>\n<\/tr>\n<tr>\n<td style=\"text-align: left;\" colspan=\"4\">Energetick\u00e1 hodnota<\/td>\n<td style=\"text-align: right;\">257kJ\/60kcal<\/td>\n<\/tr>\n<tr>\n<td style=\"text-align: left;\" colspan=\"4\">Tuky<\/td>\n<td style=\"text-align: right;\">0,42g<\/td>\n<\/tr>\n<tr>\n<td style=\"text-align: left;\" colspan=\"4\">z toho nas\u00fdten\u00e9 mastn\u00e9 kyseliny<\/td>\n<td style=\"text-align: right;\">0,15g<\/td>\n<\/tr>\n<tr>\n<td style=\"text-align: left;\" colspan=\"4\">Sacharidy<\/td>\n<td style=\"text-align: right;\">14,25g<\/td>\n<\/tr>\n<tr>\n<td style=\"text-align: left;\" colspan=\"4\">z toho cukry<\/td>\n<td style=\"text-align: right;\">13,60g<\/td>\n<\/tr>\n<tr>\n<td style=\"text-align: left;\" colspan=\"4\">Vl\u00e1knina<\/td>\n<td style=\"text-align: right;\">0,40g<\/td>\n<\/tr>\n<tr>\n<td style=\"text-align: left;\" colspan=\"4\">Bielkoviny<\/td>\n<td style=\"text-align: right;\">0,19g<\/td>\n<\/tr>\n<tr>\n<td style=\"text-align: left;\" colspan=\"4\">So\u013e<\/td>\n<td style=\"text-align: right;\">0,00g<\/td>\n<\/tr>\n<\/tbody>\n<\/table>","protected":false},"excerpt":{"rendered":"<p>100% rakytn\u00edkov\u00e1 \u0161\u0165ava v 100% jablkovej \u0161\u0165ave (tekut\u00e9 ovocie), bez pridan\u00fdch konzerva\u010dn\u00fdch l\u00e1tok a sladidiel, nerieden\u00e9. Pasterizovan\u00e9.<\/p>","protected":false},"featured_media":6763,"comment_status":"open","ping_status":"closed","template":"","meta":[],"product_brand":[277],"product_cat":[236,275,243,244,245],"product_tag":[191],"giftcard-category":[],"class_list":{"0":"post-6762","1":"product","2":"type-product","3":"status-publish","4":"has-post-thumbnail","6":"product_brand-tvrdosovske-zlato","7":"product_cat-topky","8":"product_cat-tvrdosovske-zlato","9":"product_cat-prirodne-ovocne-stavy","10":"product_cat-jablko","11":"product_cat-rakytnik-ovocne-stavy-2","12":"product_tag-tvrdosovske-zlato","14":"first","15":"instock","16":"taxable","17":"shipping-taxable","18":"purchasable","19":"product-type-variable"},"_links":{"self":[{"href":"https:\/\/zlatyrakytnik.sk\/hu\/wp-json\/wp\/v2\/product\/6762","targetHints":{"allow":["GET"]}}],"collection":[{"href":"https:\/\/zlatyrakytnik.sk\/hu\/wp-json\/wp\/v2\/product"}],"about":[{"href":"https:\/\/zlatyrakytnik.sk\/hu\/wp-json\/wp\/v2\/types\/product"}],"replies":[{"embeddable":true,"href":"https:\/\/zlatyrakytnik.sk\/hu\/wp-json\/wp\/v2\/comments?post=6762"}],"wp:featuredmedia":[{"embeddable":true,"href":"https:\/\/zlatyrakytnik.sk\/hu\/wp-json\/wp\/v2\/media\/6763"}],"wp:attachment":[{"href":"https:\/\/zlatyrakytnik.sk\/hu\/wp-json\/wp\/v2\/media?parent=6762"}],"wp:term":[{"taxonomy":"product_brand","embeddable":true,"href":"https:\/\/zlatyrakytnik.sk\/hu\/wp-json\/wp\/v2\/product_brand?post=6762"},{"taxonomy":"product_cat","embeddable":true,"href":"https:\/\/zlatyrakytnik.sk\/hu\/wp-json\/wp\/v2\/product_cat?post=6762"},{"taxonomy":"product_tag","embeddable":true,"href":"https:\/\/zlatyrakytnik.sk\/hu\/wp-json\/wp\/v2\/product_tag?post=6762"},{"taxonomy":"giftcard-category","embeddable":true,"href":"https:\/\/zlatyrakytnik.sk\/hu\/wp-json\/wp\/v2\/giftcard-category?post=6762"}],"curies":[{"name":"wp","href":"https:\/\/api.w.org\/{rel}","templated":true}]}}