{"id":6776,"date":"2020-12-01T15:30:39","date_gmt":"2020-12-01T14:30:39","guid":{"rendered":"https:\/\/zlatyrakytnik.sk\/product\/hroznovica-42\/"},"modified":"2025-11-28T09:23:43","modified_gmt":"2025-11-28T08:23:43","slug":"hroznovica-42","status":"publish","type":"product","link":"https:\/\/zlatyrakytnik.sk\/hu\/termek\/hroznovica-42\/","title":{"rendered":"Hroznovica 42%, 500 ml"},"content":{"rendered":"<p>Zlo\u017eenie: hroznov\u00fd destil\u00e1t, voda<\/p>","protected":false},"excerpt":{"rendered":"<p>Z na\u0161ich sadov z\u00edskavame ovocie aj na v\u00fdrobu destil\u00e1tov. Sna\u017e\u00edme sa vyu\u017ei\u0165 v\u0161etko, \u010do n\u00e1m pr\u00edroda do\u017ei\u010d\u00ed a ke\u010f je ovocia nadbytok, pou\u017eijeme alch\u00fdmiu a premen\u00edme ho v elix\u00edr.<\/p>\n<p>Na\u0161e destil\u00e1ty neobsahuj\u00fa \u017eiadne aromatick\u00e9 l\u00e1tky ani farbiv\u00e1. S\u00fa vyhotoven\u00e9 v\u00fdlu\u010dne z ovocia bez pr\u00eddavku cukru. Ke\u010f otvor\u00edte f\u013ea\u0161u, nos v\u00e1m po\u0161tekl\u00ed svie\u017ea v\u00f4\u0148a ovocia, ktor\u00e1 je prv\u00fdm indik\u00e1torom intenz\u00edvnej chuti.<\/p>","protected":false},"featured_media":6777,"comment_status":"open","ping_status":"closed","template":"","meta":[],"product_brand":[278],"product_cat":[266],"product_tag":[273],"giftcard-category":[],"class_list":{"0":"post-6776","1":"product","2":"type-product","3":"status-publish","4":"has-post-thumbnail","6":"product_brand-kukkonia","7":"product_cat-ovocne-napoje-destilaty-a-vina","8":"product_tag-kukkonia","10":"first","11":"instock","12":"taxable","13":"shipping-taxable","14":"purchasable","15":"product-type-simple"},"_links":{"self":[{"href":"https:\/\/zlatyrakytnik.sk\/hu\/wp-json\/wp\/v2\/product\/6776","targetHints":{"allow":["GET"]}}],"collection":[{"href":"https:\/\/zlatyrakytnik.sk\/hu\/wp-json\/wp\/v2\/product"}],"about":[{"href":"https:\/\/zlatyrakytnik.sk\/hu\/wp-json\/wp\/v2\/types\/product"}],"replies":[{"embeddable":true,"href":"https:\/\/zlatyrakytnik.sk\/hu\/wp-json\/wp\/v2\/comments?post=6776"}],"wp:featuredmedia":[{"embeddable":true,"href":"https:\/\/zlatyrakytnik.sk\/hu\/wp-json\/wp\/v2\/media\/6777"}],"wp:attachment":[{"href":"https:\/\/zlatyrakytnik.sk\/hu\/wp-json\/wp\/v2\/media?parent=6776"}],"wp:term":[{"taxonomy":"product_brand","embeddable":true,"href":"https:\/\/zlatyrakytnik.sk\/hu\/wp-json\/wp\/v2\/product_brand?post=6776"},{"taxonomy":"product_cat","embeddable":true,"href":"https:\/\/zlatyrakytnik.sk\/hu\/wp-json\/wp\/v2\/product_cat?post=6776"},{"taxonomy":"product_tag","embeddable":true,"href":"https:\/\/zlatyrakytnik.sk\/hu\/wp-json\/wp\/v2\/product_tag?post=6776"},{"taxonomy":"giftcard-category","embeddable":true,"href":"https:\/\/zlatyrakytnik.sk\/hu\/wp-json\/wp\/v2\/giftcard-category?post=6776"}],"curies":[{"name":"wp","href":"https:\/\/api.w.org\/{rel}","templated":true}]}}