{"id":6788,"date":"2020-12-01T15:30:43","date_gmt":"2020-12-01T14:30:43","guid":{"rendered":"https:\/\/zlatyrakytnik.sk\/product\/sirup-jazmin-pomaranc\/"},"modified":"2026-01-26T15:28:04","modified_gmt":"2026-01-26T14:28:04","slug":"sirup","status":"publish","type":"product","link":"https:\/\/zlatyrakytnik.sk\/hu\/termek\/sirup\/","title":{"rendered":"Herbert \u2013 Sirup"},"content":{"rendered":"<p>Pr\u00edpadn\u00fd sediment je prirodzenou s\u00fa\u010das\u0165ou pr\u00edrodn\u00fdch surov\u00edn. Skladujte v&nbsp;chlade. Po otvoren\u00ed spotrebujte do 30 dn\u00ed. Ide\u00e1lny pomer riedenia 1:10. Vyroben\u00e9 na Slovensku.<\/p>","protected":false},"excerpt":{"rendered":"<p>Pr\u00edpadn\u00fd sediment je prirodzenou s\u00fa\u010das\u0165ou pr\u00edrodn\u00fdch surov\u00edn. Skladujte v&nbsp;chlade. Po otvoren\u00ed spotrebujte do 30 dn\u00ed. Ide\u00e1lny pomer riedenia 1:10. Vyroben\u00e9 na Slovensku.<\/p>","protected":false},"featured_media":22434,"comment_status":"open","ping_status":"closed","template":"","meta":[],"product_brand":[283],"product_cat":[252],"product_tag":[270],"giftcard-category":[],"class_list":{"0":"post-6788","1":"product","2":"type-product","3":"status-publish","4":"has-post-thumbnail","6":"product_brand-herbert","7":"product_cat-ovocne-sirupy","8":"product_tag-herbert","10":"first","11":"instock","12":"taxable","13":"shipping-taxable","14":"purchasable","15":"product-type-variable"},"_links":{"self":[{"href":"https:\/\/zlatyrakytnik.sk\/hu\/wp-json\/wp\/v2\/product\/6788","targetHints":{"allow":["GET"]}}],"collection":[{"href":"https:\/\/zlatyrakytnik.sk\/hu\/wp-json\/wp\/v2\/product"}],"about":[{"href":"https:\/\/zlatyrakytnik.sk\/hu\/wp-json\/wp\/v2\/types\/product"}],"replies":[{"embeddable":true,"href":"https:\/\/zlatyrakytnik.sk\/hu\/wp-json\/wp\/v2\/comments?post=6788"}],"wp:featuredmedia":[{"embeddable":true,"href":"https:\/\/zlatyrakytnik.sk\/hu\/wp-json\/wp\/v2\/media\/22434"}],"wp:attachment":[{"href":"https:\/\/zlatyrakytnik.sk\/hu\/wp-json\/wp\/v2\/media?parent=6788"}],"wp:term":[{"taxonomy":"product_brand","embeddable":true,"href":"https:\/\/zlatyrakytnik.sk\/hu\/wp-json\/wp\/v2\/product_brand?post=6788"},{"taxonomy":"product_cat","embeddable":true,"href":"https:\/\/zlatyrakytnik.sk\/hu\/wp-json\/wp\/v2\/product_cat?post=6788"},{"taxonomy":"product_tag","embeddable":true,"href":"https:\/\/zlatyrakytnik.sk\/hu\/wp-json\/wp\/v2\/product_tag?post=6788"},{"taxonomy":"giftcard-category","embeddable":true,"href":"https:\/\/zlatyrakytnik.sk\/hu\/wp-json\/wp\/v2\/giftcard-category?post=6788"}],"curies":[{"name":"wp","href":"https:\/\/api.w.org\/{rel}","templated":true}]}}