{"id":6808,"date":"2020-12-01T15:30:58","date_gmt":"2020-12-01T14:30:58","guid":{"rendered":"https:\/\/zlatyrakytnik.sk\/product\/lekvar-slivkovy-s-rakytnikom\/"},"modified":"2026-01-15T09:33:31","modified_gmt":"2026-01-15T08:33:31","slug":"lekvar-slivkovy-s-rakytnikom","status":"publish","type":"product","link":"https:\/\/zlatyrakytnik.sk\/hu\/termek\/lekvar-slivkovy-s-rakytnikom\/","title":{"rendered":"Lekv\u00e1r slivkov\u00fd s rakytn\u00edkom"},"content":{"rendered":"<p>Skladujte na tmavom mieste a&nbsp;po otvoren\u00ed v&nbsp;chladni\u010dke. Vyroben\u00e9 na Slovensku. Zlo\u017eenie: slivky, cukor, rakytn\u00edk.<\/p>\n<table width=\"360\">\n<tbody>\n<tr>\n<td colspan=\"4\">Energetick\u00e1 hodnota<\/td>\n<td style=\"text-align: right;\">1010 kJ \/ 238 kcal<\/td>\n<\/tr>\n<tr>\n<td colspan=\"4\">Tuky<\/td>\n<td style=\"text-align: right;\">0,5 g<\/td>\n<\/tr>\n<tr>\n<td colspan=\"4\">z toho nas\u00fdten\u00e9 mastn\u00e9 kyseliny<\/td>\n<td style=\"text-align: right;\">0,2 g<\/td>\n<\/tr>\n<tr>\n<td colspan=\"4\">Sacharidy<\/td>\n<td style=\"text-align: right;\">58 g<\/td>\n<\/tr>\n<tr>\n<td colspan=\"4\">z toho cukry<\/td>\n<td style=\"text-align: right;\">53 g<\/td>\n<\/tr>\n<tr>\n<td colspan=\"4\">Bielkoviny<\/td>\n<td style=\"text-align: right;\">1,0 g<\/td>\n<\/tr>\n<tr>\n<td colspan=\"4\">So\u013e<\/td>\n<td style=\"text-align: right;\">0 g<\/td>\n<\/tr>\n<\/tbody>\n<\/table>","protected":false},"excerpt":{"rendered":"<p>Na slnku dozret\u00e9, zo stromu obrat\u00e9 ovocie zo slovensk\u00fdch sadov. Pomaly varen\u00e9 tradi\u010dn\u00fdm sp\u00f4sobom na\u0161ich star\u00fdch m\u00e1m. Na ohni, v\u00a0kotl\u00edku\/hrnci na ohni tak aby sa varili, ale neprihoreli, za st\u00e1leho mie\u0161ania s\u00a0prid\u00e1van\u00edm cukru pribli\u017ene 10 hod\u00edn ka\u017ed\u00e1 v\u00e1rka. N\u00e1ro\u010dn\u00e9, ale v\u00fdsledok stoj\u00ed za to. Poh\u00e1rik lekv\u00e1ru \u2013 200g \u2013 bol vyroben\u00fd z\u00a0354g ovocia.<\/p>","protected":false},"featured_media":34050,"comment_status":"open","ping_status":"closed","template":"","meta":[],"product_brand":[278],"product_cat":[271],"product_tag":[273],"giftcard-category":[],"class_list":{"0":"post-6808","1":"product","2":"type-product","3":"status-publish","4":"has-post-thumbnail","6":"product_brand-kukkonia","7":"product_cat-ovocne-lekvare","8":"product_tag-kukkonia","10":"first","11":"instock","12":"taxable","13":"shipping-taxable","14":"purchasable","15":"product-type-simple"},"_links":{"self":[{"href":"https:\/\/zlatyrakytnik.sk\/hu\/wp-json\/wp\/v2\/product\/6808","targetHints":{"allow":["GET"]}}],"collection":[{"href":"https:\/\/zlatyrakytnik.sk\/hu\/wp-json\/wp\/v2\/product"}],"about":[{"href":"https:\/\/zlatyrakytnik.sk\/hu\/wp-json\/wp\/v2\/types\/product"}],"replies":[{"embeddable":true,"href":"https:\/\/zlatyrakytnik.sk\/hu\/wp-json\/wp\/v2\/comments?post=6808"}],"wp:featuredmedia":[{"embeddable":true,"href":"https:\/\/zlatyrakytnik.sk\/hu\/wp-json\/wp\/v2\/media\/34050"}],"wp:attachment":[{"href":"https:\/\/zlatyrakytnik.sk\/hu\/wp-json\/wp\/v2\/media?parent=6808"}],"wp:term":[{"taxonomy":"product_brand","embeddable":true,"href":"https:\/\/zlatyrakytnik.sk\/hu\/wp-json\/wp\/v2\/product_brand?post=6808"},{"taxonomy":"product_cat","embeddable":true,"href":"https:\/\/zlatyrakytnik.sk\/hu\/wp-json\/wp\/v2\/product_cat?post=6808"},{"taxonomy":"product_tag","embeddable":true,"href":"https:\/\/zlatyrakytnik.sk\/hu\/wp-json\/wp\/v2\/product_tag?post=6808"},{"taxonomy":"giftcard-category","embeddable":true,"href":"https:\/\/zlatyrakytnik.sk\/hu\/wp-json\/wp\/v2\/giftcard-category?post=6808"}],"curies":[{"name":"wp","href":"https:\/\/api.w.org\/{rel}","templated":true}]}}