{"id":6813,"date":"2020-12-01T15:30:59","date_gmt":"2020-12-01T14:30:59","guid":{"rendered":"https:\/\/zlatyrakytnik.sk\/product\/lekvar-sipkovy\/"},"modified":"2026-01-15T09:33:30","modified_gmt":"2026-01-15T08:33:30","slug":"lekvar-sipkovy","status":"publish","type":"product","link":"https:\/\/zlatyrakytnik.sk\/hu\/termek\/lekvar-sipkovy\/","title":{"rendered":"Lekv\u00e1r \u0161\u00edpkov\u00fd"},"content":{"rendered":"<p>Skladujte na tmavom mieste a&nbsp;po otvoren\u00ed v&nbsp;chladni\u010dke. Vyroben\u00e9 na Slovensku. Zlo\u017eenie: \u0161\u00edpky, cukor.<\/p>\n<table width=\"360\">\n<tbody>\n<tr>\n<td colspan=\"4\">Energetick\u00e1 hodnota<\/td>\n<td style=\"text-align: right;\">767 kJ \/ 181 kcal<\/td>\n<\/tr>\n<tr>\n<td colspan=\"4\">Tuky<\/td>\n<td style=\"text-align: right;\">0,5 g<\/td>\n<\/tr>\n<tr>\n<td colspan=\"4\">z toho nas\u00fdten\u00e9 mastn\u00e9 kyseliny<\/td>\n<td style=\"text-align: right;\">0,3 g<\/td>\n<\/tr>\n<tr>\n<td colspan=\"4\">Sacharidy<\/td>\n<td style=\"text-align: right;\">45 g<\/td>\n<\/tr>\n<tr>\n<td colspan=\"4\">z toho cukry<\/td>\n<td style=\"text-align: right;\">34 g<\/td>\n<\/tr>\n<tr>\n<td colspan=\"4\">Bielkoviny<\/td>\n<td style=\"text-align: right;\">0,5 g<\/td>\n<\/tr>\n<tr>\n<td colspan=\"4\">So\u013e<\/td>\n<td style=\"text-align: right;\">0 g<\/td>\n<\/tr>\n<\/tbody>\n<\/table>","protected":false},"excerpt":{"rendered":"<p>Vz\u00e1cny, typicky jesenn\u00fd lekv\u00e1r chutn\u00fd v\u0161ak po\u010das cel\u00e9ho roku. Na Slovensku oberan\u00e9 \u0161\u00edpky varen\u00e9 tradi\u010dn\u00fdm sp\u00f4sobom na\u0161ich star\u00fdch m\u00e1m. Na ohni, v\u00a0kotl\u00edku\/hrnci na ohni tak aby sa varili, ale neprihoreli, za st\u00e1leho mie\u0161ania s\u00a0prid\u00e1van\u00edm cukru pribli\u017ene 10 hod\u00edn ka\u017ed\u00e1 v\u00e1rka. N\u00e1ro\u010dn\u00e9, ale v\u00fdsledok stoj\u00ed za to. Poh\u00e1rik lekv\u00e1ru \u2013 200g \u2013 bol vyroben\u00fd z\u00a0219g ovocia.<\/p>","protected":false},"featured_media":28516,"comment_status":"open","ping_status":"closed","template":"","meta":[],"product_brand":[278],"product_cat":[271],"product_tag":[273],"giftcard-category":[],"class_list":{"0":"post-6813","1":"product","2":"type-product","3":"status-publish","4":"has-post-thumbnail","6":"product_brand-kukkonia","7":"product_cat-ovocne-lekvare","8":"product_tag-kukkonia","10":"first","11":"instock","12":"taxable","13":"shipping-taxable","14":"purchasable","15":"product-type-simple"},"_links":{"self":[{"href":"https:\/\/zlatyrakytnik.sk\/hu\/wp-json\/wp\/v2\/product\/6813","targetHints":{"allow":["GET"]}}],"collection":[{"href":"https:\/\/zlatyrakytnik.sk\/hu\/wp-json\/wp\/v2\/product"}],"about":[{"href":"https:\/\/zlatyrakytnik.sk\/hu\/wp-json\/wp\/v2\/types\/product"}],"replies":[{"embeddable":true,"href":"https:\/\/zlatyrakytnik.sk\/hu\/wp-json\/wp\/v2\/comments?post=6813"}],"wp:featuredmedia":[{"embeddable":true,"href":"https:\/\/zlatyrakytnik.sk\/hu\/wp-json\/wp\/v2\/media\/28516"}],"wp:attachment":[{"href":"https:\/\/zlatyrakytnik.sk\/hu\/wp-json\/wp\/v2\/media?parent=6813"}],"wp:term":[{"taxonomy":"product_brand","embeddable":true,"href":"https:\/\/zlatyrakytnik.sk\/hu\/wp-json\/wp\/v2\/product_brand?post=6813"},{"taxonomy":"product_cat","embeddable":true,"href":"https:\/\/zlatyrakytnik.sk\/hu\/wp-json\/wp\/v2\/product_cat?post=6813"},{"taxonomy":"product_tag","embeddable":true,"href":"https:\/\/zlatyrakytnik.sk\/hu\/wp-json\/wp\/v2\/product_tag?post=6813"},{"taxonomy":"giftcard-category","embeddable":true,"href":"https:\/\/zlatyrakytnik.sk\/hu\/wp-json\/wp\/v2\/giftcard-category?post=6813"}],"curies":[{"name":"wp","href":"https:\/\/api.w.org\/{rel}","templated":true}]}}