{"id":6814,"date":"2020-12-01T15:30:59","date_gmt":"2020-12-01T14:30:59","guid":{"rendered":"https:\/\/zlatyrakytnik.sk\/product\/kapia-v-oleji-pikantna\/"},"modified":"2026-04-14T12:21:05","modified_gmt":"2026-04-14T10:21:05","slug":"kapia-v-oleji","status":"publish","type":"product","link":"https:\/\/zlatyrakytnik.sk\/hu\/termek\/kapia-v-oleji\/","title":{"rendered":"K\u00e1pia v oleji"},"content":{"rendered":"<p>Skladujte na tmavom mieste a po otvoren\u00ed v chladni\u010dke. Vyroben\u00e9 na Slovensku. Zlo\u017eenie: paprika \u2013 kapia 52 %, pitn\u00e1 voda, cukor, kvasn\u00fd ocot liehov\u00fd, olej, koreniny (so\u013e, hor\u010dica, koriander, bobkov\u00fd list, korenie \u010dierne, klin\u010deky, korenie nov\u00e9, chilli, z\u00e1zvor). V\u00fdrobok m\u00f4\u017ee obsahova\u0165: glut\u00e9n, sezam a zeler.<\/p>\n<table width=\"360\">\n<tbody>\n<tr>\n<td colspan=\"4\">Energetick\u00e1 hodnota<\/td>\n<td style=\"text-align: right;\">298,8 KJ\/70,6 kcal<\/td>\n<\/tr>\n<tr>\n<td colspan=\"4\">Tuky<\/td>\n<td style=\"text-align: right;\">0,8 g<\/td>\n<\/tr>\n<tr>\n<td colspan=\"4\">z toho nas\u00fdten\u00e9 mastn\u00e9 kyseliny<\/td>\n<td style=\"text-align: right;\">0,1 g<\/td>\n<\/tr>\n<tr>\n<td colspan=\"4\">Sacharidy<\/td>\n<td style=\"text-align: right;\">15,5 g<\/td>\n<\/tr>\n<tr>\n<td colspan=\"4\">z toho cukry<\/td>\n<td style=\"text-align: right;\">13,5 g<\/td>\n<\/tr>\n<tr>\n<td colspan=\"4\">Bielkoviny<\/td>\n<td style=\"text-align: right;\">0,24 g<\/td>\n<\/tr>\n<tr>\n<td colspan=\"4\">So\u013e<\/td>\n<td style=\"text-align: right;\">2,3 g<\/td>\n<\/tr>\n<\/tbody>\n<\/table>","protected":false},"excerpt":{"rendered":"<p>\u017ditn\u00fd ostrov &#8211; na\u0161a Zlat\u00e1 z\u00e1hrada &#8211; je typickou oblas\u0165ou pestovania\u00a0papriky. Z\u00e1kladom takmer ka\u017ed\u00e9ho m\u00e4sov\u00e9ho aj vegetari\u00e1nskeho pokrmu\u00a0je paprika v jej \u010derstvej alebo mletej podobe. Lahodn\u00fa chu\u0165 paprikov\u00fdm zav\u00e1ranin\u00e1m zna\u010dky Kukkonia dod\u00e1va najm\u00e4 pestovanie a\u00a0dozrievanie na priamom slnku bez f\u00f3liovn\u00edkov, sklen\u00edkov a\u00a0bez hydrop\u00f3nie.<\/p>","protected":false},"featured_media":28514,"comment_status":"open","ping_status":"closed","template":"","meta":[],"product_brand":[278],"product_cat":[253,254],"product_tag":[],"giftcard-category":[],"class_list":{"0":"post-6814","1":"product","2":"type-product","3":"status-publish","4":"has-post-thumbnail","6":"product_brand-kukkonia","7":"product_cat-spajza","8":"product_cat-zavaraniny","10":"first","11":"instock","12":"taxable","13":"shipping-taxable","14":"purchasable","15":"product-type-simple"},"_links":{"self":[{"href":"https:\/\/zlatyrakytnik.sk\/hu\/wp-json\/wp\/v2\/product\/6814","targetHints":{"allow":["GET"]}}],"collection":[{"href":"https:\/\/zlatyrakytnik.sk\/hu\/wp-json\/wp\/v2\/product"}],"about":[{"href":"https:\/\/zlatyrakytnik.sk\/hu\/wp-json\/wp\/v2\/types\/product"}],"replies":[{"embeddable":true,"href":"https:\/\/zlatyrakytnik.sk\/hu\/wp-json\/wp\/v2\/comments?post=6814"}],"wp:featuredmedia":[{"embeddable":true,"href":"https:\/\/zlatyrakytnik.sk\/hu\/wp-json\/wp\/v2\/media\/28514"}],"wp:attachment":[{"href":"https:\/\/zlatyrakytnik.sk\/hu\/wp-json\/wp\/v2\/media?parent=6814"}],"wp:term":[{"taxonomy":"product_brand","embeddable":true,"href":"https:\/\/zlatyrakytnik.sk\/hu\/wp-json\/wp\/v2\/product_brand?post=6814"},{"taxonomy":"product_cat","embeddable":true,"href":"https:\/\/zlatyrakytnik.sk\/hu\/wp-json\/wp\/v2\/product_cat?post=6814"},{"taxonomy":"product_tag","embeddable":true,"href":"https:\/\/zlatyrakytnik.sk\/hu\/wp-json\/wp\/v2\/product_tag?post=6814"},{"taxonomy":"giftcard-category","embeddable":true,"href":"https:\/\/zlatyrakytnik.sk\/hu\/wp-json\/wp\/v2\/giftcard-category?post=6814"}],"curies":[{"name":"wp","href":"https:\/\/api.w.org\/{rel}","templated":true}]}}