{"id":6815,"date":"2020-12-01T15:30:59","date_gmt":"2020-12-01T14:30:59","guid":{"rendered":"https:\/\/zlatyrakytnik.sk\/product\/paprikovy-krem-palivy\/"},"modified":"2025-09-03T18:27:58","modified_gmt":"2025-09-03T16:27:58","slug":"paprikovy-krem-palivy","status":"publish","type":"product","link":"https:\/\/zlatyrakytnik.sk\/hu\/termek\/paprikovy-krem-palivy\/","title":{"rendered":"Paprikov\u00fd kr\u00e9m, p\u00e1liv\u00fd"},"content":{"rendered":"<p>Skladujte na tmavom mieste a&nbsp;po otvoren\u00ed v&nbsp;chladni\u010dke. Vyroben\u00e9 na Slovensku. Zlo\u017eenie: paprika 90% (baranie rohy, fefer\u00f3ny, \u010dili a&nbsp;k\u00e1pia), so\u013e.<\/p>\n<table width=\"360\">\n<tbody>\n<tr>\n<td colspan=\"4\">Energetick\u00e1 hodnota<\/td>\n<td style=\"text-align: right;\">363 kJ \/ 86 kcal<\/td>\n<\/tr>\n<tr>\n<td colspan=\"4\">Tuky<\/td>\n<td style=\"text-align: right;\">2,1 g<\/td>\n<\/tr>\n<tr>\n<td colspan=\"4\">z toho nas\u00fdten\u00e9 mastn\u00e9 kyseliny<\/td>\n<td style=\"text-align: right;\">0,5 g<\/td>\n<\/tr>\n<tr>\n<td colspan=\"4\">Sacharidy<\/td>\n<td style=\"text-align: right;\">14 g<\/td>\n<\/tr>\n<tr>\n<td colspan=\"4\">z toho cukry<\/td>\n<td style=\"text-align: right;\">4,6 g<\/td>\n<\/tr>\n<tr>\n<td colspan=\"4\">Bielkoviny<\/td>\n<td style=\"text-align: right;\">2,3 g<\/td>\n<\/tr>\n<tr>\n<td colspan=\"4\">So\u013e<\/td>\n<td style=\"text-align: right;\">8,1 g<\/td>\n<\/tr>\n<\/tbody>\n<\/table>","protected":false},"excerpt":{"rendered":"<p>Ju\u017en\u00e9 Slovensko a\u00a0hlavne \u017ditn\u00fd ostrov je typickou oblas\u0165ou\u00a0papriky \u2013 pestuje sa, je neoddelite\u013enou s\u00fa\u010das\u0165ou kuchyne, dekor\u00e1cie a\u00a0zvykov v\u00a0regi\u00f3ne. Je z\u00e1kladom takmer ka\u017ed\u00e9ho jedla, \u010di u\u017e v jej \u010derstvej, zavarenej, su\u0161enej alebo mletej podobe. Lahodn\u00fa chu\u0165 paprikov\u00fdm v\u00fdrobkom dod\u00e1va najm\u00e4 pestovanie a\u00a0dozrievanie na priamom slnku bez f\u00f3liovn\u00edkov, sklen\u00edkov a\u00a0bez hydrop\u00f3nie. Skvel\u00e1 chu\u0165 paprikov\u00e9ho kr\u00e9mu tkvie v\u00a0jeho zlo\u017een\u00ed \u0161tyroch papr\u00edk \u2013 fefer\u00f3ny, \u010dili, k\u00e1pie a\u00a0baranie rohy. Skvel\u00fd do jed\u00e1l, av\u0161ak aj ako n\u00e1tierka a\u00a0pr\u00edloha k\u00a0jedl\u00e1m.<\/p>","protected":false},"featured_media":28518,"comment_status":"open","ping_status":"closed","template":"","meta":[],"product_brand":[278],"product_cat":[253,254],"product_tag":[273],"giftcard-category":[],"class_list":{"0":"post-6815","1":"product","2":"type-product","3":"status-publish","4":"has-post-thumbnail","6":"product_brand-kukkonia","7":"product_cat-spajza","8":"product_cat-zavaraniny","9":"product_tag-kukkonia","11":"first","12":"instock","13":"taxable","14":"shipping-taxable","15":"purchasable","16":"product-type-simple"},"_links":{"self":[{"href":"https:\/\/zlatyrakytnik.sk\/hu\/wp-json\/wp\/v2\/product\/6815","targetHints":{"allow":["GET"]}}],"collection":[{"href":"https:\/\/zlatyrakytnik.sk\/hu\/wp-json\/wp\/v2\/product"}],"about":[{"href":"https:\/\/zlatyrakytnik.sk\/hu\/wp-json\/wp\/v2\/types\/product"}],"replies":[{"embeddable":true,"href":"https:\/\/zlatyrakytnik.sk\/hu\/wp-json\/wp\/v2\/comments?post=6815"}],"wp:featuredmedia":[{"embeddable":true,"href":"https:\/\/zlatyrakytnik.sk\/hu\/wp-json\/wp\/v2\/media\/28518"}],"wp:attachment":[{"href":"https:\/\/zlatyrakytnik.sk\/hu\/wp-json\/wp\/v2\/media?parent=6815"}],"wp:term":[{"taxonomy":"product_brand","embeddable":true,"href":"https:\/\/zlatyrakytnik.sk\/hu\/wp-json\/wp\/v2\/product_brand?post=6815"},{"taxonomy":"product_cat","embeddable":true,"href":"https:\/\/zlatyrakytnik.sk\/hu\/wp-json\/wp\/v2\/product_cat?post=6815"},{"taxonomy":"product_tag","embeddable":true,"href":"https:\/\/zlatyrakytnik.sk\/hu\/wp-json\/wp\/v2\/product_tag?post=6815"},{"taxonomy":"giftcard-category","embeddable":true,"href":"https:\/\/zlatyrakytnik.sk\/hu\/wp-json\/wp\/v2\/giftcard-category?post=6815"}],"curies":[{"name":"wp","href":"https:\/\/api.w.org\/{rel}","templated":true}]}}