{"id":6816,"date":"2020-12-01T15:31:00","date_gmt":"2020-12-01T14:31:00","guid":{"rendered":"https:\/\/zlatyrakytnik.sk\/product\/cviklovy-tatarak-catni\/"},"modified":"2025-09-03T18:28:42","modified_gmt":"2025-09-03T16:28:42","slug":"cviklovy-tatarak-catni","status":"publish","type":"product","link":"https:\/\/zlatyrakytnik.sk\/hu\/termek\/cviklovy-tatarak-catni\/","title":{"rendered":"Cviklov\u00fd \u201eTatar\u00e1k\u201c (\u010datn\u00ed)"},"content":{"rendered":"<p>Skladujte na tmavom mieste a&nbsp;po otvoren\u00ed v&nbsp;chladni\u010dke a&nbsp;spotrebujte do 5 dn\u00ed. Vyroben\u00e9 na Slovensku.<\/p>\n<table width=\"360\">\n<tbody>\n<tr>\n<td colspan=\"4\">Energetick\u00e1 hodnota<\/td>\n<td style=\"text-align: right;\">789,9 kJ \/ 186 kcal<\/td>\n<\/tr>\n<tr>\n<td colspan=\"4\">Tuky<\/td>\n<td style=\"text-align: right;\">0,54 g<\/td>\n<\/tr>\n<tr>\n<td colspan=\"4\">z toho nas\u00fdten\u00e9 mastn\u00e9 kyseliny<\/td>\n<td style=\"text-align: right;\">0,6 g<\/td>\n<\/tr>\n<tr>\n<td colspan=\"4\">Sacharidy<\/td>\n<td style=\"text-align: right;\">44 g<\/td>\n<\/tr>\n<tr>\n<td colspan=\"4\">z toho cukry<\/td>\n<td style=\"text-align: right;\">39,5 g<\/td>\n<\/tr>\n<tr>\n<td colspan=\"4\">Bielkoviny<\/td>\n<td style=\"text-align: right;\">1,2 g<\/td>\n<\/tr>\n<tr>\n<td colspan=\"4\">So\u013e<\/td>\n<td style=\"text-align: right;\">1,3 g<\/td>\n<\/tr>\n<\/tbody>\n<\/table>","protected":false},"excerpt":{"rendered":"<p>Cvikla \u2013 milovan\u00e1 a\u00a0nen\u00e1viden\u00e1 z\u00e1rove\u0148. Jedna z\u00a0najzdrav\u0161\u00edch zelen\u00edn a\u00a0\u010do je zdrav\u00e9, nem\u00f4\u017ee by\u0165 predsa chutn\u00e9 ???? Verte n\u00e1m, nie je to pravda! Aj zdrav\u00e1 zelenina a\u00a0ovocie dok\u00e1\u017ee skvele chuti\u0165. Doladen\u00e1 chu\u0165 cvikly m\u00f4\u017ee by\u0165 dokonca fenomen\u00e1lna. Zlo\u017eenie: cvikla, cukor, v\u00edno, \u010derven\u00e1 cibu\u013ea, kvasn\u00fd ocot, slne\u010dnicov\u00fd olej, so\u013e, koreniny (kardam\u00f3m mlet\u00fd, badi\u00e1n, \u010dierne korenie, bobkov\u00fd list). Rukopis skvel\u00e9ho \u0161\u00e9fkuch\u00e1ra je v\u00a0recept\u00fare cite\u013en\u00fd.<\/p>","protected":false},"featured_media":28512,"comment_status":"open","ping_status":"closed","template":"","meta":[],"product_brand":[278],"product_cat":[253,254],"product_tag":[273],"giftcard-category":[],"class_list":{"0":"post-6816","1":"product","2":"type-product","3":"status-publish","4":"has-post-thumbnail","6":"product_brand-kukkonia","7":"product_cat-spajza","8":"product_cat-zavaraniny","9":"product_tag-kukkonia","11":"first","12":"instock","13":"taxable","14":"shipping-taxable","15":"purchasable","16":"product-type-simple"},"_links":{"self":[{"href":"https:\/\/zlatyrakytnik.sk\/hu\/wp-json\/wp\/v2\/product\/6816","targetHints":{"allow":["GET"]}}],"collection":[{"href":"https:\/\/zlatyrakytnik.sk\/hu\/wp-json\/wp\/v2\/product"}],"about":[{"href":"https:\/\/zlatyrakytnik.sk\/hu\/wp-json\/wp\/v2\/types\/product"}],"replies":[{"embeddable":true,"href":"https:\/\/zlatyrakytnik.sk\/hu\/wp-json\/wp\/v2\/comments?post=6816"}],"wp:featuredmedia":[{"embeddable":true,"href":"https:\/\/zlatyrakytnik.sk\/hu\/wp-json\/wp\/v2\/media\/28512"}],"wp:attachment":[{"href":"https:\/\/zlatyrakytnik.sk\/hu\/wp-json\/wp\/v2\/media?parent=6816"}],"wp:term":[{"taxonomy":"product_brand","embeddable":true,"href":"https:\/\/zlatyrakytnik.sk\/hu\/wp-json\/wp\/v2\/product_brand?post=6816"},{"taxonomy":"product_cat","embeddable":true,"href":"https:\/\/zlatyrakytnik.sk\/hu\/wp-json\/wp\/v2\/product_cat?post=6816"},{"taxonomy":"product_tag","embeddable":true,"href":"https:\/\/zlatyrakytnik.sk\/hu\/wp-json\/wp\/v2\/product_tag?post=6816"},{"taxonomy":"giftcard-category","embeddable":true,"href":"https:\/\/zlatyrakytnik.sk\/hu\/wp-json\/wp\/v2\/giftcard-category?post=6816"}],"curies":[{"name":"wp","href":"https:\/\/api.w.org\/{rel}","templated":true}]}}