{"id":6818,"date":"2020-12-01T15:31:00","date_gmt":"2020-12-01T14:31:00","guid":{"rendered":"https:\/\/zlatyrakytnik.sk\/product\/bio-stava-z-aronie\/"},"modified":"2026-02-23T09:10:50","modified_gmt":"2026-02-23T08:10:50","slug":"bio-stava-z-aronie","status":"publish","type":"product","link":"https:\/\/zlatyrakytnik.sk\/hu\/termek\/bio-stava-z-aronie\/","title":{"rendered":"BIO \u0161\u0165ava z Ar\u00f3nie"},"content":{"rendered":"<p>Zlo\u017eenie: 100% \u0161\u0165ava z&nbsp;plodov ar\u00f3nie. Skladujte na suchom a&nbsp;tmavom mieste pri teplote do 24\u00b0C. Po otvoren\u00ed skladujte pri teplote do 8\u00b0C a&nbsp;spotrebujte do 14 dn\u00ed.<\/p>\n<p>Spracovate\u013e: PD Tvrdo\u0161ovce, Sz\u00e9ch\u00e9nyiho 10, 941 10 Tvrdo\u0161ovce.<\/p>\n<table width=\"294\">\n<tbody>\n<tr>\n<td colspan=\"5\" width=\"294\"><strong>V\u00fd\u017eivov\u00e9 hodnoty v 100ml:<\/strong><\/td>\n<\/tr>\n<tr>\n<td colspan=\"4\">Energetick\u00e1 hodnota<\/td>\n<td style=\"text-align: right;\">341,1kJ\/80,5kcal<\/td>\n<\/tr>\n<tr>\n<td colspan=\"4\">Tuky<\/td>\n<td style=\"text-align: right;\">0,765g<\/td>\n<\/tr>\n<tr>\n<td colspan=\"4\">z toho nas\u00fdten\u00e9 mastn\u00e9 kyseliny<\/td>\n<td style=\"text-align: right;\">0,30g<\/td>\n<\/tr>\n<tr>\n<td colspan=\"4\">Sacharidy<\/td>\n<td style=\"text-align: right;\">18,21g<\/td>\n<\/tr>\n<tr>\n<td colspan=\"4\">z toho cukry<\/td>\n<td style=\"text-align: right;\">1,53g<\/td>\n<\/tr>\n<tr>\n<td colspan=\"4\">Vl\u00e1knina<\/td>\n<td style=\"text-align: right;\">0,64g<\/td>\n<\/tr>\n<tr>\n<td colspan=\"4\">Bielkoviny<\/td>\n<td style=\"text-align: right;\">0,20g<\/td>\n<\/tr>\n<tr>\n<td colspan=\"4\">So\u013e<\/td>\n<td style=\"text-align: right;\">0,00g<\/td>\n<\/tr>\n<\/tbody>\n<\/table>","protected":false},"excerpt":{"rendered":"<p>100% \u010dist\u00e1 bio \u0161\u0165ava z\u00a0plodov ar\u00f3nie pestovanej na Slovensku ekologick\u00fdm sp\u00f4sobom. Ar\u00f3nia sa rad\u00ed do kateg\u00f3rie super ovocia \u201eSuperfruit\u201c s\u00a0vysok\u00fdm obsahom zdraviu prospe\u0161n\u00fdch l\u00e1tok. Napr\u00edklad: vitam\u00edny na posilnenie imunity; bioflavonoidy &#8211; rut\u00edn a\u00a0in\u00e9 pre zdrav\u00e9 a pevn\u00e9 cievy; pr\u00edrodn\u00fd sorbit pre udr\u017eiavanie zdravej hladiny cukru a\u00a0\u017eelezo, j\u00f3d, flu\u00f3r \u010di mang\u00e1n s\u00fa nevyhnutn\u00e9 pre pevn\u00e9 zdravie a\u00a0vitalitu. Najlep\u0161ie ovocie je to, ktor\u00e9 dozrelo prirodzen\u00fdm sp\u00f4sobom na slnku a\u00a0da\u017edi s\u00a0l\u00e1skavou starostlivos\u0165ou pestovate\u013eov. U\u00a0n\u00e1s n\u00e1jdete v\u00fdrobky len z\u00a0v\u00a0pr\u00edrode dozret\u00e9ho ovocia. \u0160\u0165ava je z\u00edskan\u00e1 lisovan\u00edm ovocia za studena a\u00a0je upraven\u00e1 \u0161etrnou pasteriz\u00e1ciou. Na zdravie!<\/p>","protected":false},"featured_media":10179,"comment_status":"open","ping_status":"closed","template":"","meta":[],"product_brand":[277],"product_cat":[275,237,239],"product_tag":[191],"giftcard-category":[],"class_list":{"0":"post-6818","1":"product","2":"type-product","3":"status-publish","4":"has-post-thumbnail","6":"product_brand-tvrdosovske-zlato","7":"product_cat-tvrdosovske-zlato","8":"product_cat-bobulove-stavy","9":"product_cat-aronia-bobulove-stavy","10":"product_tag-tvrdosovske-zlato","12":"first","13":"instock","14":"taxable","15":"shipping-taxable","16":"purchasable","17":"product-type-variable"},"_links":{"self":[{"href":"https:\/\/zlatyrakytnik.sk\/hu\/wp-json\/wp\/v2\/product\/6818","targetHints":{"allow":["GET"]}}],"collection":[{"href":"https:\/\/zlatyrakytnik.sk\/hu\/wp-json\/wp\/v2\/product"}],"about":[{"href":"https:\/\/zlatyrakytnik.sk\/hu\/wp-json\/wp\/v2\/types\/product"}],"replies":[{"embeddable":true,"href":"https:\/\/zlatyrakytnik.sk\/hu\/wp-json\/wp\/v2\/comments?post=6818"}],"wp:featuredmedia":[{"embeddable":true,"href":"https:\/\/zlatyrakytnik.sk\/hu\/wp-json\/wp\/v2\/media\/10179"}],"wp:attachment":[{"href":"https:\/\/zlatyrakytnik.sk\/hu\/wp-json\/wp\/v2\/media?parent=6818"}],"wp:term":[{"taxonomy":"product_brand","embeddable":true,"href":"https:\/\/zlatyrakytnik.sk\/hu\/wp-json\/wp\/v2\/product_brand?post=6818"},{"taxonomy":"product_cat","embeddable":true,"href":"https:\/\/zlatyrakytnik.sk\/hu\/wp-json\/wp\/v2\/product_cat?post=6818"},{"taxonomy":"product_tag","embeddable":true,"href":"https:\/\/zlatyrakytnik.sk\/hu\/wp-json\/wp\/v2\/product_tag?post=6818"},{"taxonomy":"giftcard-category","embeddable":true,"href":"https:\/\/zlatyrakytnik.sk\/hu\/wp-json\/wp\/v2\/giftcard-category?post=6818"}],"curies":[{"name":"wp","href":"https:\/\/api.w.org\/{rel}","templated":true}]}}