{"id":6823,"date":"2020-12-01T15:31:03","date_gmt":"2020-12-01T14:31:03","guid":{"rendered":"https:\/\/zlatyrakytnik.sk\/product\/med-kvetovy\/"},"modified":"2025-12-01T00:00:51","modified_gmt":"2025-11-30T23:00:51","slug":"slovensky-med","status":"publish","type":"product","link":"https:\/\/zlatyrakytnik.sk\/hu\/termek\/slovensky-med\/","title":{"rendered":"Slovensk\u00fd med"},"content":{"rendered":"<p>Tuhnutie medu je prirodzenou vlastnos\u0165ou a zn\u00e1mkou pravosti medu. Skladujte na suchom mieste do 24\u00b0C.<\/p><p>Spracovate\u013e: PD Tvrdo\u0161ovce, Sz\u00e9ch\u00e9nyiho 10, 941 10 Tvrdo\u0161ovce. Schva\u013eovacie \u010d\u00edslo: 10086<\/p>","protected":false},"excerpt":{"rendered":"<p>Tuhnutie medu je prirodzenou vlastnos\u0165ou a zn\u00e1mkou pravosti medu. Skladujte na suchom mieste do 24\u00b0C. Spracovate\u013e: PD Tvrdo\u0161ovce, Sz\u00e9ch\u00e9nyiho 10, 941 10 Tvrdo\u0161ovce. Schva\u013eovacie \u010d\u00edslo: 10086<\/p>","protected":false},"featured_media":33721,"comment_status":"open","ping_status":"closed","template":"","meta":[],"product_brand":[277],"product_cat":[275,418,264],"product_tag":[191],"giftcard-category":[],"class_list":{"0":"post-6823","1":"product","2":"type-product","3":"status-publish","4":"has-post-thumbnail","6":"product_brand-tvrdosovske-zlato","7":"product_cat-tvrdosovske-zlato","8":"product_cat-med-a-vcelie-produkty","9":"product_cat-prirodne-sladidla","10":"product_tag-tvrdosovske-zlato","12":"first","13":"instock","14":"taxable","15":"shipping-taxable","16":"purchasable","17":"product-type-variable"},"_links":{"self":[{"href":"https:\/\/zlatyrakytnik.sk\/hu\/wp-json\/wp\/v2\/product\/6823","targetHints":{"allow":["GET"]}}],"collection":[{"href":"https:\/\/zlatyrakytnik.sk\/hu\/wp-json\/wp\/v2\/product"}],"about":[{"href":"https:\/\/zlatyrakytnik.sk\/hu\/wp-json\/wp\/v2\/types\/product"}],"replies":[{"embeddable":true,"href":"https:\/\/zlatyrakytnik.sk\/hu\/wp-json\/wp\/v2\/comments?post=6823"}],"wp:featuredmedia":[{"embeddable":true,"href":"https:\/\/zlatyrakytnik.sk\/hu\/wp-json\/wp\/v2\/media\/33721"}],"wp:attachment":[{"href":"https:\/\/zlatyrakytnik.sk\/hu\/wp-json\/wp\/v2\/media?parent=6823"}],"wp:term":[{"taxonomy":"product_brand","embeddable":true,"href":"https:\/\/zlatyrakytnik.sk\/hu\/wp-json\/wp\/v2\/product_brand?post=6823"},{"taxonomy":"product_cat","embeddable":true,"href":"https:\/\/zlatyrakytnik.sk\/hu\/wp-json\/wp\/v2\/product_cat?post=6823"},{"taxonomy":"product_tag","embeddable":true,"href":"https:\/\/zlatyrakytnik.sk\/hu\/wp-json\/wp\/v2\/product_tag?post=6823"},{"taxonomy":"giftcard-category","embeddable":true,"href":"https:\/\/zlatyrakytnik.sk\/hu\/wp-json\/wp\/v2\/giftcard-category?post=6823"}],"curies":[{"name":"wp","href":"https:\/\/api.w.org\/{rel}","templated":true}]}}