{"id":6824,"date":"2020-12-01T15:31:03","date_gmt":"2020-12-01T14:31:03","guid":{"rendered":"https:\/\/zlatyrakytnik.sk\/product\/jesenny-vitaminovy-bio-balik-so-susenym-ovocim\/"},"modified":"2025-12-01T00:00:49","modified_gmt":"2025-11-30T23:00:49","slug":"vitaminovy-bio-balik-so-susenym-ovocim","status":"publish","type":"product","link":"https:\/\/zlatyrakytnik.sk\/hu\/termek\/vitaminovy-bio-balik-so-susenym-ovocim\/","title":{"rendered":"Vitam\u00ednov\u00fd BIO bal\u00edk so su\u0161en\u00fdm ovoc\u00edm"},"content":{"rendered":"","protected":false},"excerpt":{"rendered":"<p>Sada v\u00fdrobkov v papierovej ta\u0161ti\u010dke:<\/p>\n<ul>\n<li>100% BIO \u0161\u0165ava z rakytn\u00edka \u2013 vr\u00e1tane oleja<\/li>\n<li>BIO \u0161\u0165ava z Ar\u00f3nie<\/li>\n<li>V\u010del\u00ed med s BIO rakytn\u00edkom<\/li>\n<li>100% BIO porciovan\u00fd \u010daj, bez pr\u00edmes\u00ed<\/li>\n<li>Su\u0161en\u00e9 jablk\u00e1 so \u0161koricou \u2013 kr\u00fa\u017eky<\/li>\n<\/ul>","protected":false},"featured_media":7486,"comment_status":"open","ping_status":"closed","template":"","meta":[],"product_brand":[277],"product_cat":[275,174],"product_tag":[191],"giftcard-category":[],"class_list":{"0":"post-6824","1":"product","2":"type-product","3":"status-publish","4":"has-post-thumbnail","6":"product_brand-tvrdosovske-zlato","7":"product_cat-tvrdosovske-zlato","8":"product_cat-darcekove-balenie","9":"product_tag-tvrdosovske-zlato","11":"first","12":"instock","13":"taxable","14":"shipping-taxable","15":"purchasable","16":"product-type-simple"},"_links":{"self":[{"href":"https:\/\/zlatyrakytnik.sk\/hu\/wp-json\/wp\/v2\/product\/6824","targetHints":{"allow":["GET"]}}],"collection":[{"href":"https:\/\/zlatyrakytnik.sk\/hu\/wp-json\/wp\/v2\/product"}],"about":[{"href":"https:\/\/zlatyrakytnik.sk\/hu\/wp-json\/wp\/v2\/types\/product"}],"replies":[{"embeddable":true,"href":"https:\/\/zlatyrakytnik.sk\/hu\/wp-json\/wp\/v2\/comments?post=6824"}],"wp:featuredmedia":[{"embeddable":true,"href":"https:\/\/zlatyrakytnik.sk\/hu\/wp-json\/wp\/v2\/media\/7486"}],"wp:attachment":[{"href":"https:\/\/zlatyrakytnik.sk\/hu\/wp-json\/wp\/v2\/media?parent=6824"}],"wp:term":[{"taxonomy":"product_brand","embeddable":true,"href":"https:\/\/zlatyrakytnik.sk\/hu\/wp-json\/wp\/v2\/product_brand?post=6824"},{"taxonomy":"product_cat","embeddable":true,"href":"https:\/\/zlatyrakytnik.sk\/hu\/wp-json\/wp\/v2\/product_cat?post=6824"},{"taxonomy":"product_tag","embeddable":true,"href":"https:\/\/zlatyrakytnik.sk\/hu\/wp-json\/wp\/v2\/product_tag?post=6824"},{"taxonomy":"giftcard-category","embeddable":true,"href":"https:\/\/zlatyrakytnik.sk\/hu\/wp-json\/wp\/v2\/giftcard-category?post=6824"}],"curies":[{"name":"wp","href":"https:\/\/api.w.org\/{rel}","templated":true}]}}