{"id":6828,"date":"2020-12-01T15:31:04","date_gmt":"2020-12-01T14:31:04","guid":{"rendered":"https:\/\/zlatyrakytnik.sk\/product\/bio-duo-balik-rakytnik-aronia\/"},"modified":"2026-02-23T09:10:51","modified_gmt":"2026-02-23T08:10:51","slug":"bio-duo-balik","status":"publish","type":"product","link":"https:\/\/zlatyrakytnik.sk\/hu\/termek\/bio-duo-balik\/","title":{"rendered":"BIO Duo bal\u00edk"},"content":{"rendered":"<h2 class=\"product_title entry-title\">100% BIO \u0161\u0165ava z rakytn\u00edka \u2013 vr\u00e1tane oleja<\/h2>\n<p>100%-n\u00e1 BIO \u0161\u0165ava z&nbsp;BIO rakytn\u00edka re\u0161etliakovit\u00e9ho ur\u010den\u00e1 na priamu spotrebu. \u0160\u0165ava je lisovan\u00e1 za studena z&nbsp;ru\u010dne zbieran\u00fdch plodov rastliny s&nbsp;vysok\u00fdm obsahom oleja. Bez pridan\u00fdch konzerva\u010dn\u00fdch l\u00e1tok a sladidiel. Nerieden\u00e9, pasterizovan\u00e9. Po otvoren\u00ed spotrebujte do 10 dn\u00ed. Pribli\u017ene 10 bobuliek rakytn\u00edka obsahuje odpor\u00fa\u010dan\u00fa denn\u00fa d\u00e1vku vitam\u00ednu C. Odpor\u00fa\u010dan\u00e1 denn\u00e1 d\u00e1vka rakytn\u00edkovej \u0161\u0165avy je 2 x 20ml.<\/p>\n<h2 class=\"product_title entry-title\">BIO \u0161\u0165ava z Ar\u00f3nie<\/h2>\n<p>100% \u010dist\u00e1 bio \u0161\u0165ava z&nbsp;plodov ar\u00f3nie pestovanej na Slovensku ekologick\u00fdm sp\u00f4sobom. Ar\u00f3nia sa rad\u00ed do kateg\u00f3rie super ovocia \u201eSuperfruit\u201c s&nbsp;vysok\u00fdm obsahom zdraviu prospe\u0161n\u00fdch l\u00e1tok. Napr\u00edklad: vitam\u00edny na posilnenie imunity; bioflavonoidy \u2013 rut\u00edn a&nbsp;in\u00e9 pre zdrav\u00e9 a pevn\u00e9 cievy; pr\u00edrodn\u00fd sorbit pre udr\u017eiavanie zdravej hladiny cukru a&nbsp;\u017eelezo, j\u00f3d, flu\u00f3r \u010di mang\u00e1n s\u00fa nevyhnutn\u00e9 pre pevn\u00e9 zdravie a&nbsp;vitalitu. Najlep\u0161ie ovocie je to, ktor\u00e9 dozrelo prirodzen\u00fdm sp\u00f4sobom na slnku a&nbsp;da\u017edi s&nbsp;l\u00e1skavou starostlivos\u0165ou pestovate\u013eov. U&nbsp;n\u00e1s n\u00e1jdete v\u00fdrobky len z&nbsp;v&nbsp;pr\u00edrode dozret\u00e9ho ovocia. \u0160\u0165ava je z\u00edskan\u00e1 lisovan\u00edm ovocia za studena a&nbsp;je upraven\u00e1 \u0161etrnou pasteriz\u00e1ciou.<\/p>\n<h2 class=\"product_title entry-title\">100% BIO \u0161\u0165ava rakytn\u00edk &amp; \u0161\u00edpka<\/h2>\n<p>Origin\u00e1l z&nbsp;pr\u00edrody. V\u00fdnimo\u010dn\u00e1 kombin\u00e1cia \u0161\u0165avy z&nbsp;plodov Bio rakytn\u00edka re\u0161etliakov\u00e9ho a&nbsp;du\u017einy zo \u0161\u00edpok, dvoch super potrav\u00edn, bohat\u00fdch na vitam\u00edny, aminokyseliny, miner\u00e1lne l\u00e1tky, antioxidanty a&nbsp;mnoh\u00e9 \u010fal\u0161ie zdraviu prospe\u0161n\u00e9 l\u00e1tky.&nbsp;Obsahom vitam\u00ednu C s\u00fa topkou v&nbsp;pr\u00edrode. Rakytn\u00edk v&nbsp;plodoch obsahuje vz\u00e1cny olej a&nbsp;\u0161\u00edpky l\u00e1tky s&nbsp;antioxida\u010dn\u00fdmi a&nbsp;antibakteri\u00e1lnymi \u00fa\u010dinkami. V\u00fdsledn\u00e1 chu\u0165 je pr\u00edjemn\u00e1, konzistencia kr\u00e9mov\u00e1, dosiahnut\u00e1 kombin\u00e1ciou v\u00fdrazne kyslej rakytn\u00edkovej \u0161\u0165avy a&nbsp;chu\u0165ovo neutr\u00e1lnej du\u017einy \u0161\u00edpky.<\/p>\n<h2 class=\"product_title entry-title\">100% \u0161\u00edpkov\u00e1 \u0161\u0165ava<\/h2>\n<p>\u0160\u00edpky, s\u00fa po prv\u00fdch mrazoch, chutn\u00e9 jedl\u00e9 bobule. S\u00fa bohat\u00e9 na mnoh\u00e9 zdraviu prospe\u0161n\u00e9 l\u00e1tky, ako vitam\u00edn C, tie\u017e A, B, E, K. Obsahuj\u00fa aj triesloviny, sacharidy, pekt\u00edn, flavonoidy, mno\u017estvo miner\u00e1lnych l\u00e1tok ako fosfor, v\u00e1pnik, drasl\u00edk, hor\u010d\u00edk, sod\u00edk, zinok, me\u010f, mang\u00e1n a \u017eelezo, betakarot\u00e9n, lute\u00edn a vl\u00e1kninu. \u0160\u0165ava s du\u017einou je lisovan\u00e1 za studena len z plodov ru\u017ee \u0161\u00edpovej. Plody ru\u017ee \u0161\u00edpovej s\u00fa bohat\u00e9 na vitam\u00edn C, miner\u00e1lne l\u00e1tky v\u00e1pnik, drasl\u00edk, \u017eelezo, tie\u017e betakarot\u00e9n a vl\u00e1kninu. Na zdravie! \u0160\u0165ava je ur\u010den\u00e1 na priamu spotrebu. Pred pit\u00edm pretrepa\u0165. Pr\u00edpadn\u00fd sediment je prirodzenou s\u00fa\u010das\u0165ou \u0161\u0165avy. Doporu\u010den\u00e1 denn\u00e1 d\u00e1vka vitam\u00ednu C je obsiahnut\u00e1 v 30 ml \u0161\u0165avy.<\/p>\n<h2 class=\"product_title entry-title\">100% \u0161\u0165ava gran\u00e1tov\u00e9 jablko<\/h2>\n<p>Gran\u00e1tov\u00e9 jablko vitam\u00ednov\u00e1 bomba zo stredomoria, je svoj\u00edm zlo\u017een\u00edm skvelou potravinou nielen prevegetari\u00e1nov. \u010cerven\u00e9 semienka, ktor\u00fdch je v plode 500 a\u017e 600, s\u00fa bohat\u00e9 na aminokyseliny, ktor\u00fdch obsahuj\u00fa viac ne\u017e \u010derven\u00e9 v\u00edno \u010di zelen\u00fd \u010daj. Obsahuje tie\u017e tan\u00edny, vitam\u00edny A, B, C a E, a miner\u00e1lne l\u00e1tky sod\u00edk, \u017eelezo, fosfor a mang\u00e1n.<span class=\"Apple-converted-space\">&nbsp;<\/span>Ovocn\u00e1 \u0161\u0165ava je lisovan\u00e1 za studena zo semien stredomorsk\u00fdch plodov gran\u00e1tov\u00e9ho jablka.&nbsp;S\u00fa mimoriadne bohat\u00e9 na polyfenoly \u2013 siln\u00e9 antioxidanty, miner\u00e1lne l\u00e1tky sod\u00edka, drasl\u00edka, hor\u010d\u00edka a v\u00e1pnika a vitam\u00edn C. \u0160\u0165ava je ur\u010den\u00e1 na priamu spotrebu. Pred pou\u017eit\u00edm pretrepa\u0165. Odpor\u00fa\u010dan\u00e1 denn\u00e1 d\u00e1vka 40ml.<\/p>\n<h2 class=\"product_title entry-title\">100% BIO \u0161\u0165ava ar\u00f3nia &amp; \u0161\u00edpka<\/h2>\n<p>Origin\u00e1l z&nbsp;pr\u00edrody. V\u00fdnimo\u010dn\u00e1 kombin\u00e1cia \u0161\u0165avy z&nbsp;plodov Bio ar\u00f3nie a&nbsp;du\u017einy zo \u0161\u00edpok, dvoch super potrav\u00edn, bohat\u00fdch na vitam\u00edny, antioxidanty, miner\u00e1lne l\u00e1tky a&nbsp;mnoh\u00e9 \u010fal\u0161ie zdraviu prospe\u0161n\u00e9 l\u00e1tky.&nbsp;Obsahom antioxidantov s\u00fa topkou v&nbsp;pr\u00edrode. Ar\u00f3nia je kr\u00e1\u013eovnou antioxidantov a&nbsp;\u0161\u00edpky topkou v&nbsp;obsahu vitam\u00ednu C, l\u00e1tkami s&nbsp;mnoh\u00fdmi zdraviu prospe\u0161n\u00fdmi \u00fa\u010dinkami. V\u00fdsledn\u00e1 chu\u0165 je pr\u00edjemn\u00e1, konzistencia kr\u00e9mov\u00e1, dosiahnut\u00e1 kombin\u00e1ciou v\u00fdrazne horkej trieslovinovej \u0161\u0165avy ar\u00f3nie a&nbsp;chu\u0165ovo neutr\u00e1lnej du\u017einy \u0161\u00edpky.<\/p>\n<p>&nbsp;<\/p>\n<p>&nbsp;<\/p>","protected":false},"excerpt":{"rendered":"<p>\u0160\u0165avy z\u00a0plodov super ovocia s\u00a0vysok\u00fdm obsahom zdraviu prospe\u0161n\u00fdch l\u00e1tok pre posilnenie imunity. Najlep\u0161ie ovocie je to, ktor\u00e9 dozrelo prirodzen\u00fdm sp\u00f4sobom na slnku a\u00a0da\u017edi s\u00a0l\u00e1skavou starostlivos\u0165ou pestovate\u013eov.<\/p>","protected":false},"featured_media":22375,"comment_status":"open","ping_status":"closed","template":"","meta":[],"product_brand":[277],"product_cat":[275,237,238,239,240,241],"product_tag":[191],"giftcard-category":[],"class_list":{"0":"post-6828","1":"product","2":"type-product","3":"status-publish","4":"has-post-thumbnail","6":"product_brand-tvrdosovske-zlato","7":"product_cat-tvrdosovske-zlato","8":"product_cat-bobulove-stavy","9":"product_cat-rakytnik","10":"product_cat-aronia-bobulove-stavy","11":"product_cat-granat","12":"product_cat-sipka-bobulove-stavy","13":"product_tag-tvrdosovske-zlato","15":"first","16":"instock","17":"taxable","18":"shipping-taxable","19":"purchasable","20":"product-type-variable"},"_links":{"self":[{"href":"https:\/\/zlatyrakytnik.sk\/hu\/wp-json\/wp\/v2\/product\/6828","targetHints":{"allow":["GET"]}}],"collection":[{"href":"https:\/\/zlatyrakytnik.sk\/hu\/wp-json\/wp\/v2\/product"}],"about":[{"href":"https:\/\/zlatyrakytnik.sk\/hu\/wp-json\/wp\/v2\/types\/product"}],"replies":[{"embeddable":true,"href":"https:\/\/zlatyrakytnik.sk\/hu\/wp-json\/wp\/v2\/comments?post=6828"}],"wp:featuredmedia":[{"embeddable":true,"href":"https:\/\/zlatyrakytnik.sk\/hu\/wp-json\/wp\/v2\/media\/22375"}],"wp:attachment":[{"href":"https:\/\/zlatyrakytnik.sk\/hu\/wp-json\/wp\/v2\/media?parent=6828"}],"wp:term":[{"taxonomy":"product_brand","embeddable":true,"href":"https:\/\/zlatyrakytnik.sk\/hu\/wp-json\/wp\/v2\/product_brand?post=6828"},{"taxonomy":"product_cat","embeddable":true,"href":"https:\/\/zlatyrakytnik.sk\/hu\/wp-json\/wp\/v2\/product_cat?post=6828"},{"taxonomy":"product_tag","embeddable":true,"href":"https:\/\/zlatyrakytnik.sk\/hu\/wp-json\/wp\/v2\/product_tag?post=6828"},{"taxonomy":"giftcard-category","embeddable":true,"href":"https:\/\/zlatyrakytnik.sk\/hu\/wp-json\/wp\/v2\/giftcard-category?post=6828"}],"curies":[{"name":"wp","href":"https:\/\/api.w.org\/{rel}","templated":true}]}}