{"id":9611,"date":"2021-02-23T14:30:23","date_gmt":"2021-02-23T13:30:23","guid":{"rendered":"https:\/\/zlatyrakytnik.sk\/?post_type=product&#038;p=9611"},"modified":"2026-01-09T11:18:13","modified_gmt":"2026-01-09T10:18:13","slug":"100-jablkova-stava-s-bio-aroniou","status":"publish","type":"product","link":"https:\/\/zlatyrakytnik.sk\/hu\/termek\/100-jablkova-stava-s-bio-aroniou\/","title":{"rendered":"100% Jablkov\u00e1 \u0161\u0165ava s Bio ar\u00f3niou"},"content":{"rendered":"<p>Zlo\u017eenie: jablkov\u00e1 \u0161\u0165ava 94%, bio \u0161\u00b4tava z ar\u00f3nie 6%<\/p>\n<table width=\"352\">\n<tbody>\n<tr>\n<td style=\"text-align: left;\" colspan=\"5\"><strong>V\u00fd\u017eivov\u00e9 hodnoty v 100ml:<\/strong><\/td>\n<\/tr>\n<tr>\n<td style=\"text-align: left;\" colspan=\"4\">Energetick\u00e1 hodnota<\/td>\n<td style=\"text-align: right;\">257kJ\/60kcal<\/td>\n<\/tr>\n<tr>\n<td style=\"text-align: left;\" colspan=\"4\">Tuky<\/td>\n<td style=\"text-align: right;\">0,42g<\/td>\n<\/tr>\n<tr>\n<td style=\"text-align: left;\" colspan=\"4\">z toho nas\u00fdten\u00e9 mastn\u00e9 kyseliny<\/td>\n<td style=\"text-align: right;\">0,15g<\/td>\n<\/tr>\n<tr>\n<td style=\"text-align: left;\" colspan=\"4\">Sacharidy<\/td>\n<td style=\"text-align: right;\">14,25g<\/td>\n<\/tr>\n<tr>\n<td style=\"text-align: left;\" colspan=\"4\">z toho cukry<\/td>\n<td style=\"text-align: right;\">13,60g<\/td>\n<\/tr>\n<tr>\n<td style=\"text-align: left;\" colspan=\"4\">Vl\u00e1knina<\/td>\n<td style=\"text-align: right;\">0,40g<\/td>\n<\/tr>\n<tr>\n<td style=\"text-align: left;\" colspan=\"4\">Bielkoviny<\/td>\n<td style=\"text-align: right;\">0,19g<\/td>\n<\/tr>\n<tr>\n<td style=\"text-align: left;\" colspan=\"4\">So\u013e<\/td>\n<td style=\"text-align: right;\">0,00g<\/td>\n<\/tr>\n<\/tbody>\n<\/table>","protected":false},"excerpt":{"rendered":"<p>\u010cist\u00e1 jablkov\u00e1 \u0161\u0165ava s\u00a0Bio \u0161\u0165avou z\u00a0plodov ar\u00f3nie bohat\u00fdch na antioxidanty a\u00a0vitam\u00edny. \u0160\u0165ava je lisovan\u00e1 za studena z\u00a0\u010derstv\u00e9ho ovocia z\u00a0Tvrdo\u0161ovsk\u00fdch sadov. LEN OVOCIE! Bez pr\u00eddavn\u00fdch l\u00e1tok. \u0160etrne pasterizovan\u00e1, nefiltrovan\u00e1. Ovocn\u00e1 du\u017eina\/sediment s\u00fa prirodzenou s\u00fa\u010das\u0165ou ovocnej \u0161\u0165avy bohatej na vl\u00e1kninu.<\/p>","protected":false},"featured_media":11286,"comment_status":"open","ping_status":"closed","template":"","meta":[],"product_brand":[277],"product_cat":[275,243,244,246],"product_tag":[191],"giftcard-category":[],"class_list":{"0":"post-9611","1":"product","2":"type-product","3":"status-publish","4":"has-post-thumbnail","6":"product_brand-tvrdosovske-zlato","7":"product_cat-tvrdosovske-zlato","8":"product_cat-prirodne-ovocne-stavy","9":"product_cat-jablko","10":"product_cat-aronia-ovocne-stavy-2","11":"product_tag-tvrdosovske-zlato","13":"first","14":"instock","15":"taxable","16":"shipping-taxable","17":"purchasable","18":"product-type-variable"},"_links":{"self":[{"href":"https:\/\/zlatyrakytnik.sk\/hu\/wp-json\/wp\/v2\/product\/9611","targetHints":{"allow":["GET"]}}],"collection":[{"href":"https:\/\/zlatyrakytnik.sk\/hu\/wp-json\/wp\/v2\/product"}],"about":[{"href":"https:\/\/zlatyrakytnik.sk\/hu\/wp-json\/wp\/v2\/types\/product"}],"replies":[{"embeddable":true,"href":"https:\/\/zlatyrakytnik.sk\/hu\/wp-json\/wp\/v2\/comments?post=9611"}],"wp:featuredmedia":[{"embeddable":true,"href":"https:\/\/zlatyrakytnik.sk\/hu\/wp-json\/wp\/v2\/media\/11286"}],"wp:attachment":[{"href":"https:\/\/zlatyrakytnik.sk\/hu\/wp-json\/wp\/v2\/media?parent=9611"}],"wp:term":[{"taxonomy":"product_brand","embeddable":true,"href":"https:\/\/zlatyrakytnik.sk\/hu\/wp-json\/wp\/v2\/product_brand?post=9611"},{"taxonomy":"product_cat","embeddable":true,"href":"https:\/\/zlatyrakytnik.sk\/hu\/wp-json\/wp\/v2\/product_cat?post=9611"},{"taxonomy":"product_tag","embeddable":true,"href":"https:\/\/zlatyrakytnik.sk\/hu\/wp-json\/wp\/v2\/product_tag?post=9611"},{"taxonomy":"giftcard-category","embeddable":true,"href":"https:\/\/zlatyrakytnik.sk\/hu\/wp-json\/wp\/v2\/giftcard-category?post=9611"}],"curies":[{"name":"wp","href":"https:\/\/api.w.org\/{rel}","templated":true}]}}